{"id":65119,"date":"2025-09-13T20:12:25","date_gmt":"2025-09-13T20:12:25","guid":{"rendered":"https:\/\/www.2027.staging.dyrsan.fr\/?post_type=product&#038;p=65119"},"modified":"2026-04-03T17:51:32","modified_gmt":"2026-04-03T17:51:32","slug":"regleur-en-metal-dore-20-mm","status":"publish","type":"product","link":"https:\/\/staging.dyrsan.fr\/pt\/shop\/regleur-en-metal-dore-20-mm\/","title":{"rendered":"Ajustador de metal dourado de 20 mm"},"content":{"rendered":"<p>Ce r\u00e9gleur en m\u00e9tal dor\u00e9 20 mm permet un ajustement fiable et pr\u00e9cis des bandes textiles. Sa finition brillante assure une tenue durable et une finition professionnelle pour les cr\u00e9ations baln\u00e9aires et techniques.<\/p>\n<p>&nbsp;<\/p>\n<p><strong>Especifica\u00e7\u00f5es t\u00e9cnicas:<\/strong><\/p>\n<p>R\u00e9f\u00e9rence : DY4908<br \/>\nMaterial(is): Metal<br \/>\nCor: dourado<br \/>\nTaille : 20 \u00d7 8 mm<br \/>\nPeso : 13 g<\/p>\n<p>&nbsp;<\/p>\n<p><strong>Carater\u00edsticas t\u00e9cnicas:<\/strong><br \/>\nResistente \u00e0 ferrugem<br \/>\nResistente \u00e0 \u00e1gua do mar e \u00e0 transpira\u00e7\u00e3o<br \/>\nN\u00e3o descolora<br \/>\nSem arestas vivas (n\u00e3o irritante)<br \/>\nElevada durabilidade (mesmo quando cosido ou exposto ao sol)<\/p>\n<p>Vendido em embalagens de 100 \/ Entrega em 15-20 dias<\/p>","protected":false},"excerpt":{"rendered":"<p>Ce r\u00e9gleur en m\u00e9tal dor\u00e9 20 mm permet un ajustement fiable et pr\u00e9cis des bandes textiles. Sa finition brillante assure une tenue durable et une finition professionnelle pour les cr\u00e9ations baln\u00e9aires et techniques.<\/p>\n<p>&nbsp;<\/p>\n<p><strong>Especifica\u00e7\u00f5es t\u00e9cnicas:<\/strong><\/p>\n<p>R\u00e9f\u00e9rence : DY4908<br \/>\nMaterial(is): Metal<br \/>\nCor: dourado<br \/>\nTaille : 20 \u00d7 8 mm<br \/>\nPeso : 13 g<\/p>\n<p>&nbsp;<\/p>\n<p><strong>Carater\u00edsticas t\u00e9cnicas:<\/strong><br \/>\nResistente \u00e0 ferrugem<br \/>\nResistente \u00e0 \u00e1gua do mar e \u00e0 transpira\u00e7\u00e3o<br \/>\nN\u00e3o descolora<br \/>\nSem arestas vivas (n\u00e3o irritante)<br \/>\nElevada durabilidade (mesmo quando cosido ou exposto ao sol)<\/p>\n<p>Vendido em embalagens de 100 \/ Entrega em 15-20 dias<\/p>","protected":false},"featured_media":61607,"comment_status":"closed","ping_status":"closed","template":"","meta":[],"product_brand":[],"product_cat":[140,435],"product_tag":[454],"class_list":{"0":"post-65119","1":"product","2":"type-product","3":"status-publish","4":"has-post-thumbnail","6":"product_cat-accessoires","7":"product_cat-regleurs","8":"product_tag-regleur","9":"product_shipping_class-1-a-2kg","11":"first","12":"instock","13":"taxable","14":"shipping-taxable","15":"purchasable","16":"product-type-simple"},"_links":{"self":[{"href":"https:\/\/staging.dyrsan.fr\/pt\/wp-json\/wp\/v2\/product\/65119","targetHints":{"allow":["GET"]}}],"collection":[{"href":"https:\/\/staging.dyrsan.fr\/pt\/wp-json\/wp\/v2\/product"}],"about":[{"href":"https:\/\/staging.dyrsan.fr\/pt\/wp-json\/wp\/v2\/types\/product"}],"replies":[{"embeddable":true,"href":"https:\/\/staging.dyrsan.fr\/pt\/wp-json\/wp\/v2\/comments?post=65119"}],"version-history":[{"count":7,"href":"https:\/\/staging.dyrsan.fr\/pt\/wp-json\/wp\/v2\/product\/65119\/revisions"}],"predecessor-version":[{"id":76340,"href":"https:\/\/staging.dyrsan.fr\/pt\/wp-json\/wp\/v2\/product\/65119\/revisions\/76340"}],"wp:featuredmedia":[{"embeddable":true,"href":"https:\/\/staging.dyrsan.fr\/pt\/wp-json\/wp\/v2\/media\/61607"}],"wp:attachment":[{"href":"https:\/\/staging.dyrsan.fr\/pt\/wp-json\/wp\/v2\/media?parent=65119"}],"wp:term":[{"taxonomy":"product_brand","embeddable":true,"href":"https:\/\/staging.dyrsan.fr\/pt\/wp-json\/wp\/v2\/product_brand?post=65119"},{"taxonomy":"product_cat","embeddable":true,"href":"https:\/\/staging.dyrsan.fr\/pt\/wp-json\/wp\/v2\/product_cat?post=65119"},{"taxonomy":"product_tag","embeddable":true,"href":"https:\/\/staging.dyrsan.fr\/pt\/wp-json\/wp\/v2\/product_tag?post=65119"}],"curies":[{"name":"wp","href":"https:\/\/api.w.org\/{rel}","templated":true}]}}