{"id":62094,"date":"2025-08-28T12:04:31","date_gmt":"2025-08-28T12:04:31","guid":{"rendered":"https:\/\/www.2027.staging.dyrsan.fr\/?post_type=product&#038;p=62094"},"modified":"2026-03-14T11:00:54","modified_gmt":"2026-03-14T11:00:54","slug":"monaco-bikini-dore-a-strass","status":"publish","type":"product","link":"https:\/\/staging.dyrsan.fr\/pt\/shop\/monaco-bikini-dore-a-strass\/","title":{"rendered":"Monaco - Biqu\u00edni com strass dourado"},"content":{"rendered":"<ul>\n<li>Tri\u00e2ngulo elevado<\/li>\n<li>Calcinhas de cobertura m\u00e9dia<\/li>\n<li>Totalmente forrado<\/li>\n<li>Cristais genu\u00ednos<\/li>\n<li>Composi\u00e7\u00e3o: 80% Poliamida, 20% Elastano<\/li>\n<li>Estofo amov\u00edvel<\/li>\n<li>A modelo est\u00e1 a usar um tamanho S \/ 36 FR<\/li>\n<\/ul>","protected":false},"excerpt":{"rendered":"<p>Exale eleg\u00e2ncia e sofistica\u00e7\u00e3o com o nosso conjunto de biqu\u00edni Monaco com strass dourado.<\/p>\n<ul>\n<li>Tri\u00e2ngulo elevado<\/li>\n<li>Calcinhas de cobertura m\u00e9dia<\/li>\n<li>Totalmente forrado<\/li>\n<li>Cristais genu\u00ednos<\/li>\n<li>Composi\u00e7\u00e3o: 80% Poliamida, 20% Elastano<\/li>\n<li>Estofo amov\u00edvel<\/li>\n<li>A modelo est\u00e1 a usar um tamanho S \/ 36 FR<\/li>\n<\/ul>","protected":false},"featured_media":62179,"comment_status":"open","ping_status":"closed","template":"","meta":[],"product_brand":[370],"product_cat":[428],"product_tag":[],"class_list":{"0":"post-62094","1":"product","2":"type-product","3":"status-publish","4":"has-post-thumbnail","6":"product_brand-dyrsan","7":"product_cat-swimwear","9":"first","10":"instock","11":"purchasable","12":"product-type-variable","13":"has-default-attributes"},"_links":{"self":[{"href":"https:\/\/staging.dyrsan.fr\/pt\/wp-json\/wp\/v2\/product\/62094","targetHints":{"allow":["GET"]}}],"collection":[{"href":"https:\/\/staging.dyrsan.fr\/pt\/wp-json\/wp\/v2\/product"}],"about":[{"href":"https:\/\/staging.dyrsan.fr\/pt\/wp-json\/wp\/v2\/types\/product"}],"replies":[{"embeddable":true,"href":"https:\/\/staging.dyrsan.fr\/pt\/wp-json\/wp\/v2\/comments?post=62094"}],"version-history":[{"count":2,"href":"https:\/\/staging.dyrsan.fr\/pt\/wp-json\/wp\/v2\/product\/62094\/revisions"}],"predecessor-version":[{"id":68632,"href":"https:\/\/staging.dyrsan.fr\/pt\/wp-json\/wp\/v2\/product\/62094\/revisions\/68632"}],"wp:featuredmedia":[{"embeddable":true,"href":"https:\/\/staging.dyrsan.fr\/pt\/wp-json\/wp\/v2\/media\/62179"}],"wp:attachment":[{"href":"https:\/\/staging.dyrsan.fr\/pt\/wp-json\/wp\/v2\/media?parent=62094"}],"wp:term":[{"taxonomy":"product_brand","embeddable":true,"href":"https:\/\/staging.dyrsan.fr\/pt\/wp-json\/wp\/v2\/product_brand?post=62094"},{"taxonomy":"product_cat","embeddable":true,"href":"https:\/\/staging.dyrsan.fr\/pt\/wp-json\/wp\/v2\/product_cat?post=62094"},{"taxonomy":"product_tag","embeddable":true,"href":"https:\/\/staging.dyrsan.fr\/pt\/wp-json\/wp\/v2\/product_tag?post=62094"}],"curies":[{"name":"wp","href":"https:\/\/api.w.org\/{rel}","templated":true}]}}