{"id":62093,"date":"2026-03-14T11:00:53","date_gmt":"2026-03-14T11:00:53","guid":{"rendered":"https:\/\/www.2027.staging.dyrsan.fr\/?post_type=product&#038;p=62093"},"modified":"2026-03-14T11:03:18","modified_gmt":"2026-03-14T11:03:18","slug":"baia-maillot-de-bain-asymetrique-rouge-a-fleur-3d","status":"publish","type":"product","link":"https:\/\/staging.dyrsan.fr\/pt\/shop\/baia-maillot-de-bain-asymetrique-rouge-a-fleur-3d\/","title":{"rendered":"Ba\u00efa - Fato de banho vermelho assim\u00e9trico com flores 3D"},"content":{"rendered":"<ul>\n<li>Meia de cobertura m\u00e9dia<\/li>\n<li>Efeito de escultura e revestimento<\/li>\n<li>Poliamida el\u00e1stica vermelha<\/li>\n<li>Totalmente forrado<\/li>\n<li>80 % poliamida, 20 % elastano<\/li>\n<li>O modelo est\u00e1 a usar um tamanho S \/ FR 36<\/li>\n<li>Lo\u00e7\u00f5es, protectores solares, \u00f3leos e cloro podem descolorir este modelo; isto n\u00e3o \u00e9 um defeito de fabrico. Siga as instru\u00e7\u00f5es de manuten\u00e7\u00e3o para manter o seu fato de banho em perfeitas condi\u00e7\u00f5es.<\/li>\n<\/ul>","protected":false},"excerpt":{"rendered":"<p>O fato de banho assim\u00e9trico vermelho com flor 3D escultural \"Baia\" \u00e9 uma escolha \u00fanica e art\u00edstica para quem quer destacar-se da multid\u00e3o. Fabricado em Fran\u00e7a com um tecido italiano el\u00e1stico e esculpido. Use-o como um body com cal\u00e7as em tons.<\/p>\n<p>&nbsp;<\/p>","protected":false},"featured_media":62168,"comment_status":"closed","ping_status":"closed","template":"","meta":[],"product_brand":[370],"product_cat":[428],"product_tag":[],"class_list":{"0":"post-62093","1":"product","2":"type-product","3":"status-publish","4":"has-post-thumbnail","6":"product_brand-dyrsan","7":"product_cat-swimwear","9":"first","10":"instock","11":"taxable","12":"shipping-taxable","13":"purchasable","14":"product-type-variable"},"_links":{"self":[{"href":"https:\/\/staging.dyrsan.fr\/pt\/wp-json\/wp\/v2\/product\/62093","targetHints":{"allow":["GET"]}}],"collection":[{"href":"https:\/\/staging.dyrsan.fr\/pt\/wp-json\/wp\/v2\/product"}],"about":[{"href":"https:\/\/staging.dyrsan.fr\/pt\/wp-json\/wp\/v2\/types\/product"}],"replies":[{"embeddable":true,"href":"https:\/\/staging.dyrsan.fr\/pt\/wp-json\/wp\/v2\/comments?post=62093"}],"version-history":[{"count":1,"href":"https:\/\/staging.dyrsan.fr\/pt\/wp-json\/wp\/v2\/product\/62093\/revisions"}],"predecessor-version":[{"id":67533,"href":"https:\/\/staging.dyrsan.fr\/pt\/wp-json\/wp\/v2\/product\/62093\/revisions\/67533"}],"wp:featuredmedia":[{"embeddable":true,"href":"https:\/\/staging.dyrsan.fr\/pt\/wp-json\/wp\/v2\/media\/62168"}],"wp:attachment":[{"href":"https:\/\/staging.dyrsan.fr\/pt\/wp-json\/wp\/v2\/media?parent=62093"}],"wp:term":[{"taxonomy":"product_brand","embeddable":true,"href":"https:\/\/staging.dyrsan.fr\/pt\/wp-json\/wp\/v2\/product_brand?post=62093"},{"taxonomy":"product_cat","embeddable":true,"href":"https:\/\/staging.dyrsan.fr\/pt\/wp-json\/wp\/v2\/product_cat?post=62093"},{"taxonomy":"product_tag","embeddable":true,"href":"https:\/\/staging.dyrsan.fr\/pt\/wp-json\/wp\/v2\/product_tag?post=62093"}],"curies":[{"name":"wp","href":"https:\/\/api.w.org\/{rel}","templated":true}]}}