{"id":62091,"date":"2025-08-28T12:04:31","date_gmt":"2025-08-28T12:04:31","guid":{"rendered":"https:\/\/www.2027.staging.dyrsan.fr\/?post_type=product&#038;p=62091"},"modified":"2026-03-14T11:00:44","modified_gmt":"2026-03-14T11:00:44","slug":"monaco-bikini-fuchsia-a-strass-2","status":"publish","type":"product","link":"https:\/\/staging.dyrsan.fr\/pt\/shop\/monaco-bikini-fuchsia-a-strass-2\/","title":{"rendered":"Monaco - Biqu\u00edni com strass f\u00facsia"},"content":{"rendered":"<p>Tri\u00e2ngulo elevado<\/p>\n<p>Estofo amov\u00edvel<\/p>\n<p>Calcinhas brasileiras<\/p>\n<p>Composi\u00e7\u00e3o: 80% Poliamida, 20% Elastano<\/p>\n<p>Cristais genu\u00ednos<\/p>\n<p>Totalmente forrado<\/p>\n<p>A modelo est\u00e1 a usar um tamanho S \/ 36 FR<\/p>","protected":false},"excerpt":{"rendered":"<p>Mostre o seu lado Barbie com o nosso biqu\u00edni f\u00facsia \"Monaco\" com strass genu\u00edno. Os strass acrescentam um pormenor glamoroso e apelativo que vai certamente chamar a aten\u00e7\u00e3o.<\/p>\n<p>Tri\u00e2ngulo elevado<br \/>\nEstofo amov\u00edvel<br \/>\nCalcinhas brasileiras<\/p>\n<p>Composi\u00e7\u00e3o: 80% Poliamida, 20% Elastano<\/p>\n<p>Cristais genu\u00ednos<\/p>\n<p>Totalmente forrado<\/p>\n<p>A modelo est\u00e1 a usar um tamanho S \/ 36 FR<\/p>\n<p>&nbsp;<\/p>","protected":false},"featured_media":62164,"comment_status":"closed","ping_status":"closed","template":"","meta":[],"product_brand":[370],"product_cat":[428],"product_tag":[],"class_list":{"0":"post-62091","1":"product","2":"type-product","3":"status-publish","4":"has-post-thumbnail","6":"product_brand-dyrsan","7":"product_cat-swimwear","9":"first","10":"instock","11":"shipping-taxable","12":"purchasable","13":"product-type-variable","14":"has-default-attributes"},"_links":{"self":[{"href":"https:\/\/staging.dyrsan.fr\/pt\/wp-json\/wp\/v2\/product\/62091","targetHints":{"allow":["GET"]}}],"collection":[{"href":"https:\/\/staging.dyrsan.fr\/pt\/wp-json\/wp\/v2\/product"}],"about":[{"href":"https:\/\/staging.dyrsan.fr\/pt\/wp-json\/wp\/v2\/types\/product"}],"replies":[{"embeddable":true,"href":"https:\/\/staging.dyrsan.fr\/pt\/wp-json\/wp\/v2\/comments?post=62091"}],"version-history":[{"count":2,"href":"https:\/\/staging.dyrsan.fr\/pt\/wp-json\/wp\/v2\/product\/62091\/revisions"}],"predecessor-version":[{"id":68630,"href":"https:\/\/staging.dyrsan.fr\/pt\/wp-json\/wp\/v2\/product\/62091\/revisions\/68630"}],"wp:featuredmedia":[{"embeddable":true,"href":"https:\/\/staging.dyrsan.fr\/pt\/wp-json\/wp\/v2\/media\/62164"}],"wp:attachment":[{"href":"https:\/\/staging.dyrsan.fr\/pt\/wp-json\/wp\/v2\/media?parent=62091"}],"wp:term":[{"taxonomy":"product_brand","embeddable":true,"href":"https:\/\/staging.dyrsan.fr\/pt\/wp-json\/wp\/v2\/product_brand?post=62091"},{"taxonomy":"product_cat","embeddable":true,"href":"https:\/\/staging.dyrsan.fr\/pt\/wp-json\/wp\/v2\/product_cat?post=62091"},{"taxonomy":"product_tag","embeddable":true,"href":"https:\/\/staging.dyrsan.fr\/pt\/wp-json\/wp\/v2\/product_tag?post=62091"}],"curies":[{"name":"wp","href":"https:\/\/api.w.org\/{rel}","templated":true}]}}