{"id":62087,"date":"2025-08-28T12:04:30","date_gmt":"2025-08-28T12:04:30","guid":{"rendered":"https:\/\/www.2027.staging.dyrsan.fr\/?post_type=product&#038;p=62087"},"modified":"2026-03-14T11:00:55","modified_gmt":"2026-03-14T11:00:55","slug":"monaco-bikini-orange-a-strass","status":"publish","type":"product","link":"https:\/\/staging.dyrsan.fr\/pt\/shop\/monaco-bikini-orange-a-strass\/","title":{"rendered":"M\u00f3naco - Biqu\u00edni laranja com strass"},"content":{"rendered":"<ul>\n<li>Tri\u00e2ngulo elevado<\/li>\n<li>Estofo amov\u00edvel<\/li>\n<li>Calcinhas brasileiras<\/li>\n<li>Composi\u00e7\u00e3o: 80% Poliamida, 20% Elastano<\/li>\n<li>Cristais genu\u00ednos<\/li>\n<li>Totalmente forrado<\/li>\n<li>A modelo est\u00e1 a usar um tamanho S \/ 36 FR<\/li>\n<\/ul>","protected":false},"excerpt":{"rendered":"<p>Deixe-se seduzir pelo nosso conjunto de biqu\u00edni laranja com strass. A sua figura ser\u00e1 elegantemente real\u00e7ada e ficar\u00e1 deslumbrante ao sol. Os cristais cintilantes d\u00e3o um toque de luxo a este design cl\u00e1ssico.<\/p>\n<p>&nbsp;<\/p>","protected":false},"featured_media":62175,"comment_status":"closed","ping_status":"closed","template":"","meta":[],"product_brand":[370],"product_cat":[428],"product_tag":[164,367],"class_list":{"0":"post-62087","1":"product","2":"type-product","3":"status-publish","4":"has-post-thumbnail","6":"product_brand-dyrsan","7":"product_cat-swimwear","8":"product_tag-bikini","9":"product_tag-collection-2026","11":"first","12":"instock","13":"purchasable","14":"product-type-variable","15":"has-default-attributes"},"_links":{"self":[{"href":"https:\/\/staging.dyrsan.fr\/pt\/wp-json\/wp\/v2\/product\/62087","targetHints":{"allow":["GET"]}}],"collection":[{"href":"https:\/\/staging.dyrsan.fr\/pt\/wp-json\/wp\/v2\/product"}],"about":[{"href":"https:\/\/staging.dyrsan.fr\/pt\/wp-json\/wp\/v2\/types\/product"}],"replies":[{"embeddable":true,"href":"https:\/\/staging.dyrsan.fr\/pt\/wp-json\/wp\/v2\/comments?post=62087"}],"version-history":[{"count":1,"href":"https:\/\/staging.dyrsan.fr\/pt\/wp-json\/wp\/v2\/product\/62087\/revisions"}],"predecessor-version":[{"id":66673,"href":"https:\/\/staging.dyrsan.fr\/pt\/wp-json\/wp\/v2\/product\/62087\/revisions\/66673"}],"wp:featuredmedia":[{"embeddable":true,"href":"https:\/\/staging.dyrsan.fr\/pt\/wp-json\/wp\/v2\/media\/62175"}],"wp:attachment":[{"href":"https:\/\/staging.dyrsan.fr\/pt\/wp-json\/wp\/v2\/media?parent=62087"}],"wp:term":[{"taxonomy":"product_brand","embeddable":true,"href":"https:\/\/staging.dyrsan.fr\/pt\/wp-json\/wp\/v2\/product_brand?post=62087"},{"taxonomy":"product_cat","embeddable":true,"href":"https:\/\/staging.dyrsan.fr\/pt\/wp-json\/wp\/v2\/product_cat?post=62087"},{"taxonomy":"product_tag","embeddable":true,"href":"https:\/\/staging.dyrsan.fr\/pt\/wp-json\/wp\/v2\/product_tag?post=62087"}],"curies":[{"name":"wp","href":"https:\/\/api.w.org\/{rel}","templated":true}]}}