{"id":62071,"date":"2025-08-28T12:04:28","date_gmt":"2025-08-28T12:04:28","guid":{"rendered":"https:\/\/www.2027.staging.dyrsan.fr\/?post_type=product&#038;p=62071"},"modified":"2026-03-14T11:00:58","modified_gmt":"2026-03-14T11:00:58","slug":"dhalia-bikini-en-velours-rouge-a-fleurs","status":"publish","type":"product","link":"https:\/\/staging.dyrsan.fr\/pt\/shop\/dhalia-bikini-en-velours-rouge-a-fleurs\/","title":{"rendered":"Dhalia - Biqu\u00edni de veludo vermelho com flores"},"content":{"rendered":"<p>Biqu\u00edni de veludo vermelho com flores<\/p>\n<ul>\n<li>Tri\u00e2ngulo elevado<\/li>\n<li>Estofo amov\u00edvel<\/li>\n<li>Calcinhas brasileiras<\/li>\n<li>Veludo el\u00e1stico vermelho<\/li>\n<li>Totalmente forrado<\/li>\n<li>Composi\u00e7\u00e3o: 80% Poliamida, 20% Elastano<\/li>\n<li>A modelo est\u00e1 a usar um tamanho S \/ 36 FR<\/li>\n<\/ul>","protected":false},"excerpt":{"rendered":"<p>O nosso biqu\u00edni floral de veludo vermelho \"Dhalia\" apresenta flores esculturais na parte de cima do biqu\u00edni triangular, dando um toque \u00fanico e art\u00edstico a este fato de banho. O tecido de veludo macio oferece uma sensa\u00e7\u00e3o de luxo, enquanto as al\u00e7as ajust\u00e1veis garantem um ajuste confort\u00e1vel. Este conjunto de biqu\u00edni \u00e9 perfeito para quem quer fazer uma declara\u00e7\u00e3o, combinando eleg\u00e2ncia e criatividade.<\/p>","protected":false},"featured_media":62105,"comment_status":"open","ping_status":"closed","template":"","meta":[],"product_brand":[370],"product_cat":[428],"product_tag":[164,367],"class_list":{"0":"post-62071","1":"product","2":"type-product","3":"status-publish","4":"has-post-thumbnail","6":"product_brand-dyrsan","7":"product_cat-swimwear","8":"product_tag-bikini","9":"product_tag-collection-2026","11":"first","12":"instock","13":"purchasable","14":"product-type-variable","15":"has-default-attributes"},"_links":{"self":[{"href":"https:\/\/staging.dyrsan.fr\/pt\/wp-json\/wp\/v2\/product\/62071","targetHints":{"allow":["GET"]}}],"collection":[{"href":"https:\/\/staging.dyrsan.fr\/pt\/wp-json\/wp\/v2\/product"}],"about":[{"href":"https:\/\/staging.dyrsan.fr\/pt\/wp-json\/wp\/v2\/types\/product"}],"replies":[{"embeddable":true,"href":"https:\/\/staging.dyrsan.fr\/pt\/wp-json\/wp\/v2\/comments?post=62071"}],"version-history":[{"count":1,"href":"https:\/\/staging.dyrsan.fr\/pt\/wp-json\/wp\/v2\/product\/62071\/revisions"}],"predecessor-version":[{"id":66659,"href":"https:\/\/staging.dyrsan.fr\/pt\/wp-json\/wp\/v2\/product\/62071\/revisions\/66659"}],"wp:featuredmedia":[{"embeddable":true,"href":"https:\/\/staging.dyrsan.fr\/pt\/wp-json\/wp\/v2\/media\/62105"}],"wp:attachment":[{"href":"https:\/\/staging.dyrsan.fr\/pt\/wp-json\/wp\/v2\/media?parent=62071"}],"wp:term":[{"taxonomy":"product_brand","embeddable":true,"href":"https:\/\/staging.dyrsan.fr\/pt\/wp-json\/wp\/v2\/product_brand?post=62071"},{"taxonomy":"product_cat","embeddable":true,"href":"https:\/\/staging.dyrsan.fr\/pt\/wp-json\/wp\/v2\/product_cat?post=62071"},{"taxonomy":"product_tag","embeddable":true,"href":"https:\/\/staging.dyrsan.fr\/pt\/wp-json\/wp\/v2\/product_tag?post=62071"}],"curies":[{"name":"wp","href":"https:\/\/api.w.org\/{rel}","templated":true}]}}