{"id":69649,"date":"2025-10-27T16:20:43","date_gmt":"2025-10-27T16:20:43","guid":{"rendered":"https:\/\/staging.dyrsan.fr\/?page_id=69649"},"modified":"2026-03-04T20:55:40","modified_gmt":"2026-03-04T20:55:40","slug":"creer-un-compte","status":"publish","type":"page","link":"https:\/\/staging.dyrsan.fr\/pt\/creer-un-compte\/","title":{"rendered":"Criar uma conta"},"content":{"rendered":"<div data-elementor-type=\"wp-page\" data-elementor-id=\"69649\" class=\"elementor elementor-69649\">\n\t\t\t\t<div class=\"elementor-element elementor-element-5b54b228 e-flex e-con-boxed e-con e-parent\" data-id=\"5b54b228\" data-element_type=\"container\" data-e-type=\"container\">\n\t\t\t\t\t<div class=\"e-con-inner\">\n\t\t\t\t<div class=\"elementor-element elementor-element-67c6d45f elementor-widget elementor-widget-text-editor\" data-id=\"67c6d45f\" data-element_type=\"widget\" data-e-type=\"widget\" data-widget_type=\"text-editor.default\">\n\t\t\t\t\t\t\t\t\t<div class=\"mc-auth-wrap mc-auth--register\">\n<div class=\"mc-auth-header\">\n<h2 class=\"mc-auth-title\">Criar uma conta<\/h2>\n<p class=\"mc-auth-subtitle\">Junte-se a n\u00f3s para acompanhar as suas encomendas.<\/p>\n<\/div>\n<section class=\"mc-auth-card\">\n<form method=\"post\" class=\"woocommerce-form woocommerce-form-register register\"\n            action=\"https:\/\/staging.dyrsan.fr\/pt\/mon-compte\/\" data-trp-original-action=\"https:\/\/staging.dyrsan.fr\/pt\/mon-compte\/\" ><\/p>\n<p class=\"form-row\">\n          <label for=\"reg_email\">Correio eletr\u00f3nico <span class=\"required\">*<\/span><\/label><br \/>\n          <input type=\"email\" class=\"input-text\" name=\"email\" id=\"reg_email\" autocomplete=\"email\" placeholder=\"O seu correio eletr\u00f3nico\"\n                 value=\"\" \/>\n        <\/p>\n<p class=\"mc-help\">Ser\u00e1 enviada uma palavra-passe para o seu endere\u00e7o eletr\u00f3nico.<\/p>\n<p>                <wc-order-attribution-inputs><\/wc-order-attribution-inputs><\/p>\n<div class=\"woocommerce-privacy-policy-text\">\n<p>Os seus dados pessoais ser\u00e3o utilizados para o acompanhar durante a sua visita ao s\u00edtio Web, para gerir o acesso \u00e0 sua conta e para outros fins descritos na nossa Pol\u00edtica de Privacidade. <a href=\"https:\/\/staging.dyrsan.fr\/pt\/politique-de-confidentialite\/\" class=\"woocommerce-privacy-policy-link\" target=\"_blank\" data-no-translation=\"\" data-trp-gettext=\"\">pol\u00edtica de privacidade<\/a>.<\/p>\n<\/div>\n<p class=\"form-row mc-actions\">\n          <input type=\"hidden\" id=\"woocommerce-register-nonce\" name=\"woocommerce-register-nonce\" value=\"6d1e297045\" \/><input type=\"hidden\" name=\"_wp_http_referer\" value=\"\/pt\/wp-json\/wp\/v2\/pages\/69649\" \/>          <button type=\"submit\" class=\"button\" name=\"register\" value=\"Cr\u00e9er un compte\">Criar uma conta<\/button>\n        <\/p>\n<\/p><input type=\"hidden\" name=\"trp-form-language\" value=\"pt\"\/><\/form>\n<\/section>\n<div class=\"mc-auth-cta\">\n<p>J\u00e1 \u00e9 cliente? <a class=\"mc-auth-cta__btn\" href=\"https:\/\/staging.dyrsan.fr\/pt\/connexion\/\">Iniciar sess\u00e3o<\/a><\/p>\n<\/div><\/div><\/p>\n\n<p>\u00a0<\/p>\n\t\t\t\t\t\t\t\t<\/div>\n\t\t\t\t\t<\/div>\n\t\t\t\t<\/div>\n\t\t\t\t<\/div>","protected":false},"excerpt":{"rendered":"<p>\u00a0<\/p>","protected":false},"author":1,"featured_media":0,"parent":0,"menu_order":0,"comment_status":"closed","ping_status":"closed","template":"","meta":{"footnotes":""},"class_list":["post-69649","page","type-page","status-publish","hentry"],"_links":{"self":[{"href":"https:\/\/staging.dyrsan.fr\/pt\/wp-json\/wp\/v2\/pages\/69649","targetHints":{"allow":["GET"]}}],"collection":[{"href":"https:\/\/staging.dyrsan.fr\/pt\/wp-json\/wp\/v2\/pages"}],"about":[{"href":"https:\/\/staging.dyrsan.fr\/pt\/wp-json\/wp\/v2\/types\/page"}],"author":[{"embeddable":true,"href":"https:\/\/staging.dyrsan.fr\/pt\/wp-json\/wp\/v2\/users\/1"}],"replies":[{"embeddable":true,"href":"https:\/\/staging.dyrsan.fr\/pt\/wp-json\/wp\/v2\/comments?post=69649"}],"version-history":[{"count":3,"href":"https:\/\/staging.dyrsan.fr\/pt\/wp-json\/wp\/v2\/pages\/69649\/revisions"}],"predecessor-version":[{"id":74727,"href":"https:\/\/staging.dyrsan.fr\/pt\/wp-json\/wp\/v2\/pages\/69649\/revisions\/74727"}],"wp:attachment":[{"href":"https:\/\/staging.dyrsan.fr\/pt\/wp-json\/wp\/v2\/media?parent=69649"}],"curies":[{"name":"wp","href":"https:\/\/api.w.org\/{rel}","templated":true}]}}