{"id":18807,"date":"2021-02-01T11:06:30","date_gmt":"2021-02-01T10:06:30","guid":{"rendered":"https:\/\/www.carinedyrsan.com\/?page_id=18807"},"modified":"2025-12-25T14:54:26","modified_gmt":"2025-12-25T14:54:26","slug":"mentions-legale","status":"publish","type":"page","link":"https:\/\/staging.dyrsan.fr\/pt\/mentions-legale\/","title":{"rendered":"Informa\u00e7\u00e3o jur\u00eddica"},"content":{"rendered":"<div data-elementor-type=\"wp-page\" data-elementor-id=\"18807\" class=\"elementor elementor-18807\">\n\t\t\t\t<div class=\"elementor-element elementor-element-46a6127 e-flex e-con-boxed elementor-invisible e-con e-parent\" data-id=\"46a6127\" data-element_type=\"container\" data-e-type=\"container\" data-settings=\"{&quot;background_background&quot;:&quot;classic&quot;,&quot;animation&quot;:&quot;h-neuron-animation--slideUp&quot;}\">\n\t\t\t\t\t<div class=\"e-con-inner\">\n\t\t\t\t<div class=\"elementor-element elementor-element-92076b8 elementor-invisible elementor-widget elementor-widget-heading\" data-id=\"92076b8\" data-element_type=\"widget\" data-e-type=\"widget\" data-settings=\"{&quot;_animation&quot;:&quot;h-neuron-animation--slideUp&quot;,&quot;_animation_delay&quot;:400}\" data-widget_type=\"heading.default\">\n\t\t\t\t\t<h3 class=\"elementor-heading-title elementor-size-default\">Informa\u00e7\u00f5es<br> legal<\/h3>\t\t\t\t<\/div>\n\t\t\t\t<div class=\"elementor-element elementor-element-0fedafb elementor-invisible elementor-widget elementor-widget-heading\" data-id=\"0fedafb\" data-element_type=\"widget\" data-e-type=\"widget\" data-settings=\"{&quot;_animation&quot;:&quot;h-neuron-animation--slideUp&quot;,&quot;_animation_delay&quot;:200}\" data-widget_type=\"heading.default\">\n\t\t\t\t\t<span class=\"elementor-heading-title elementor-size-default\">da empresa D'Yrsan\n<\/span>\t\t\t\t<\/div>\n\t\t\t\t\t<\/div>\n\t\t\t\t<\/div>\n\t\t<div class=\"elementor-element elementor-element-6711df2 e-con-full e-flex e-con e-parent\" data-id=\"6711df2\" data-element_type=\"container\" data-e-type=\"container\" data-settings=\"{&quot;background_background&quot;:&quot;classic&quot;,&quot;animation&quot;:&quot;none&quot;}\">\n\t\t\t\t<div class=\"elementor-element elementor-element-f2e838d animated-slow elementor-invisible elementor-widget elementor-widget-heading\" data-id=\"f2e838d\" data-element_type=\"widget\" data-e-type=\"widget\" data-settings=\"{&quot;_animation&quot;:&quot;h-neuron-animation--slideUp&quot;}\" data-widget_type=\"heading.default\">\n\t\t\t\t\t<h6 class=\"elementor-heading-title elementor-size-default\">Pre\u00e2mbulo\n<\/h6>\t\t\t\t<\/div>\n\t\t\t\t<div class=\"elementor-element elementor-element-5789078 elementor-widget-mobile__width-initial animated-slow elementor-invisible elementor-widget elementor-widget-text-editor\" data-id=\"5789078\" data-element_type=\"widget\" data-e-type=\"widget\" data-settings=\"{&quot;_animation&quot;:&quot;h-neuron-animation--slideUp&quot;}\" data-widget_type=\"text-editor.default\">\n\t\t\t\t\t\t\t\t\t<p>\u00daltima atualiza\u00e7\u00e3o: 28\/08\/2025<\/p>\t\t\t\t\t\t\t\t<\/div>\n\t\t\t\t<div class=\"elementor-element elementor-element-67f1f58 elementor-widget-mobile__width-initial animated-slow elementor-invisible elementor-widget elementor-widget-text-editor\" data-id=\"67f1f58\" data-element_type=\"widget\" data-e-type=\"widget\" data-settings=\"{&quot;_animation&quot;:&quot;h-neuron-animation--slideUp&quot;}\" data-widget_type=\"text-editor.default\">\n\t\t\t\t\t\t\t\t\t<p>Em virtude do disposto no artigo 6.\u00ba da Lei n.\u00ba 2004-575, de 21 de junho de 2004, relativa \u00e0 confian\u00e7a na economia digital, os utilizadores do s\u00edtio staging.dyrsan.fr s\u00e3o informados da identidade dos diferentes intervenientes na sua cria\u00e7\u00e3o e acompanhamento.<br \/><br \/><\/p><h6>Identifica\u00e7\u00e3o do editor<\/h6><p>O siteestaging.dyrsan.fr \u00e9 editado por D'YRSAN, sociedade registada em Fran\u00e7a sob o n\u00famero 897 537 015. Sede social: 78 avenue des Champs-\u00c9lys\u00e9es, 75008 Paris. N\u00famero de IVA intracomunit\u00e1rio: FR85897537015. Respons\u00e1vel pela publica\u00e7\u00e3o: D'YRSAN - contacto : <a class=\"decorated-link cursor-pointer\" rel=\"noopener\" data-start=\"871\" data-end=\"885\">info@staging.dyrsan.fr<\/a>. Webmaster : Ag\u00eancia Loxence - <a class=\"decorated-link cursor-pointer\" rel=\"noopener\" data-start=\"924\" data-end=\"943\">support@loxence.com<\/a>.<br data-start=\"944\" data-end=\"947\" \/>Hospedagem: OVH, 2 rue Kellermann, BP 80157, 59053 Roubaix Cedex 1.<\/p>\t\t\t\t\t\t\t\t<\/div>\n\t\t\t\t<div class=\"elementor-element elementor-element-979f6f4 elementor-widget elementor-widget-spacer\" data-id=\"979f6f4\" data-element_type=\"widget\" data-e-type=\"widget\" data-widget_type=\"spacer.default\">\n\t\t\t\t\t\t\t<div class=\"elementor-spacer\">\n\t\t\t<div class=\"elementor-spacer-inner\"><\/div>\n\t\t<\/div>\n\t\t\t\t\t\t<\/div>\n\t\t\t\t<div class=\"elementor-element elementor-element-e98fe43 elementor-widget-mobile__width-initial animated-slow elementor-invisible elementor-widget elementor-widget-text-editor\" data-id=\"e98fe43\" data-element_type=\"widget\" data-e-type=\"widget\" data-settings=\"{&quot;_animation&quot;:&quot;h-neuron-animation--slideUp&quot;}\" data-widget_type=\"text-editor.default\">\n\t\t\t\t\t\t\t\t\t<p>Termos e condi\u00e7\u00f5es de utiliza\u00e7\u00e3o<\/p><p>O acesso e a utiliza\u00e7\u00e3o do s\u00edtio Web staging.dyrsan.fr implicam a plena aceita\u00e7\u00e3o das presentes condi\u00e7\u00f5es gerais de utiliza\u00e7\u00e3o. As presentes condi\u00e7\u00f5es gerais de utiliza\u00e7\u00e3o podem ser alteradas ou completadas a qualquer momento, pelo que se recomenda aos utilizadores que as consultem regularmente.<br \/>As informa\u00e7\u00f5es publicadas neste s\u00edtio Web s\u00e3o fornecidas apenas para fins informativos e est\u00e3o sujeitas a altera\u00e7\u00f5es. N\u00e3o s\u00e3o exaustivas e podem ser actualizadas ap\u00f3s a sua coloca\u00e7\u00e3o em linha.<\/p><p>Propriedade intelectual<\/p><p>Todos os elementos acess\u00edveis no s\u00edtio, nomeadamente textos, imagens, gr\u00e1ficos, log\u00f3tipos, \u00edcones, sons e software, s\u00e3o propriedade exclusiva da D'YRSAN ou est\u00e3o sujeitos a um direito de utiliza\u00e7\u00e3o concedido.<br \/>Qualquer reprodu\u00e7\u00e3o, representa\u00e7\u00e3o, modifica\u00e7\u00e3o, publica\u00e7\u00e3o ou adapta\u00e7\u00e3o, total ou parcial, destes elementos, por qualquer processo que seja, \u00e9 proibida sem a autoriza\u00e7\u00e3o pr\u00e9via por escrito da D'YRSAN. Qualquer utiliza\u00e7\u00e3o n\u00e3o autorizada constituir\u00e1 uma infra\u00e7\u00e3o, pun\u00edvel em conformidade com os artigos L.335-2 e seguintes do C\u00f3digo da Propriedade Intelectual franc\u00eas.<\/p><p>Limita\u00e7\u00e3o da responsabilidade<\/p><p>A D'YRSAN n\u00e3o pode ser responsabilizada por danos diretos ou indirectos causados ao equipamento do utilizador durante o acesso ao site, resultantes quer da utiliza\u00e7\u00e3o de equipamento inadequado, quer do aparecimento de um bug ou de uma incompatibilidade.<br \/>A D'YRSAN n\u00e3o pode ser responsabilizada por danos indirectos, tais como perda de mercado, perda de oportunidade ou qualquer outra perda resultante da utiliza\u00e7\u00e3o do s\u00edtio.<br \/>Est\u00e3o dispon\u00edveis aos utilizadores espa\u00e7os interactivos. A D'YRSAN reserva-se o direito de eliminar, sem aviso pr\u00e9vio, qualquer conte\u00fado que viole a legisla\u00e7\u00e3o francesa, nomeadamente em mat\u00e9ria de prote\u00e7\u00e3o de dados, ou que seja ofensivo, difamat\u00f3rio, racista, discriminat\u00f3rio ou pornogr\u00e1fico.<\/p><p>Dados pessoais<\/p><p>Os dados pessoais dos utilizadores do site staging.dyrsan.fr s\u00e3o recolhidos e tratados em conformidade com a legisla\u00e7\u00e3o em vigor, nomeadamente a Lei n.\u00ba 78-17 de 6 de janeiro de 1978, alterada, e o Regulamento Geral sobre a Prote\u00e7\u00e3o de Dados (RGPD).<br \/>As informa\u00e7\u00f5es suscept\u00edveis de serem recolhidas incluem o URL de acesso, o fornecedor de acesso e o endere\u00e7o IP do utilizador. Estes dados s\u00f3 s\u00e3o recolhidos para efeitos dos servi\u00e7os oferecidos no s\u00edtio e com o consentimento informado do utilizador.<br \/>De acordo com as disposi\u00e7\u00f5es legais, todos os utilizadores t\u00eam o direito de aceder, retificar, opor-se e apagar os dados que lhes dizem respeito. Estes direitos podem ser exercidos atrav\u00e9s do envio de uma mensagem de correio eletr\u00f3nico para contact@staging.dyrsan.fr<br \/>acompanhado de uma c\u00f3pia de um documento de identidade assinado.<br \/>Nenhum dado pessoal \u00e9 publicado, trocado ou transferido sem o consentimento do utilizador, exceto em caso de transfer\u00eancia da empresa D'YRSAN, caso em que o cession\u00e1rio estar\u00e1 sujeito \u00e0s mesmas obriga\u00e7\u00f5es.<\/p><p>Hiperliga\u00e7\u00f5es e cookies<\/p><p>O s\u00edtio pode conter liga\u00e7\u00f5es de hipertexto para outros s\u00edtios. A D'YRSAN n\u00e3o tem qualquer controlo sobre estes conte\u00fados e n\u00e3o assume qualquer responsabilidade pelas informa\u00e7\u00f5es neles contidas.<br \/>Os cookies s\u00e3o utilizados para melhorar a experi\u00eancia de navega\u00e7\u00e3o e para medir a audi\u00eancia. Os utilizadores podem desativar os cookies nas defini\u00e7\u00f5es do seu browser, embora isso possa afetar certas fun\u00e7\u00f5es do s\u00edtio.<\/p><p>Direito aplic\u00e1vel e jurisdi\u00e7\u00e3o<\/p><p>Qualquer lit\u00edgio relativo \u00e0 utiliza\u00e7\u00e3o do s\u00edtio staging.dyrsan.fr \u00e9 regido pelo direito franc\u00eas. A compet\u00eancia exclusiva \u00e9 atribu\u00edda aos tribunais da jurisdi\u00e7\u00e3o da Corte de Apela\u00e7\u00e3o de Paris.<\/p><p>Defini\u00e7\u00f5es<\/p><p>Utilizador: qualquer pessoa que aceda e navegue no s\u00edtio.<\/p><p>Informa\u00e7\u00e3o pessoal: qualquer dado que permita a identifica\u00e7\u00e3o direta ou indireta de uma pessoa singular, na ace\u00e7\u00e3o do artigo 4.\u00ba da Lei n.\u00ba 78-17, de 6 de janeiro de 1978.<\/p>\t\t\t\t\t\t\t\t<\/div>\n\t\t\t\t<div class=\"elementor-element elementor-element-1cb398c elementor-widget elementor-widget-spacer\" data-id=\"1cb398c\" data-element_type=\"widget\" data-e-type=\"widget\" data-widget_type=\"spacer.default\">\n\t\t\t\t\t\t\t<div class=\"elementor-spacer\">\n\t\t\t<div class=\"elementor-spacer-inner\"><\/div>\n\t\t<\/div>\n\t\t\t\t\t\t<\/div>\n\t\t\t\t<div class=\"elementor-element elementor-element-8ba904f elementor-widget elementor-widget-spacer\" data-id=\"8ba904f\" data-element_type=\"widget\" data-e-type=\"widget\" data-widget_type=\"spacer.default\">\n\t\t\t\t\t\t\t<div class=\"elementor-spacer\">\n\t\t\t<div class=\"elementor-spacer-inner\"><\/div>\n\t\t<\/div>\n\t\t\t\t\t\t<\/div>\n\t\t\t\t<\/div>\n\t\t\t\t<\/div>","protected":false},"excerpt":{"rendered":"<p>Mentions l\u00e9gale de la soci\u00e9t\u00e9 D\u2019Yrsan Pr\u00e9ambule Derni\u00e8re mise \u00e0 jour : 28\/08\/2025 En vertu des dispositions de l\u2019article 6 de la loi n\u00b0 2004-575 du 21 juin 2004 pour la confiance dans l\u2019\u00e9conomie num\u00e9rique, il est pr\u00e9cis\u00e9 aux utilisateurs du site staging.dyrsan.fr l\u2019identit\u00e9 des diff\u00e9rents intervenants dans le cadre de sa r\u00e9alisation et de&#8230;<\/p>","protected":false},"author":1,"featured_media":0,"parent":0,"menu_order":0,"comment_status":"closed","ping_status":"closed","template":"","meta":{"footnotes":""},"class_list":["post-18807","page","type-page","status-publish","hentry"],"_links":{"self":[{"href":"https:\/\/staging.dyrsan.fr\/pt\/wp-json\/wp\/v2\/pages\/18807","targetHints":{"allow":["GET"]}}],"collection":[{"href":"https:\/\/staging.dyrsan.fr\/pt\/wp-json\/wp\/v2\/pages"}],"about":[{"href":"https:\/\/staging.dyrsan.fr\/pt\/wp-json\/wp\/v2\/types\/page"}],"author":[{"embeddable":true,"href":"https:\/\/staging.dyrsan.fr\/pt\/wp-json\/wp\/v2\/users\/1"}],"replies":[{"embeddable":true,"href":"https:\/\/staging.dyrsan.fr\/pt\/wp-json\/wp\/v2\/comments?post=18807"}],"version-history":[{"count":9,"href":"https:\/\/staging.dyrsan.fr\/pt\/wp-json\/wp\/v2\/pages\/18807\/revisions"}],"predecessor-version":[{"id":71799,"href":"https:\/\/staging.dyrsan.fr\/pt\/wp-json\/wp\/v2\/pages\/18807\/revisions\/71799"}],"wp:attachment":[{"href":"https:\/\/staging.dyrsan.fr\/pt\/wp-json\/wp\/v2\/media?parent=18807"}],"curies":[{"name":"wp","href":"https:\/\/api.w.org\/{rel}","templated":true}]}}