{"id":76563,"date":"2026-04-16T12:34:54","date_gmt":"2026-04-16T12:34:54","guid":{"rendered":"https:\/\/staging.dyrsan.fr\/?post_type=product&#038;p=76563"},"modified":"2026-04-16T12:36:10","modified_gmt":"2026-04-16T12:36:10","slug":"passant-metal-dore-en-forme-de-serpent-50pc","status":"publish","type":"product","link":"https:\/\/staging.dyrsan.fr\/it\/shop\/passant-metal-dore-en-forme-de-serpent-50pc\/","title":{"rendered":"Passant m\u00e9tal dor\u00e9 en forme de serpent 50pc"},"content":{"rendered":"<p>Ce passant m\u00e9tal dor\u00e9 en forme de serpent apporte une touche audacieuse et raffin\u00e9e aux cr\u00e9ations de maillots de bain.<\/p>\n<p><strong>Specifiche tecniche:<\/strong><\/p>\n<p>R\u00e9f\u00e9rence : DY1961<br \/>\nColore: Oro<br \/>\nMotivo : Serpente<br \/>\nDimensions : 4,5 cm \u00d7 2 cm<br \/>\nPeso: 0,006 kg<\/p>","protected":false},"excerpt":{"rendered":"<p>Ce passant m\u00e9tal dor\u00e9 en forme de serpent apporte une touche audacieuse et raffin\u00e9e aux cr\u00e9ations de maillots de bain.<\/p>\n<p><strong>Specifiche tecniche:<\/strong><\/p>\n<p>R\u00e9f\u00e9rence : DY1961<br \/>\nColore: Oro<br \/>\nMotivo : Serpente<br \/>\nDimensions : 4,5 cm \u00d7 2 cm<br \/>\nPeso: 0,006 kg<\/p>","protected":false},"featured_media":72797,"comment_status":"open","ping_status":"closed","template":"","meta":[],"product_brand":[370],"product_cat":[140,212],"product_tag":[],"class_list":{"0":"post-76563","1":"product","2":"type-product","3":"status-publish","4":"has-post-thumbnail","6":"product_brand-dyrsan","7":"product_cat-accessoires","8":"product_cat-passants","10":"first","11":"instock","12":"taxable","13":"shipping-taxable","14":"purchasable","15":"product-type-simple"},"_links":{"self":[{"href":"https:\/\/staging.dyrsan.fr\/it\/wp-json\/wp\/v2\/product\/76563","targetHints":{"allow":["GET"]}}],"collection":[{"href":"https:\/\/staging.dyrsan.fr\/it\/wp-json\/wp\/v2\/product"}],"about":[{"href":"https:\/\/staging.dyrsan.fr\/it\/wp-json\/wp\/v2\/types\/product"}],"replies":[{"embeddable":true,"href":"https:\/\/staging.dyrsan.fr\/it\/wp-json\/wp\/v2\/comments?post=76563"}],"version-history":[{"count":3,"href":"https:\/\/staging.dyrsan.fr\/it\/wp-json\/wp\/v2\/product\/76563\/revisions"}],"predecessor-version":[{"id":76566,"href":"https:\/\/staging.dyrsan.fr\/it\/wp-json\/wp\/v2\/product\/76563\/revisions\/76566"}],"wp:featuredmedia":[{"embeddable":true,"href":"https:\/\/staging.dyrsan.fr\/it\/wp-json\/wp\/v2\/media\/72797"}],"wp:attachment":[{"href":"https:\/\/staging.dyrsan.fr\/it\/wp-json\/wp\/v2\/media?parent=76563"}],"wp:term":[{"taxonomy":"product_brand","embeddable":true,"href":"https:\/\/staging.dyrsan.fr\/it\/wp-json\/wp\/v2\/product_brand?post=76563"},{"taxonomy":"product_cat","embeddable":true,"href":"https:\/\/staging.dyrsan.fr\/it\/wp-json\/wp\/v2\/product_cat?post=76563"},{"taxonomy":"product_tag","embeddable":true,"href":"https:\/\/staging.dyrsan.fr\/it\/wp-json\/wp\/v2\/product_tag?post=76563"}],"curies":[{"name":"wp","href":"https:\/\/api.w.org\/{rel}","templated":true}]}}