{"id":75842,"date":"2026-04-03T14:54:44","date_gmt":"2026-04-03T14:54:44","guid":{"rendered":"https:\/\/staging.dyrsan.fr\/?post_type=product&#038;p=75842"},"modified":"2026-04-14T12:30:17","modified_gmt":"2026-04-14T12:30:17","slug":"passant-feuille-ginkgo-en-metal-dore","status":"publish","type":"product","link":"https:\/\/staging.dyrsan.fr\/it\/shop\/passant-feuille-ginkgo-en-metal-dore\/","title":{"rendered":"Anello a forma di foglia di ginkgo in metallo dorato"},"content":{"rendered":"<p>Passant feuille ginkgo en m\u00e9tal dor\u00e9 \u2014 pi\u00e8ce d&rsquo;assemblage d\u00e9corative et fonctionnelle pour bikini bandeau, top \u00e0 lacets, d\u00e9coration de d\u00e9collet\u00e9. Design double feuille de ginkgo, disponible or et argent. Finition soign\u00e9e garantissant une tenue durable, y compris en milieu baln\u00e9aire.<br \/>\n&nbsp;<br \/>\nSpecifiche tecniche :<br \/>\nR\u00e9f\u00e9rence : DY8295<br \/>\nMateriale(i): metallo (lega di zinco)<br \/>\nColore: oro<br \/>\nDimensions : 67 \u00d7 36 mm<br \/>\nPoids : 22.8g<br \/>\n&nbsp;<br \/>\nPropriet\u00e0 tecniche :<br \/>\nResistente alla ruggine<br \/>\nResistente all'acqua di mare e al sudore<br \/>\nNon scolorisce<br \/>\nSenza bordi taglienti (non irritante)<br \/>\nElevata durata (anche se cucito o esposto al sole)<br \/>\nVenduto in confezioni da 100 \/ Consegna in 15-20 giorni<\/p>","protected":false},"excerpt":{"rendered":"<p>Passant feuille ginkgo en m\u00e9tal dor\u00e9 \u2014 pi\u00e8ce d&rsquo;assemblage d\u00e9corative et fonctionnelle pour bikini bandeau, top \u00e0 lacets, d\u00e9coration de d\u00e9collet\u00e9. Design double feuille de ginkgo, disponible or et argent. Finition soign\u00e9e garantissant une tenue durable, y compris en milieu baln\u00e9aire.<br \/>\n&nbsp;<br \/>\nSpecifiche tecniche :<br \/>\nR\u00e9f\u00e9rence : DY8295<br \/>\nMateriale(i): metallo (lega di zinco)<br \/>\nColore: oro<br \/>\nDimensions : 67 \u00d7 36 mm<br \/>\nPoids : 22.8g<br \/>\n&nbsp;<br \/>\nPropriet\u00e0 tecniche :<br \/>\nResistente alla ruggine<br \/>\nResistente all'acqua di mare e al sudore<br \/>\nNon scolorisce<br \/>\nSenza bordi taglienti (non irritante)<br \/>\nElevata durata (anche se cucito o esposto al sole)<br \/>\nVenduto in confezioni da 100 \/ Consegna in 15-20 giorni<\/p>","protected":false},"featured_media":76531,"comment_status":"open","ping_status":"closed","template":"","meta":[],"product_brand":[],"product_cat":[140,149],"product_tag":[],"class_list":{"0":"post-75842","1":"product","2":"type-product","3":"status-publish","4":"has-post-thumbnail","6":"product_cat-accessoires","7":"product_cat-connecteurs","9":"first","10":"instock","11":"taxable","12":"shipping-taxable","13":"purchasable","14":"product-type-simple"},"_links":{"self":[{"href":"https:\/\/staging.dyrsan.fr\/it\/wp-json\/wp\/v2\/product\/75842","targetHints":{"allow":["GET"]}}],"collection":[{"href":"https:\/\/staging.dyrsan.fr\/it\/wp-json\/wp\/v2\/product"}],"about":[{"href":"https:\/\/staging.dyrsan.fr\/it\/wp-json\/wp\/v2\/types\/product"}],"replies":[{"embeddable":true,"href":"https:\/\/staging.dyrsan.fr\/it\/wp-json\/wp\/v2\/comments?post=75842"}],"version-history":[{"count":3,"href":"https:\/\/staging.dyrsan.fr\/it\/wp-json\/wp\/v2\/product\/75842\/revisions"}],"predecessor-version":[{"id":76535,"href":"https:\/\/staging.dyrsan.fr\/it\/wp-json\/wp\/v2\/product\/75842\/revisions\/76535"}],"wp:featuredmedia":[{"embeddable":true,"href":"https:\/\/staging.dyrsan.fr\/it\/wp-json\/wp\/v2\/media\/76531"}],"wp:attachment":[{"href":"https:\/\/staging.dyrsan.fr\/it\/wp-json\/wp\/v2\/media?parent=75842"}],"wp:term":[{"taxonomy":"product_brand","embeddable":true,"href":"https:\/\/staging.dyrsan.fr\/it\/wp-json\/wp\/v2\/product_brand?post=75842"},{"taxonomy":"product_cat","embeddable":true,"href":"https:\/\/staging.dyrsan.fr\/it\/wp-json\/wp\/v2\/product_cat?post=75842"},{"taxonomy":"product_tag","embeddable":true,"href":"https:\/\/staging.dyrsan.fr\/it\/wp-json\/wp\/v2\/product_tag?post=75842"}],"curies":[{"name":"wp","href":"https:\/\/api.w.org\/{rel}","templated":true}]}}