{"id":75836,"date":"2026-04-03T14:54:30","date_gmt":"2026-04-03T14:54:30","guid":{"rendered":"https:\/\/staging.dyrsan.fr\/?post_type=product&#038;p=75836"},"modified":"2026-04-14T11:53:49","modified_gmt":"2026-04-14T11:53:49","slug":"mousqueton-epingle-courbe-en-metal-dore","status":"publish","type":"product","link":"https:\/\/staging.dyrsan.fr\/it\/shop\/mousqueton-epingle-courbe-en-metal-dore\/","title":{"rendered":"Spilla a moschettone curva in metallo placcato oro"},"content":{"rendered":"<p>Mousqueton \u00e9pingle courbe en m\u00e9tal dor\u00e9 \u2014 pi\u00e8ce d&rsquo;assemblage d\u00e9corative et fonctionnelle pour robe drap\u00e9e, top asym\u00e9trique, accessoire de taille. Design \u00e9pingle mousqueton courbe massive. Finition soign\u00e9e garantissant une tenue durable, y compris en milieu baln\u00e9aire.<\/p>\n<p>&nbsp;<\/p>\n<p><strong>Specifiche tecniche :<\/strong><\/p>\n<p>R\u00e9f\u00e9rence : DY8380<br \/>\nMateriale(i): metallo (lega di zinco)<br \/>\nColore: oro<br \/>\nDimensions : 80 \u00d7 38 mm<br \/>\nPoids : 42.3g<\/p>\n<p>&nbsp;<\/p>\n<p><strong>Propriet\u00e0 tecniche :<\/strong><br \/>\nResistente alla ruggine<br \/>\nResistente all'acqua di mare e al sudore<br \/>\nNon scolorisce<br \/>\nSenza bordi taglienti (non irritante)<br \/>\nElevata durata (anche se cucito o esposto al sole)<\/p>\n<p>Venduto in confezioni da 100 \/ Consegna in 15-20 giorni<\/p>","protected":false},"excerpt":{"rendered":"<p>Mousqueton \u00e9pingle courbe en m\u00e9tal dor\u00e9 \u2014 pi\u00e8ce d&rsquo;assemblage d\u00e9corative et fonctionnelle pour robe drap\u00e9e, top asym\u00e9trique, accessoire de taille. Design \u00e9pingle mousqueton courbe massive. Finition soign\u00e9e garantissant une tenue durable, y compris en milieu baln\u00e9aire.<br \/>\n&nbsp;<br \/>\nSpecifiche tecniche :<br \/>\nR\u00e9f\u00e9rence : DY8380<br \/>\nMateriale(i): metallo (lega di zinco)<br \/>\nColore: oro<br \/>\nDimensions : 80 \u00d7 38 mm<br \/>\nPoids : 42.3g<br \/>\n&nbsp;<br \/>\nPropriet\u00e0 tecniche :<br \/>\nResistente alla ruggine<br \/>\nResistente all'acqua di mare e al sudore<br \/>\nNon scolorisce<br \/>\nSenza bordi taglienti (non irritante)<br \/>\nElevata durata (anche se cucito o esposto al sole)<br \/>\nVenduto in confezioni da 100 \/ Consegna in 15-20 giorni<\/p>","protected":false},"featured_media":75262,"comment_status":"open","ping_status":"closed","template":"","meta":[],"product_brand":[],"product_cat":[140,149],"product_tag":[],"class_list":{"0":"post-75836","1":"product","2":"type-product","3":"status-publish","4":"has-post-thumbnail","6":"product_cat-accessoires","7":"product_cat-connecteurs","9":"first","10":"instock","11":"taxable","12":"shipping-taxable","13":"purchasable","14":"product-type-simple"},"_links":{"self":[{"href":"https:\/\/staging.dyrsan.fr\/it\/wp-json\/wp\/v2\/product\/75836","targetHints":{"allow":["GET"]}}],"collection":[{"href":"https:\/\/staging.dyrsan.fr\/it\/wp-json\/wp\/v2\/product"}],"about":[{"href":"https:\/\/staging.dyrsan.fr\/it\/wp-json\/wp\/v2\/types\/product"}],"replies":[{"embeddable":true,"href":"https:\/\/staging.dyrsan.fr\/it\/wp-json\/wp\/v2\/comments?post=75836"}],"version-history":[{"count":4,"href":"https:\/\/staging.dyrsan.fr\/it\/wp-json\/wp\/v2\/product\/75836\/revisions"}],"predecessor-version":[{"id":76414,"href":"https:\/\/staging.dyrsan.fr\/it\/wp-json\/wp\/v2\/product\/75836\/revisions\/76414"}],"wp:featuredmedia":[{"embeddable":true,"href":"https:\/\/staging.dyrsan.fr\/it\/wp-json\/wp\/v2\/media\/75262"}],"wp:attachment":[{"href":"https:\/\/staging.dyrsan.fr\/it\/wp-json\/wp\/v2\/media?parent=75836"}],"wp:term":[{"taxonomy":"product_brand","embeddable":true,"href":"https:\/\/staging.dyrsan.fr\/it\/wp-json\/wp\/v2\/product_brand?post=75836"},{"taxonomy":"product_cat","embeddable":true,"href":"https:\/\/staging.dyrsan.fr\/it\/wp-json\/wp\/v2\/product_cat?post=75836"},{"taxonomy":"product_tag","embeddable":true,"href":"https:\/\/staging.dyrsan.fr\/it\/wp-json\/wp\/v2\/product_tag?post=75836"}],"curies":[{"name":"wp","href":"https:\/\/api.w.org\/{rel}","templated":true}]}}