{"id":75807,"date":"2026-04-03T13:43:14","date_gmt":"2026-04-03T13:43:14","guid":{"rendered":"https:\/\/staging.dyrsan.fr\/?post_type=product&#038;p=75807"},"modified":"2026-04-14T12:05:15","modified_gmt":"2026-04-14T12:05:15","slug":"tissu-lycra-motifs-serpents-rouleau-50m","status":"publish","type":"product","link":"https:\/\/staging.dyrsan.fr\/it\/shop\/tissu-lycra-motifs-serpents-rouleau-50m\/","title":{"rendered":"Tissu lycra motifs serpents \u2014 Rouleau 50M"},"content":{"rendered":"<p>Tissu lycra motifs serpents extensible, adapt\u00e9 \u00e0 la confection de cr\u00e9ations textiles extensibles. Ce tissu lycra \u00e0 motifs serpents pr\u00e9sente un grammage de 200 g\/m\u00b2.<\/p>\n<p>&nbsp;<\/p>\n<p><strong>Specifiche tecniche:<\/strong><br \/>\nR\u00e9f\u00e9rence : DY2185<br \/>\nComposition : 92 % nylon, 8 % spandex<br \/>\nPeso: 200 g\/m\u00b2.<br \/>\nLarghezza: 120 cm<br \/>\nPropriet\u00e0: estensibile<br \/>\n<b style=\"font-family: wash;font-size: 30px\"><img class=\"alignnone wp-image-67583\" src=\"https:\/\/staging.dyrsan.fr\/wp-content\/uploads\/2025\/08\/instru-1.jpeg\" alt=\"\" width=\"153\" height=\"42\" loading=\"lazy\" decoding=\"async\" title=\"\" srcset=\"https:\/\/staging.dyrsan.fr\/wp-content\/uploads\/2025\/08\/instru-1.jpeg 698w, https:\/\/staging.dyrsan.fr\/wp-content\/uploads\/2025\/08\/instru-1-18x5.jpeg 18w\" sizes=\"auto, (max-width: 153px) 100vw, 153px\" \/><\/b><\/p>","protected":false},"excerpt":{"rendered":"<p>Tissu lycra motifs serpents extensible, adapt\u00e9 \u00e0 la confection de cr\u00e9ations textiles extensibles. Ce tissu lycra \u00e0 motifs serpents pr\u00e9sente un grammage de 200 g\/m\u00b2.<\/p>\n<p>&nbsp;<\/p>\n<p><strong>Specifiche tecniche:<\/strong><br \/>\nR\u00e9f\u00e9rence : DY2185<br \/>\nComposition : 92 % nylon, 8 % spandex<br \/>\nPeso: 200 g\/m\u00b2.<br \/>\nLarghezza: 120 cm<br \/>\nPropriet\u00e0: estensibile<\/p>\n<p><b style=\"font-family: wash;font-size: 30px\"><img loading=\"lazy\" decoding=\"async\" class=\"alignnone wp-image-67583\" src=\"https:\/\/staging.dyrsan.fr\/wp-content\/uploads\/2025\/08\/instru-1.jpeg\" alt=\"\" width=\"153\" height=\"42\" srcset=\"https:\/\/staging.dyrsan.fr\/wp-content\/uploads\/2025\/08\/instru-1.jpeg 698w, https:\/\/staging.dyrsan.fr\/wp-content\/uploads\/2025\/08\/instru-1-18x5.jpeg 18w\" sizes=\"auto, (max-width: 153px) 100vw, 153px\" \/><\/b><\/p>","protected":false},"featured_media":75804,"comment_status":"open","ping_status":"closed","template":"","meta":[],"product_brand":[],"product_cat":[495,150,210,151],"product_tag":[],"class_list":{"0":"post-75807","1":"product","2":"type-product","3":"status-publish","4":"has-post-thumbnail","6":"product_cat-rouleaux-de-tissus","7":"product_cat-tissus","8":"product_cat-tissus-imprimes-motifs-animaux","9":"product_cat-tissus-lycra-extensibles","11":"first","12":"instock","13":"taxable","14":"shipping-taxable","15":"purchasable","16":"product-type-simple"},"_links":{"self":[{"href":"https:\/\/staging.dyrsan.fr\/it\/wp-json\/wp\/v2\/product\/75807","targetHints":{"allow":["GET"]}}],"collection":[{"href":"https:\/\/staging.dyrsan.fr\/it\/wp-json\/wp\/v2\/product"}],"about":[{"href":"https:\/\/staging.dyrsan.fr\/it\/wp-json\/wp\/v2\/types\/product"}],"replies":[{"embeddable":true,"href":"https:\/\/staging.dyrsan.fr\/it\/wp-json\/wp\/v2\/comments?post=75807"}],"version-history":[{"count":1,"href":"https:\/\/staging.dyrsan.fr\/it\/wp-json\/wp\/v2\/product\/75807\/revisions"}],"predecessor-version":[{"id":76422,"href":"https:\/\/staging.dyrsan.fr\/it\/wp-json\/wp\/v2\/product\/75807\/revisions\/76422"}],"wp:featuredmedia":[{"embeddable":true,"href":"https:\/\/staging.dyrsan.fr\/it\/wp-json\/wp\/v2\/media\/75804"}],"wp:attachment":[{"href":"https:\/\/staging.dyrsan.fr\/it\/wp-json\/wp\/v2\/media?parent=75807"}],"wp:term":[{"taxonomy":"product_brand","embeddable":true,"href":"https:\/\/staging.dyrsan.fr\/it\/wp-json\/wp\/v2\/product_brand?post=75807"},{"taxonomy":"product_cat","embeddable":true,"href":"https:\/\/staging.dyrsan.fr\/it\/wp-json\/wp\/v2\/product_cat?post=75807"},{"taxonomy":"product_tag","embeddable":true,"href":"https:\/\/staging.dyrsan.fr\/it\/wp-json\/wp\/v2\/product_tag?post=75807"}],"curies":[{"name":"wp","href":"https:\/\/api.w.org\/{rel}","templated":true}]}}