{"id":75794,"date":"2026-04-03T13:42:37","date_gmt":"2026-04-03T13:42:37","guid":{"rendered":"https:\/\/staging.dyrsan.fr\/?post_type=product&#038;p=75794"},"modified":"2026-04-14T12:05:24","modified_gmt":"2026-04-14T12:05:24","slug":"jacquard-fines-rayures-noires-rouleau-50m","status":"publish","type":"product","link":"https:\/\/staging.dyrsan.fr\/it\/shop\/jacquard-fines-rayures-noires-rouleau-50m\/","title":{"rendered":"Jacquard fines rayures noires \u2014 Rouleau 50M"},"content":{"rendered":"<p>Jacquard fines rayures noires, certifi\u00e9 OEKO-TEX\u00ae, extensible et structur\u00e9. Ce tissu jacquard \u00e0 fines rayures offre une texture \u00e9l\u00e9gante et un bon maintien, id\u00e9al pour la confection de maillots de bain modernes et raffin\u00e9s.<\/p>\n<p>&nbsp;<\/p>\n<p><strong>Specifiche tecniche:<\/strong><br \/>\nR\u00e9f\u00e9rence : DY2532<br \/>\nComposition : 90 % polyester, 10 % spandex<br \/>\nPoids : 230 g\/m\u00b2<br \/>\nLarghezza: 152 cm<br \/>\nCouleur : noir (personnalisable selon code Pantone)<br \/>\nCertificazione: OEKO-TEX<br \/>\nAspect : jacquard \u00e0 fines rayures, textur\u00e9<br \/>\nPropri\u00e9t\u00e9s : extensible, confortable, maintien structur\u00e9<br \/>\nUtilisation : maillots de bain modernes et raffin\u00e9s<\/p>\n<p><b style=\"font-family: wash;font-size: 30px\"><img class=\"alignnone wp-image-67583\" src=\"https:\/\/staging.dyrsan.fr\/wp-content\/uploads\/2025\/08\/instru-1.jpeg\" alt=\"\" width=\"153\" height=\"42\" loading=\"lazy\" decoding=\"async\" title=\"\" srcset=\"https:\/\/staging.dyrsan.fr\/wp-content\/uploads\/2025\/08\/instru-1.jpeg 698w, https:\/\/staging.dyrsan.fr\/wp-content\/uploads\/2025\/08\/instru-1-18x5.jpeg 18w\" sizes=\"auto, (max-width: 153px) 100vw, 153px\" \/><\/b><\/p>","protected":false},"excerpt":{"rendered":"<p>Jacquard fines rayures noires, certifi\u00e9 OEKO-TEX\u00ae, extensible et structur\u00e9. Ce tissu jacquard \u00e0 fines rayures offre une texture \u00e9l\u00e9gante et un bon maintien, id\u00e9al pour la confection de maillots de bain modernes et raffin\u00e9s.<\/p>\n<p>&nbsp;<\/p>\n<p><strong>Specifiche tecniche:<\/strong><br \/>\nR\u00e9f\u00e9rence : DY2532<br \/>\nComposition : 90 % polyester, 10 % spandex<br \/>\nPoids : 230 g\/m\u00b2<br \/>\nLarghezza: 152 cm<br \/>\nCouleur : noir (personnalisable selon code Pantone)<br \/>\nCertificazione: OEKO-TEX<br \/>\nAspect : jacquard \u00e0 fines rayures, textur\u00e9<br \/>\nPropri\u00e9t\u00e9s : extensible, confortable, maintien structur\u00e9<br \/>\nUtilisation : maillots de bain modernes et raffin\u00e9s<\/p>\n<p><b style=\"font-family: wash;font-size: 30px\"><img loading=\"lazy\" decoding=\"async\" class=\"alignnone wp-image-67583\" src=\"https:\/\/staging.dyrsan.fr\/wp-content\/uploads\/2025\/08\/instru-1.jpeg\" alt=\"\" width=\"153\" height=\"42\" srcset=\"https:\/\/staging.dyrsan.fr\/wp-content\/uploads\/2025\/08\/instru-1.jpeg 698w, https:\/\/staging.dyrsan.fr\/wp-content\/uploads\/2025\/08\/instru-1-18x5.jpeg 18w\" sizes=\"auto, (max-width: 153px) 100vw, 153px\" \/><\/b><\/p>","protected":false},"featured_media":75791,"comment_status":"open","ping_status":"closed","template":"","meta":[],"product_brand":[],"product_cat":[495,150,180,213],"product_tag":[],"class_list":{"0":"post-75794","1":"product","2":"type-product","3":"status-publish","4":"has-post-thumbnail","6":"product_cat-rouleaux-de-tissus","7":"product_cat-tissus","8":"product_cat-tissus-mailles-jacquard","9":"product_cat-tissus-textures","11":"first","12":"instock","13":"taxable","14":"shipping-taxable","15":"purchasable","16":"product-type-simple"},"_links":{"self":[{"href":"https:\/\/staging.dyrsan.fr\/it\/wp-json\/wp\/v2\/product\/75794","targetHints":{"allow":["GET"]}}],"collection":[{"href":"https:\/\/staging.dyrsan.fr\/it\/wp-json\/wp\/v2\/product"}],"about":[{"href":"https:\/\/staging.dyrsan.fr\/it\/wp-json\/wp\/v2\/types\/product"}],"replies":[{"embeddable":true,"href":"https:\/\/staging.dyrsan.fr\/it\/wp-json\/wp\/v2\/comments?post=75794"}],"version-history":[{"count":1,"href":"https:\/\/staging.dyrsan.fr\/it\/wp-json\/wp\/v2\/product\/75794\/revisions"}],"predecessor-version":[{"id":76425,"href":"https:\/\/staging.dyrsan.fr\/it\/wp-json\/wp\/v2\/product\/75794\/revisions\/76425"}],"wp:featuredmedia":[{"embeddable":true,"href":"https:\/\/staging.dyrsan.fr\/it\/wp-json\/wp\/v2\/media\/75791"}],"wp:attachment":[{"href":"https:\/\/staging.dyrsan.fr\/it\/wp-json\/wp\/v2\/media?parent=75794"}],"wp:term":[{"taxonomy":"product_brand","embeddable":true,"href":"https:\/\/staging.dyrsan.fr\/it\/wp-json\/wp\/v2\/product_brand?post=75794"},{"taxonomy":"product_cat","embeddable":true,"href":"https:\/\/staging.dyrsan.fr\/it\/wp-json\/wp\/v2\/product_cat?post=75794"},{"taxonomy":"product_tag","embeddable":true,"href":"https:\/\/staging.dyrsan.fr\/it\/wp-json\/wp\/v2\/product_tag?post=75794"}],"curies":[{"name":"wp","href":"https:\/\/api.w.org\/{rel}","templated":true}]}}