{"id":75777,"date":"2026-04-03T13:41:47","date_gmt":"2026-04-03T13:41:47","guid":{"rendered":"https:\/\/staging.dyrsan.fr\/?post_type=product&#038;p=75777"},"modified":"2026-04-14T12:37:45","modified_gmt":"2026-04-14T12:37:45","slug":"tissu-en-lurex-texture-or-et-rose-rouleau-50m","status":"publish","type":"product","link":"https:\/\/staging.dyrsan.fr\/it\/shop\/tissu-en-lurex-texture-or-et-rose-rouleau-50m\/","title":{"rendered":"Tissu en lurex textur\u00e9 or et rose \u2014 Rouleau 50M"},"content":{"rendered":"<p>Tissu en lurex textur\u00e9 or et rose, extensible et lumineux. Ce tissu lurex jacquard offre une texture raffin\u00e9e avec des fils m\u00e9tallis\u00e9s dor\u00e9s, id\u00e9al pour des cr\u00e9ations mode, maillots de bain et pi\u00e8ces \u00e9l\u00e9gantes \u00e0 fort impact visuel.<\/p>\n<p>&nbsp;<\/p>\n<p><strong>Specifiche tecniche:<\/strong><br \/>\nR\u00e9f\u00e9rence : DY2525<br \/>\nComposition : 87 % nylon, 7 % fibre m\u00e9tallis\u00e9e, 6 % \u00e9lasthanne<br \/>\nPeso: 190 g\/m\u00b2.<br \/>\nLargeur : 160 cm<br \/>\nAspect : textur\u00e9, jacquard avec effet lurex<br \/>\nPropri\u00e9t\u00e9s : extensible, souple, brillant, r\u00e9sistant<br \/>\nUtilisation : maillots de bain, beachwear, lingerie, v\u00eatements mode, pi\u00e8ces \u00e9l\u00e9gantes et cr\u00e9atives<br \/>\n<b style=\"font-family: wash;font-size: 30px\"><img class=\"alignnone wp-image-67583\" src=\"https:\/\/staging.dyrsan.fr\/wp-content\/uploads\/2025\/08\/instru-1.jpeg\" alt=\"\" width=\"153\" height=\"42\" loading=\"lazy\" decoding=\"async\" title=\"\" srcset=\"https:\/\/staging.dyrsan.fr\/wp-content\/uploads\/2025\/08\/instru-1.jpeg 698w, https:\/\/staging.dyrsan.fr\/wp-content\/uploads\/2025\/08\/instru-1-18x5.jpeg 18w\" sizes=\"auto, (max-width: 153px) 100vw, 153px\" \/><\/b><\/p>\n<p>&nbsp;<\/p>","protected":false},"excerpt":{"rendered":"<p>Tissu en lurex textur\u00e9 or et rose, extensible et lumineux. Ce tissu lurex jacquard offre une texture raffin\u00e9e avec des fils m\u00e9tallis\u00e9s dor\u00e9s, id\u00e9al pour des cr\u00e9ations mode, maillots de bain et pi\u00e8ces \u00e9l\u00e9gantes \u00e0 fort impact visuel.<\/p>\n<p>&nbsp;<\/p>\n<p><strong>Specifiche tecniche:<\/strong><br \/>\nR\u00e9f\u00e9rence : DY2525<br \/>\nComposition : 87 % nylon, 7 % fibre m\u00e9tallis\u00e9e, 6 % \u00e9lasthanne<br \/>\nPeso: 190 g\/m\u00b2.<br \/>\nLargeur : 160 cm<br \/>\nAspect : textur\u00e9, jacquard avec effet lurex<br \/>\nPropri\u00e9t\u00e9s : extensible, souple, brillant, r\u00e9sistant<br \/>\nUtilisation : maillots de bain, beachwear, lingerie, v\u00eatements mode, pi\u00e8ces \u00e9l\u00e9gantes et cr\u00e9atives<\/p>\n<p><b style=\"font-family: wash;font-size: 30px\"><img loading=\"lazy\" decoding=\"async\" class=\"alignnone wp-image-67583\" src=\"https:\/\/staging.dyrsan.fr\/wp-content\/uploads\/2025\/08\/instru-1.jpeg\" alt=\"\" width=\"153\" height=\"42\" srcset=\"https:\/\/staging.dyrsan.fr\/wp-content\/uploads\/2025\/08\/instru-1.jpeg 698w, https:\/\/staging.dyrsan.fr\/wp-content\/uploads\/2025\/08\/instru-1-18x5.jpeg 18w\" sizes=\"auto, (max-width: 153px) 100vw, 153px\" \/><\/b><\/p>\n<p style=\"font-family: wash;font-size: 30px\">","protected":false},"featured_media":75773,"comment_status":"open","ping_status":"closed","template":"","meta":[],"product_brand":[],"product_cat":[495,150,193,180,213],"product_tag":[],"class_list":{"0":"post-75777","1":"product","2":"type-product","3":"status-publish","4":"has-post-thumbnail","6":"product_cat-rouleaux-de-tissus","7":"product_cat-tissus","8":"product_cat-tissus-lurex-brillants","9":"product_cat-tissus-mailles-jacquard","10":"product_cat-tissus-textures","12":"first","13":"instock","14":"taxable","15":"shipping-taxable","16":"purchasable","17":"product-type-simple"},"_links":{"self":[{"href":"https:\/\/staging.dyrsan.fr\/it\/wp-json\/wp\/v2\/product\/75777","targetHints":{"allow":["GET"]}}],"collection":[{"href":"https:\/\/staging.dyrsan.fr\/it\/wp-json\/wp\/v2\/product"}],"about":[{"href":"https:\/\/staging.dyrsan.fr\/it\/wp-json\/wp\/v2\/types\/product"}],"replies":[{"embeddable":true,"href":"https:\/\/staging.dyrsan.fr\/it\/wp-json\/wp\/v2\/comments?post=75777"}],"version-history":[{"count":2,"href":"https:\/\/staging.dyrsan.fr\/it\/wp-json\/wp\/v2\/product\/75777\/revisions"}],"predecessor-version":[{"id":76540,"href":"https:\/\/staging.dyrsan.fr\/it\/wp-json\/wp\/v2\/product\/75777\/revisions\/76540"}],"wp:featuredmedia":[{"embeddable":true,"href":"https:\/\/staging.dyrsan.fr\/it\/wp-json\/wp\/v2\/media\/75773"}],"wp:attachment":[{"href":"https:\/\/staging.dyrsan.fr\/it\/wp-json\/wp\/v2\/media?parent=75777"}],"wp:term":[{"taxonomy":"product_brand","embeddable":true,"href":"https:\/\/staging.dyrsan.fr\/it\/wp-json\/wp\/v2\/product_brand?post=75777"},{"taxonomy":"product_cat","embeddable":true,"href":"https:\/\/staging.dyrsan.fr\/it\/wp-json\/wp\/v2\/product_cat?post=75777"},{"taxonomy":"product_tag","embeddable":true,"href":"https:\/\/staging.dyrsan.fr\/it\/wp-json\/wp\/v2\/product_tag?post=75777"}],"curies":[{"name":"wp","href":"https:\/\/api.w.org\/{rel}","templated":true}]}}