{"id":75772,"date":"2026-04-03T13:41:34","date_gmt":"2026-04-03T13:41:34","guid":{"rendered":"https:\/\/staging.dyrsan.fr\/?post_type=product&#038;p=75772"},"modified":"2026-04-14T12:05:39","modified_gmt":"2026-04-14T12:05:39","slug":"jacquard-motifs-feuilles-naturelles-rouleau-50m","status":"publish","type":"product","link":"https:\/\/staging.dyrsan.fr\/it\/shop\/jacquard-motifs-feuilles-naturelles-rouleau-50m\/","title":{"rendered":"Jacquard motifs feuilles naturelles \u2014 Rouleau 50M"},"content":{"rendered":"<p>Jacquard motifs feuilles naturelles, extensible et raffin\u00e9. Ce tissu jacquard \u00e0 motifs feuillage en relief offre une texture \u00e9l\u00e9gante et un excellent maintien, id\u00e9al pour la cr\u00e9ation de maillots de bain, beachwear et pi\u00e8ces mode premium.<\/p>\n<p>&nbsp;<\/p>\n<p><strong>Specifiche tecniche:<\/strong><br \/>\nR\u00e9f\u00e9rence : DY2524<br \/>\nComposizione: 82 % nylon, 18 % elastan<br \/>\nPoids : 230 g\/m\u00b2<br \/>\nLarghezza: 152 cm<br \/>\nCouleur : blanc (personnalisable selon code Pantone)<br \/>\nCertification : Oeko-Tex\u00ae<br \/>\nAspect : jacquard textur\u00e9 \u00e0 motifs feuilles naturelles en relief<br \/>\nPropri\u00e9t\u00e9s : extensible, doux, \u00e9l\u00e9gant, confortable, r\u00e9sistant<br \/>\nUtilisation : maillots de bain, beachwear, v\u00eatements mode, pi\u00e8ces \u00e9l\u00e9gantes textur\u00e9es<\/p>\n<p><b style=\"font-family: wash;font-size: 30px\"><img class=\"alignnone wp-image-67583\" src=\"https:\/\/staging.dyrsan.fr\/wp-content\/uploads\/2025\/08\/instru-1.jpeg\" alt=\"\" width=\"153\" height=\"42\" loading=\"lazy\" decoding=\"async\" title=\"\" srcset=\"https:\/\/staging.dyrsan.fr\/wp-content\/uploads\/2025\/08\/instru-1.jpeg 698w, https:\/\/staging.dyrsan.fr\/wp-content\/uploads\/2025\/08\/instru-1-18x5.jpeg 18w\" sizes=\"auto, (max-width: 153px) 100vw, 153px\" \/><\/b><\/p>","protected":false},"excerpt":{"rendered":"<p>Jacquard motifs feuilles naturelles, extensible et raffin\u00e9. Ce tissu jacquard \u00e0 motifs feuillage en relief offre une texture \u00e9l\u00e9gante et un excellent maintien, id\u00e9al pour la cr\u00e9ation de maillots de bain, beachwear et pi\u00e8ces mode premium.<\/p>\n<p>&nbsp;<\/p>\n<p><strong>Specifiche tecniche:<\/strong><br \/>\nR\u00e9f\u00e9rence : DY2524<br \/>\nComposizione: 82 % nylon, 18 % elastan<br \/>\nPoids : 230 g\/m\u00b2<br \/>\nLarghezza: 152 cm<br \/>\nCouleur : blanc (personnalisable selon code Pantone)<br \/>\nCertification : Oeko-Tex\u00ae<br \/>\nAspect : jacquard textur\u00e9 \u00e0 motifs feuilles naturelles en relief<br \/>\nPropri\u00e9t\u00e9s : extensible, doux, \u00e9l\u00e9gant, confortable, r\u00e9sistant<br \/>\nUtilisation : maillots de bain, beachwear, v\u00eatements mode, pi\u00e8ces \u00e9l\u00e9gantes textur\u00e9es<\/p>\n<p><b style=\"font-family: wash;font-size: 30px\"><img loading=\"lazy\" decoding=\"async\" class=\"alignnone wp-image-67583\" src=\"https:\/\/staging.dyrsan.fr\/wp-content\/uploads\/2025\/08\/instru-1.jpeg\" alt=\"\" width=\"153\" height=\"42\" srcset=\"https:\/\/staging.dyrsan.fr\/wp-content\/uploads\/2025\/08\/instru-1.jpeg 698w, https:\/\/staging.dyrsan.fr\/wp-content\/uploads\/2025\/08\/instru-1-18x5.jpeg 18w\" sizes=\"auto, (max-width: 153px) 100vw, 153px\" \/><\/b><\/p>","protected":false},"featured_media":75769,"comment_status":"open","ping_status":"closed","template":"","meta":[],"product_brand":[],"product_cat":[495,150,180],"product_tag":[],"class_list":{"0":"post-75772","1":"product","2":"type-product","3":"status-publish","4":"has-post-thumbnail","6":"product_cat-rouleaux-de-tissus","7":"product_cat-tissus","8":"product_cat-tissus-mailles-jacquard","10":"first","11":"instock","12":"taxable","13":"shipping-taxable","14":"purchasable","15":"product-type-simple"},"_links":{"self":[{"href":"https:\/\/staging.dyrsan.fr\/it\/wp-json\/wp\/v2\/product\/75772","targetHints":{"allow":["GET"]}}],"collection":[{"href":"https:\/\/staging.dyrsan.fr\/it\/wp-json\/wp\/v2\/product"}],"about":[{"href":"https:\/\/staging.dyrsan.fr\/it\/wp-json\/wp\/v2\/types\/product"}],"replies":[{"embeddable":true,"href":"https:\/\/staging.dyrsan.fr\/it\/wp-json\/wp\/v2\/comments?post=75772"}],"version-history":[{"count":1,"href":"https:\/\/staging.dyrsan.fr\/it\/wp-json\/wp\/v2\/product\/75772\/revisions"}],"predecessor-version":[{"id":76430,"href":"https:\/\/staging.dyrsan.fr\/it\/wp-json\/wp\/v2\/product\/75772\/revisions\/76430"}],"wp:featuredmedia":[{"embeddable":true,"href":"https:\/\/staging.dyrsan.fr\/it\/wp-json\/wp\/v2\/media\/75769"}],"wp:attachment":[{"href":"https:\/\/staging.dyrsan.fr\/it\/wp-json\/wp\/v2\/media?parent=75772"}],"wp:term":[{"taxonomy":"product_brand","embeddable":true,"href":"https:\/\/staging.dyrsan.fr\/it\/wp-json\/wp\/v2\/product_brand?post=75772"},{"taxonomy":"product_cat","embeddable":true,"href":"https:\/\/staging.dyrsan.fr\/it\/wp-json\/wp\/v2\/product_cat?post=75772"},{"taxonomy":"product_tag","embeddable":true,"href":"https:\/\/staging.dyrsan.fr\/it\/wp-json\/wp\/v2\/product_tag?post=75772"}],"curies":[{"name":"wp","href":"https:\/\/api.w.org\/{rel}","templated":true}]}}