{"id":75728,"date":"2026-04-03T13:39:18","date_gmt":"2026-04-03T13:39:18","guid":{"rendered":"https:\/\/staging.dyrsan.fr\/?post_type=product&#038;p=75728"},"modified":"2026-04-14T12:37:56","modified_gmt":"2026-04-14T12:37:56","slug":"tissu-maille-jacquard-motif-leopard-rouleau-50m","status":"publish","type":"product","link":"https:\/\/staging.dyrsan.fr\/it\/shop\/tissu-maille-jacquard-motif-leopard-rouleau-50m\/","title":{"rendered":"Tissu maille Jacquard motif Leopard \u2014 Rouleau 50M"},"content":{"rendered":"<p>Tissu maille jacquard motif l\u00e9opard, extensible et textur\u00e9. Ce tissu jacquard \u00e0 motif animal est id\u00e9al pour la confection de maillots de bain, v\u00eatements de plage et cr\u00e9ations mode, offrant un rendu graphique tendance et un excellent confort.<\/p>\n<p>&nbsp;<\/p>\n<p><strong>Specifiche tecniche:<\/strong><br \/>\nR\u00e9f\u00e9rence : DY2506<br \/>\nComposition : 60 % nylon, 3 % polyester, 4 % \u00e9lasthanne<br \/>\nPeso: 200 g\/m\u00b2.<br \/>\nLarghezza: 155 cm<br \/>\nCouleur : motif l\u00e9opard<br \/>\nAspect : maille jacquard textur\u00e9e \u00e0 motif l\u00e9opard<br \/>\nPropri\u00e9t\u00e9s : extensible, souple, confortable, r\u00e9sistant<br \/>\nUtilisation : maillots de bain, beachwear, lingerie, v\u00eatements mode, pi\u00e8ces stretch<\/p>\n<p style=\"font-family: wash;font-size: 30px\"><b style=\"font-family: wash;font-size: 30px\"><img class=\"alignnone wp-image-67583\" src=\"https:\/\/staging.dyrsan.fr\/wp-content\/uploads\/2025\/08\/instru-1.jpeg\" alt=\"\" width=\"153\" height=\"42\" loading=\"lazy\" decoding=\"async\" title=\"\" srcset=\"https:\/\/staging.dyrsan.fr\/wp-content\/uploads\/2025\/08\/instru-1.jpeg 698w, https:\/\/staging.dyrsan.fr\/wp-content\/uploads\/2025\/08\/instru-1-18x5.jpeg 18w\" sizes=\"auto, (max-width: 153px) 100vw, 153px\" \/><\/b><\/p>","protected":false},"excerpt":{"rendered":"<p>Tissu maille jacquard motif l\u00e9opard, extensible et textur\u00e9. Ce tissu jacquard \u00e0 motif animal est id\u00e9al pour la confection de maillots de bain, v\u00eatements de plage et cr\u00e9ations mode, offrant un rendu graphique tendance et un excellent confort.<\/p>\n<p>&nbsp;<\/p>\n<p><strong>Specifiche tecniche:<\/strong><br \/>\nR\u00e9f\u00e9rence : DY2506<br \/>\nComposition : 60 % nylon, 3 % polyester, 4 % \u00e9lasthanne<br \/>\nPeso: 200 g\/m\u00b2.<br \/>\nLarghezza: 155 cm<br \/>\nCouleur : motif l\u00e9opard<br \/>\nAspect : maille jacquard textur\u00e9e \u00e0 motif l\u00e9opard<br \/>\nPropri\u00e9t\u00e9s : extensible, souple, confortable, r\u00e9sistant<br \/>\nUtilisation : maillots de bain, beachwear, lingerie, v\u00eatements mode, pi\u00e8ces stretch<\/p>\n<p style=\"font-family: wash;font-size: 30px\"><b style=\"font-family: wash;font-size: 30px\"><img loading=\"lazy\" decoding=\"async\" class=\"alignnone wp-image-67583\" src=\"https:\/\/staging.dyrsan.fr\/wp-content\/uploads\/2025\/08\/instru-1.jpeg\" alt=\"\" width=\"153\" height=\"42\" srcset=\"https:\/\/staging.dyrsan.fr\/wp-content\/uploads\/2025\/08\/instru-1.jpeg 698w, https:\/\/staging.dyrsan.fr\/wp-content\/uploads\/2025\/08\/instru-1-18x5.jpeg 18w\" sizes=\"auto, (max-width: 153px) 100vw, 153px\" \/><\/b><\/p>","protected":false},"featured_media":75724,"comment_status":"open","ping_status":"closed","template":"","meta":[],"product_brand":[],"product_cat":[495,150,210,180,213],"product_tag":[],"class_list":{"0":"post-75728","1":"product","2":"type-product","3":"status-publish","4":"has-post-thumbnail","6":"product_cat-rouleaux-de-tissus","7":"product_cat-tissus","8":"product_cat-tissus-imprimes-motifs-animaux","9":"product_cat-tissus-mailles-jacquard","10":"product_cat-tissus-textures","12":"first","13":"instock","14":"taxable","15":"shipping-taxable","16":"purchasable","17":"product-type-simple"},"_links":{"self":[{"href":"https:\/\/staging.dyrsan.fr\/it\/wp-json\/wp\/v2\/product\/75728","targetHints":{"allow":["GET"]}}],"collection":[{"href":"https:\/\/staging.dyrsan.fr\/it\/wp-json\/wp\/v2\/product"}],"about":[{"href":"https:\/\/staging.dyrsan.fr\/it\/wp-json\/wp\/v2\/types\/product"}],"replies":[{"embeddable":true,"href":"https:\/\/staging.dyrsan.fr\/it\/wp-json\/wp\/v2\/comments?post=75728"}],"version-history":[{"count":2,"href":"https:\/\/staging.dyrsan.fr\/it\/wp-json\/wp\/v2\/product\/75728\/revisions"}],"predecessor-version":[{"id":76544,"href":"https:\/\/staging.dyrsan.fr\/it\/wp-json\/wp\/v2\/product\/75728\/revisions\/76544"}],"wp:featuredmedia":[{"embeddable":true,"href":"https:\/\/staging.dyrsan.fr\/it\/wp-json\/wp\/v2\/media\/75724"}],"wp:attachment":[{"href":"https:\/\/staging.dyrsan.fr\/it\/wp-json\/wp\/v2\/media?parent=75728"}],"wp:term":[{"taxonomy":"product_brand","embeddable":true,"href":"https:\/\/staging.dyrsan.fr\/it\/wp-json\/wp\/v2\/product_brand?post=75728"},{"taxonomy":"product_cat","embeddable":true,"href":"https:\/\/staging.dyrsan.fr\/it\/wp-json\/wp\/v2\/product_cat?post=75728"},{"taxonomy":"product_tag","embeddable":true,"href":"https:\/\/staging.dyrsan.fr\/it\/wp-json\/wp\/v2\/product_tag?post=75728"}],"curies":[{"name":"wp","href":"https:\/\/api.w.org\/{rel}","templated":true}]}}