{"id":75695,"date":"2026-04-03T13:37:31","date_gmt":"2026-04-03T13:37:31","guid":{"rendered":"https:\/\/staging.dyrsan.fr\/?post_type=product&#038;p=75695"},"modified":"2026-04-14T12:06:18","modified_gmt":"2026-04-14T12:06:18","slug":"tissu-jacquard-raye-noir-extensible-leger-rouleau-50m","status":"publish","type":"product","link":"https:\/\/staging.dyrsan.fr\/it\/shop\/tissu-jacquard-raye-noir-extensible-leger-rouleau-50m\/","title":{"rendered":"Tissu jacquard ray\u00e9 noir extensible l\u00e9ger \u2014 Rouleau 50M"},"content":{"rendered":"<p>Tissu jacquard ray\u00e9 noir extensible l\u00e9ger, souple et respirant, parfait pour la confection de lingerie, maillots de bain ou v\u00eatements techniques. Sa structure fine et ses rayures r\u00e9guli\u00e8res cr\u00e9ent un effet visuel moderne et raffin\u00e9.<\/p>\n<p>&nbsp;<\/p>\n<p><strong>Specifiche tecniche:<\/strong><br \/>\nR\u00e9f\u00e9rence : DY98675<br \/>\nComposition : 94 % polyamide, 2 % polyester, 4 % \u00e9lasthanne<br \/>\nPeso: 135 g\/m\u00b2.<br \/>\nLarghezza: 152 cm<br \/>\nCouleur : Noir \u00e0 rayures ton sur ton (personnalisable avec le code Pantone)<br \/>\nStructure : Jacquard extensible<br \/>\nUtilisation : Lingerie, swimwear, v\u00eatements l\u00e9gers et respirants<br \/>\nEntretien : Lavage \u00e0 30 \u00b0C, pas de blanchiment, repassage doux, s\u00e9chage \u00e0 plat recommand\u00e9<\/p>","protected":false},"excerpt":{"rendered":"<p>Tissu jacquard ray\u00e9 noir extensible l\u00e9ger, souple et respirant, parfait pour la confection de lingerie, maillots de bain ou v\u00eatements techniques. Sa structure fine et ses rayures r\u00e9guli\u00e8res cr\u00e9ent un effet visuel moderne et raffin\u00e9.<\/p>\n<p>&nbsp;<\/p>\n<p><strong>Specifiche tecniche:<\/strong><br \/>\nR\u00e9f\u00e9rence : DY98675<br \/>\nComposition : 94 % polyamide, 2 % polyester, 4 % \u00e9lasthanne<br \/>\nPeso: 135 g\/m\u00b2.<br \/>\nLarghezza: 152 cm<br \/>\nCouleur : Noir \u00e0 rayures ton sur ton (personnalisable avec le code Pantone)<br \/>\nStructure : Jacquard extensible<br \/>\nUtilisation : Lingerie, swimwear, v\u00eatements l\u00e9gers et respirants<br \/>\nEntretien : Lavage \u00e0 30 \u00b0C, pas de blanchiment, repassage doux, s\u00e9chage \u00e0 plat recommand\u00e9<\/p>\n<div id=\"simple-translate\" class=\"simple-translate-system-theme\">\n<div>\n<div class=\"simple-translate-button isShow\" style=\"height: 22px;width: 22px;top: 193px;left: 183px\"><\/div>\n<div class=\"simple-translate-panel\" style=\"width: 300px;height: 200px;top: 0px;left: 0px;font-size: 13px\">\n<div class=\"simple-translate-result-wrapper\" style=\"overflow: hidden\">\n<div class=\"simple-translate-move\"><\/div>\n<div class=\"simple-translate-result-contents\">\n<p class=\"simple-translate-result\" dir=\"auto\">\n<p class=\"simple-translate-candidate\" dir=\"auto\">\n<\/div>\n<\/div>\n<\/div>\n<\/div>\n<\/div>","protected":false},"featured_media":75690,"comment_status":"open","ping_status":"closed","template":"","meta":[],"product_brand":[],"product_cat":[495,150,180,179],"product_tag":[],"class_list":{"0":"post-75695","1":"product","2":"type-product","3":"status-publish","4":"has-post-thumbnail","6":"product_cat-rouleaux-de-tissus","7":"product_cat-tissus","8":"product_cat-tissus-mailles-jacquard","9":"product_cat-tissus-resilles","11":"first","12":"instock","13":"taxable","14":"shipping-taxable","15":"purchasable","16":"product-type-simple"},"_links":{"self":[{"href":"https:\/\/staging.dyrsan.fr\/it\/wp-json\/wp\/v2\/product\/75695","targetHints":{"allow":["GET"]}}],"collection":[{"href":"https:\/\/staging.dyrsan.fr\/it\/wp-json\/wp\/v2\/product"}],"about":[{"href":"https:\/\/staging.dyrsan.fr\/it\/wp-json\/wp\/v2\/types\/product"}],"replies":[{"embeddable":true,"href":"https:\/\/staging.dyrsan.fr\/it\/wp-json\/wp\/v2\/comments?post=75695"}],"version-history":[{"count":1,"href":"https:\/\/staging.dyrsan.fr\/it\/wp-json\/wp\/v2\/product\/75695\/revisions"}],"predecessor-version":[{"id":76444,"href":"https:\/\/staging.dyrsan.fr\/it\/wp-json\/wp\/v2\/product\/75695\/revisions\/76444"}],"wp:featuredmedia":[{"embeddable":true,"href":"https:\/\/staging.dyrsan.fr\/it\/wp-json\/wp\/v2\/media\/75690"}],"wp:attachment":[{"href":"https:\/\/staging.dyrsan.fr\/it\/wp-json\/wp\/v2\/media?parent=75695"}],"wp:term":[{"taxonomy":"product_brand","embeddable":true,"href":"https:\/\/staging.dyrsan.fr\/it\/wp-json\/wp\/v2\/product_brand?post=75695"},{"taxonomy":"product_cat","embeddable":true,"href":"https:\/\/staging.dyrsan.fr\/it\/wp-json\/wp\/v2\/product_cat?post=75695"},{"taxonomy":"product_tag","embeddable":true,"href":"https:\/\/staging.dyrsan.fr\/it\/wp-json\/wp\/v2\/product_tag?post=75695"}],"curies":[{"name":"wp","href":"https:\/\/api.w.org\/{rel}","templated":true}]}}