{"id":75689,"date":"2026-04-03T13:37:09","date_gmt":"2026-04-03T13:37:09","guid":{"rendered":"https:\/\/staging.dyrsan.fr\/?post_type=product&#038;p=75689"},"modified":"2026-04-14T12:06:21","modified_gmt":"2026-04-14T12:06:21","slug":"tissu-microfibre-noir-extensible-effet-satine-rouleau-50m","status":"publish","type":"product","link":"https:\/\/staging.dyrsan.fr\/it\/shop\/tissu-microfibre-noir-extensible-effet-satine-rouleau-50m\/","title":{"rendered":"Tissu microfibre noir extensible effet satin\u00e9 \u2014 Rouleau 50M"},"content":{"rendered":"<p>Tissu microfibre noir extensible effet satin\u00e9, souple et fluide, parfait pour la confection de maillots de bain, lingerie et v\u00eatements seconde peau. Sa texture lisse et l\u00e9g\u00e8rement brillante offre un rendu \u00e9l\u00e9gant et un toucher doux tr\u00e8s agr\u00e9able \u00e0 porter.<\/p>\n<p>&nbsp;<\/p>\n<p><strong>Specifiche tecniche:<\/strong><br \/>\nR\u00e9f\u00e9rence : DY99034<br \/>\nComposition : 68 % polyamide, 32 % \u00e9lasthanne<br \/>\nPoids : 180 g\/m\u00b2<br \/>\nLarghezza: 155 cm<br \/>\nCouleur : Noir brillant (personnalisable selon le code Pantone)<br \/>\nStructure : Microfibre extensible<br \/>\nAspect : Lisse, effet satin\u00e9<br \/>\nUtilisation : Swimwear, lingerie, v\u00eatements ajust\u00e9s<\/p>\n<div id=\"simple-translate\" class=\"simple-translate-system-theme\">\n<div>\n<div class=\"simple-translate-button isShow\" style=\"height: 22px;width: 22px;top: 204px;left: 180px\"><\/div>\n<div class=\"simple-translate-panel\" style=\"width: 300px;height: 200px;top: 0px;left: 0px;font-size: 13px\">\n<div class=\"simple-translate-result-wrapper\" style=\"overflow: hidden\">\n<div class=\"simple-translate-move\"><\/div>\n<div class=\"simple-translate-result-contents\">\n<p class=\"simple-translate-result\" dir=\"auto\">\n<p class=\"simple-translate-candidate\" dir=\"auto\">\n<\/div>\n<\/div>\n<\/div>\n<\/div>\n<\/div>","protected":false},"excerpt":{"rendered":"<p>Tissu microfibre noir extensible effet satin\u00e9, souple et fluide, parfait pour la confection de maillots de bain, lingerie et v\u00eatements seconde peau. Sa texture lisse et l\u00e9g\u00e8rement brillante offre un rendu \u00e9l\u00e9gant et un toucher doux tr\u00e8s agr\u00e9able \u00e0 porter.<\/p>\n<p>&nbsp;<\/p>\n<p><strong>Specifiche tecniche:<\/strong><br \/>\nR\u00e9f\u00e9rence : DY99034<br \/>\nComposition : 68 % polyamide, 32 % \u00e9lasthanne<br \/>\nPoids : 180 g\/m\u00b2<br \/>\nLarghezza: 155 cm<br \/>\nCouleur : Noir brillant (personnalisable selon le code Pantone)<br \/>\nStructure : Microfibre extensible<br \/>\nAspect : Lisse, effet satin\u00e9<br \/>\nUtilisation : Swimwear, lingerie, v\u00eatements ajust\u00e9s<\/p>","protected":false},"featured_media":75684,"comment_status":"open","ping_status":"closed","template":"","meta":[],"product_brand":[],"product_cat":[495,150,180,179],"product_tag":[],"class_list":{"0":"post-75689","1":"product","2":"type-product","3":"status-publish","4":"has-post-thumbnail","6":"product_cat-rouleaux-de-tissus","7":"product_cat-tissus","8":"product_cat-tissus-mailles-jacquard","9":"product_cat-tissus-resilles","11":"first","12":"instock","13":"taxable","14":"shipping-taxable","15":"purchasable","16":"product-type-simple"},"_links":{"self":[{"href":"https:\/\/staging.dyrsan.fr\/it\/wp-json\/wp\/v2\/product\/75689","targetHints":{"allow":["GET"]}}],"collection":[{"href":"https:\/\/staging.dyrsan.fr\/it\/wp-json\/wp\/v2\/product"}],"about":[{"href":"https:\/\/staging.dyrsan.fr\/it\/wp-json\/wp\/v2\/types\/product"}],"replies":[{"embeddable":true,"href":"https:\/\/staging.dyrsan.fr\/it\/wp-json\/wp\/v2\/comments?post=75689"}],"version-history":[{"count":1,"href":"https:\/\/staging.dyrsan.fr\/it\/wp-json\/wp\/v2\/product\/75689\/revisions"}],"predecessor-version":[{"id":76445,"href":"https:\/\/staging.dyrsan.fr\/it\/wp-json\/wp\/v2\/product\/75689\/revisions\/76445"}],"wp:featuredmedia":[{"embeddable":true,"href":"https:\/\/staging.dyrsan.fr\/it\/wp-json\/wp\/v2\/media\/75684"}],"wp:attachment":[{"href":"https:\/\/staging.dyrsan.fr\/it\/wp-json\/wp\/v2\/media?parent=75689"}],"wp:term":[{"taxonomy":"product_brand","embeddable":true,"href":"https:\/\/staging.dyrsan.fr\/it\/wp-json\/wp\/v2\/product_brand?post=75689"},{"taxonomy":"product_cat","embeddable":true,"href":"https:\/\/staging.dyrsan.fr\/it\/wp-json\/wp\/v2\/product_cat?post=75689"},{"taxonomy":"product_tag","embeddable":true,"href":"https:\/\/staging.dyrsan.fr\/it\/wp-json\/wp\/v2\/product_tag?post=75689"}],"curies":[{"name":"wp","href":"https:\/\/api.w.org\/{rel}","templated":true}]}}