{"id":75617,"date":"2026-04-03T13:32:54","date_gmt":"2026-04-03T13:32:54","guid":{"rendered":"https:\/\/staging.dyrsan.fr\/?post_type=product&#038;p=75617"},"modified":"2026-04-14T12:07:04","modified_gmt":"2026-04-14T12:07:04","slug":"tissu-en-resille-extensible-avec-flocage-coeur-velours-rouleau-50m","status":"publish","type":"product","link":"https:\/\/staging.dyrsan.fr\/it\/shop\/tissu-en-resille-extensible-avec-flocage-coeur-velours-rouleau-50m\/","title":{"rendered":"Tissu en r\u00e9sille extensible avec flocage c\u0153ur velours \u2014 Rouleau 50M"},"content":{"rendered":"<p>Tissu en r\u00e9sille extensible avec flocage c\u0153ur velours, certifi\u00e9 OEKO-TEX\u00ae. L\u00e9ger et extensible, ce tissu r\u00e9sille d\u00e9coratif est id\u00e9al pour la confection de lingerie d\u00e9licate, de maillots de bain \u00e9l\u00e9gants et de cr\u00e9ations raffin\u00e9es n\u00e9cessitant transparence et confort.<\/p>\n<p>&nbsp;<\/p>\n<p><strong>Specifiche tecniche:<\/strong><br \/>\nR\u00e9f\u00e9rence : DY68109<br \/>\nComposition : 83 % nylon, 17 % spandex<br \/>\nPoids : 67 g\/m\u00b2<br \/>\nLarghezza: 152 cm<br \/>\nLongueur du rouleau : 147 cm<br \/>\nCouleur : blanc (personnalisable selon code Pantone)<br \/>\nCertificazione: OEKO-TEX<br \/>\nAspect : r\u00e9sille avec flocage c\u0153ur velours<br \/>\nPropriet\u00e0: estensibile<br \/>\nUtilisation : lingerie, d\u00e9tails d\u00e9coratifs, maillots de bain<\/p>","protected":false},"excerpt":{"rendered":"<p>Tissu en r\u00e9sille extensible avec flocage c\u0153ur velours, certifi\u00e9 OEKO-TEX\u00ae. L\u00e9ger et extensible, ce tissu r\u00e9sille d\u00e9coratif est id\u00e9al pour la confection de lingerie d\u00e9licate, de maillots de bain \u00e9l\u00e9gants et de cr\u00e9ations raffin\u00e9es n\u00e9cessitant transparence et confort.<\/p>\n<p>&nbsp;<\/p>\n<p><strong>Specifiche tecniche:<\/strong><br \/>\nR\u00e9f\u00e9rence : DY68109<br \/>\nComposition : 83 % nylon, 17 % spandex<br \/>\nPoids : 67 g\/m\u00b2<br \/>\nLarghezza: 152 cm<br \/>\nLongueur du rouleau : 147 cm<br \/>\nCouleur : blanc (personnalisable selon code Pantone)<br \/>\nCertificazione: OEKO-TEX<br \/>\nAspect : r\u00e9sille avec flocage c\u0153ur velours<br \/>\nPropriet\u00e0: estensibile<br \/>\nUtilisation : lingerie, d\u00e9tails d\u00e9coratifs, maillots de bain<\/p>","protected":false},"featured_media":75614,"comment_status":"open","ping_status":"closed","template":"","meta":[],"product_brand":[],"product_cat":[495,150,184,179],"product_tag":[],"class_list":{"0":"post-75617","1":"product","2":"type-product","3":"status-publish","4":"has-post-thumbnail","6":"product_cat-rouleaux-de-tissus","7":"product_cat-tissus","8":"product_cat-tissus-eco-responsables","9":"product_cat-tissus-resilles","11":"first","12":"instock","13":"taxable","14":"shipping-taxable","15":"purchasable","16":"product-type-simple"},"_links":{"self":[{"href":"https:\/\/staging.dyrsan.fr\/it\/wp-json\/wp\/v2\/product\/75617","targetHints":{"allow":["GET"]}}],"collection":[{"href":"https:\/\/staging.dyrsan.fr\/it\/wp-json\/wp\/v2\/product"}],"about":[{"href":"https:\/\/staging.dyrsan.fr\/it\/wp-json\/wp\/v2\/types\/product"}],"replies":[{"embeddable":true,"href":"https:\/\/staging.dyrsan.fr\/it\/wp-json\/wp\/v2\/comments?post=75617"}],"version-history":[{"count":1,"href":"https:\/\/staging.dyrsan.fr\/it\/wp-json\/wp\/v2\/product\/75617\/revisions"}],"predecessor-version":[{"id":76460,"href":"https:\/\/staging.dyrsan.fr\/it\/wp-json\/wp\/v2\/product\/75617\/revisions\/76460"}],"wp:featuredmedia":[{"embeddable":true,"href":"https:\/\/staging.dyrsan.fr\/it\/wp-json\/wp\/v2\/media\/75614"}],"wp:attachment":[{"href":"https:\/\/staging.dyrsan.fr\/it\/wp-json\/wp\/v2\/media?parent=75617"}],"wp:term":[{"taxonomy":"product_brand","embeddable":true,"href":"https:\/\/staging.dyrsan.fr\/it\/wp-json\/wp\/v2\/product_brand?post=75617"},{"taxonomy":"product_cat","embeddable":true,"href":"https:\/\/staging.dyrsan.fr\/it\/wp-json\/wp\/v2\/product_cat?post=75617"},{"taxonomy":"product_tag","embeddable":true,"href":"https:\/\/staging.dyrsan.fr\/it\/wp-json\/wp\/v2\/product_tag?post=75617"}],"curies":[{"name":"wp","href":"https:\/\/api.w.org\/{rel}","templated":true}]}}