{"id":75593,"date":"2026-04-03T13:31:43","date_gmt":"2026-04-03T13:31:43","guid":{"rendered":"https:\/\/staging.dyrsan.fr\/?post_type=product&#038;p=75593"},"modified":"2026-04-14T12:07:22","modified_gmt":"2026-04-14T12:07:22","slug":"tissu-microfibre-fluide-et-epais-rouleau-50m","status":"publish","type":"product","link":"https:\/\/staging.dyrsan.fr\/it\/shop\/tissu-microfibre-fluide-et-epais-rouleau-50m\/","title":{"rendered":"Tissu microfibre fluide et \u00e9pais \u2014 Rouleau 50M"},"content":{"rendered":"<p>Tissu microfibre fluide et \u00e9pais, certifi\u00e9 OEKO-TEX\u00ae, offrant un toucher doux et un excellent maintien. Gr\u00e2ce \u00e0 son grammage \u00e9lev\u00e9, ce tissu microfibre est id\u00e9al pour la confection de maillots de bain confortables, r\u00e9sistants et performants, tout en conservant une belle souplesse.<\/p>\n<p>&nbsp;<\/p>\n<p><strong>Specifiche tecniche:<\/strong><br \/>\nR\u00e9f\u00e9rence : DY98068<br \/>\nComposition : 80 % polyester, 20 % spandex<br \/>\nPeso: 240 g\/m\u00b2.<br \/>\nLarghezza: 152 cm<br \/>\nLongueur du rouleau : 147 cm<br \/>\nColore: personalizzabile secondo il codice Pantone<br \/>\nCertificazione: OEKO-TEX<br \/>\nAspect : microfibre lisse, fluide et \u00e9paisse<br \/>\nUso: costumi da bagno<\/p>","protected":false},"excerpt":{"rendered":"<p>Tissu microfibre fluide et \u00e9pais, certifi\u00e9 OEKO-TEX\u00ae, offrant un toucher doux et un excellent maintien. Gr\u00e2ce \u00e0 son grammage \u00e9lev\u00e9, ce tissu microfibre est id\u00e9al pour la confection de maillots de bain confortables, r\u00e9sistants et performants, tout en conservant une belle souplesse.<\/p>\n<p>&nbsp;<\/p>\n<p><strong>Specifiche tecniche:<\/strong><br \/>\nR\u00e9f\u00e9rence : DY98068<br \/>\nComposition : 80 % polyester, 20 % spandex<br \/>\nPeso: 240 g\/m\u00b2.<br \/>\nLarghezza: 152 cm<br \/>\nLongueur du rouleau : 147 cm<br \/>\nColore: personalizzabile secondo il codice Pantone<br \/>\nCertificazione: OEKO-TEX<br \/>\nAspect : microfibre lisse, fluide et \u00e9paisse<br \/>\nUso: costumi da bagno<\/p>","protected":false},"featured_media":75590,"comment_status":"open","ping_status":"closed","template":"","meta":[],"product_brand":[],"product_cat":[495,150,184,178],"product_tag":[],"class_list":{"0":"post-75593","1":"product","2":"type-product","3":"status-publish","4":"has-post-thumbnail","6":"product_cat-rouleaux-de-tissus","7":"product_cat-tissus","8":"product_cat-tissus-eco-responsables","9":"product_cat-tissus-microfibres","11":"first","12":"instock","13":"taxable","14":"shipping-taxable","15":"purchasable","16":"product-type-simple"},"_links":{"self":[{"href":"https:\/\/staging.dyrsan.fr\/it\/wp-json\/wp\/v2\/product\/75593","targetHints":{"allow":["GET"]}}],"collection":[{"href":"https:\/\/staging.dyrsan.fr\/it\/wp-json\/wp\/v2\/product"}],"about":[{"href":"https:\/\/staging.dyrsan.fr\/it\/wp-json\/wp\/v2\/types\/product"}],"replies":[{"embeddable":true,"href":"https:\/\/staging.dyrsan.fr\/it\/wp-json\/wp\/v2\/comments?post=75593"}],"version-history":[{"count":1,"href":"https:\/\/staging.dyrsan.fr\/it\/wp-json\/wp\/v2\/product\/75593\/revisions"}],"predecessor-version":[{"id":76466,"href":"https:\/\/staging.dyrsan.fr\/it\/wp-json\/wp\/v2\/product\/75593\/revisions\/76466"}],"wp:featuredmedia":[{"embeddable":true,"href":"https:\/\/staging.dyrsan.fr\/it\/wp-json\/wp\/v2\/media\/75590"}],"wp:attachment":[{"href":"https:\/\/staging.dyrsan.fr\/it\/wp-json\/wp\/v2\/media?parent=75593"}],"wp:term":[{"taxonomy":"product_brand","embeddable":true,"href":"https:\/\/staging.dyrsan.fr\/it\/wp-json\/wp\/v2\/product_brand?post=75593"},{"taxonomy":"product_cat","embeddable":true,"href":"https:\/\/staging.dyrsan.fr\/it\/wp-json\/wp\/v2\/product_cat?post=75593"},{"taxonomy":"product_tag","embeddable":true,"href":"https:\/\/staging.dyrsan.fr\/it\/wp-json\/wp\/v2\/product_tag?post=75593"}],"curies":[{"name":"wp","href":"https:\/\/api.w.org\/{rel}","templated":true}]}}