{"id":75586,"date":"2026-04-03T13:31:21","date_gmt":"2026-04-03T13:31:21","guid":{"rendered":"https:\/\/staging.dyrsan.fr\/?post_type=product&#038;p=75586"},"modified":"2026-04-14T12:07:28","modified_gmt":"2026-04-14T12:07:28","slug":"elastic-mesh-violet-extensible-rouleau-50m","status":"publish","type":"product","link":"https:\/\/staging.dyrsan.fr\/it\/shop\/elastic-mesh-violet-extensible-rouleau-50m\/","title":{"rendered":"Elastic mesh violet extensible \u2014 Rouleau 50M"},"content":{"rendered":"<p>Elastic mesh violet extensible, l\u00e9ger et souple. Ce tissu en maille extensible offre une bonne \u00e9lasticit\u00e9 et un toucher doux, id\u00e9al pour la confection de lingerie, maillots de bain et v\u00eatements techniques n\u00e9cessitant maintien et confort.<\/p>\n<p>&nbsp;<\/p>\n<p><strong>Specifiche tecniche:<\/strong><br \/>\nR\u00e9f\u00e9rence : DY98393<br \/>\nComposition : 76 % nylon, 24 % spandex<br \/>\nPeso: 220 g\/m\u00b2.<br \/>\nLarghezza: 152 cm<br \/>\nCouleur : violet (personnalisable selon le code Pantone)<br \/>\nAspect : maille extensible<br \/>\nPropri\u00e9t\u00e9s : extensible, souple<br \/>\nUtilisation : lingerie, maillots de bain<\/p>","protected":false},"excerpt":{"rendered":"<p>Elastic mesh violet extensible, l\u00e9ger et souple. Ce tissu en maille extensible offre une bonne \u00e9lasticit\u00e9 et un toucher doux, id\u00e9al pour la confection de lingerie, maillots de bain et v\u00eatements techniques n\u00e9cessitant maintien et confort.<\/p>\n<p>&nbsp;<\/p>\n<p><strong>Specifiche tecniche:<\/strong><br \/>\nR\u00e9f\u00e9rence : DY98393<br \/>\nComposition : 76 % nylon, 24 % spandex<br \/>\nPeso: 220 g\/m\u00b2.<br \/>\nLarghezza: 152 cm<br \/>\nCouleur : violet (personnalisable selon le code Pantone)<br \/>\nAspect : maille extensible<br \/>\nPropri\u00e9t\u00e9s : extensible, souple<br \/>\nUtilisation : lingerie, maillots de bain<\/p>","protected":false},"featured_media":75584,"comment_status":"open","ping_status":"closed","template":"","meta":[],"product_brand":[],"product_cat":[495,150,179],"product_tag":[],"class_list":{"0":"post-75586","1":"product","2":"type-product","3":"status-publish","4":"has-post-thumbnail","6":"product_cat-rouleaux-de-tissus","7":"product_cat-tissus","8":"product_cat-tissus-resilles","10":"first","11":"instock","12":"taxable","13":"shipping-taxable","14":"purchasable","15":"product-type-simple"},"_links":{"self":[{"href":"https:\/\/staging.dyrsan.fr\/it\/wp-json\/wp\/v2\/product\/75586","targetHints":{"allow":["GET"]}}],"collection":[{"href":"https:\/\/staging.dyrsan.fr\/it\/wp-json\/wp\/v2\/product"}],"about":[{"href":"https:\/\/staging.dyrsan.fr\/it\/wp-json\/wp\/v2\/types\/product"}],"replies":[{"embeddable":true,"href":"https:\/\/staging.dyrsan.fr\/it\/wp-json\/wp\/v2\/comments?post=75586"}],"version-history":[{"count":1,"href":"https:\/\/staging.dyrsan.fr\/it\/wp-json\/wp\/v2\/product\/75586\/revisions"}],"predecessor-version":[{"id":76468,"href":"https:\/\/staging.dyrsan.fr\/it\/wp-json\/wp\/v2\/product\/75586\/revisions\/76468"}],"wp:featuredmedia":[{"embeddable":true,"href":"https:\/\/staging.dyrsan.fr\/it\/wp-json\/wp\/v2\/media\/75584"}],"wp:attachment":[{"href":"https:\/\/staging.dyrsan.fr\/it\/wp-json\/wp\/v2\/media?parent=75586"}],"wp:term":[{"taxonomy":"product_brand","embeddable":true,"href":"https:\/\/staging.dyrsan.fr\/it\/wp-json\/wp\/v2\/product_brand?post=75586"},{"taxonomy":"product_cat","embeddable":true,"href":"https:\/\/staging.dyrsan.fr\/it\/wp-json\/wp\/v2\/product_cat?post=75586"},{"taxonomy":"product_tag","embeddable":true,"href":"https:\/\/staging.dyrsan.fr\/it\/wp-json\/wp\/v2\/product_tag?post=75586"}],"curies":[{"name":"wp","href":"https:\/\/api.w.org\/{rel}","templated":true}]}}