{"id":75543,"date":"2026-04-03T13:29:06","date_gmt":"2026-04-03T13:29:06","guid":{"rendered":"https:\/\/staging.dyrsan.fr\/?post_type=product&#038;p=75543"},"modified":"2026-04-14T11:41:55","modified_gmt":"2026-04-14T11:41:55","slug":"tissu-plain-tricot-rose-leger-et-fluide-rouleau-50m","status":"publish","type":"product","link":"https:\/\/staging.dyrsan.fr\/it\/shop\/tissu-plain-tricot-rose-leger-et-fluide-rouleau-50m\/","title":{"rendered":"Tessuto a maglia liscia rosa chiaro e fluido - Rotolo da 50M"},"content":{"rendered":"<p>Tissu plain tricot rose l\u00e9ger et fluide.\u00a0 Ce tissu fin offre un toucher doux, un tomb\u00e9 souple et une bonne respirabilit\u00e9. Id\u00e9al pour la confection de lingerie l\u00e9g\u00e8re, doublures, pi\u00e8ces d\u00e9licates ou applications textiles n\u00e9cessitant finesse et confort.<\/p>\n<p>&nbsp;<\/p>\n<p><strong>Specifiche tecniche:<\/strong><br \/>\nR\u00e9f\u00e9rence : DY97995<br \/>\nComposition : 100 % polyester<br \/>\nPoids : 86 g\/m\u00b2<br \/>\nLarghezza: 152 cm<br \/>\nCouleur : rose (personnalisable selon code Pantone)<br \/>\nAspect : plain tricot, fin et lisse<br \/>\nPropri\u00e9t\u00e9s : l\u00e9ger, fluide, doux au toucher<br \/>\nUtilisation : lingerie l\u00e9g\u00e8re, doublure, v\u00eatements d\u00e9licats<\/p>","protected":false},"excerpt":{"rendered":"<p>Tissu plain tricot rose l\u00e9ger et fluide.\u00a0 Ce tissu fin offre un toucher doux, un tomb\u00e9 souple et une bonne respirabilit\u00e9. Id\u00e9al pour la confection de lingerie l\u00e9g\u00e8re, doublures, pi\u00e8ces d\u00e9licates ou applications textiles n\u00e9cessitant finesse et confort.<\/p>\n<p>&nbsp;<\/p>\n<p><strong>Specifiche tecniche:<\/strong><br \/>\nR\u00e9f\u00e9rence : DY97995<br \/>\nComposition : 100 % polyester<br \/>\nPoids : 86 g\/m\u00b2<br \/>\nLarghezza: 152 cm<br \/>\nCouleur : rose (personnalisable selon code Pantone)<br \/>\nAspect : plain tricot, fin et lisse<br \/>\nPropri\u00e9t\u00e9s : l\u00e9ger, fluide, doux au toucher<br \/>\nUtilisation : lingerie l\u00e9g\u00e8re, doublure, v\u00eatements d\u00e9licats<\/p>","protected":false},"featured_media":75540,"comment_status":"open","ping_status":"closed","template":"","meta":[],"product_brand":[],"product_cat":[495,150,253,456,179],"product_tag":[],"class_list":{"0":"post-75543","1":"product","2":"type-product","3":"status-publish","4":"has-post-thumbnail","6":"product_cat-rouleaux-de-tissus","7":"product_cat-tissus","8":"product_cat-tissus-pour-doublures","9":"product_cat-tissus-pour-lingerie","10":"product_cat-tissus-resilles","12":"first","13":"instock","14":"taxable","15":"shipping-taxable","16":"purchasable","17":"product-type-simple"},"_links":{"self":[{"href":"https:\/\/staging.dyrsan.fr\/it\/wp-json\/wp\/v2\/product\/75543","targetHints":{"allow":["GET"]}}],"collection":[{"href":"https:\/\/staging.dyrsan.fr\/it\/wp-json\/wp\/v2\/product"}],"about":[{"href":"https:\/\/staging.dyrsan.fr\/it\/wp-json\/wp\/v2\/types\/product"}],"replies":[{"embeddable":true,"href":"https:\/\/staging.dyrsan.fr\/it\/wp-json\/wp\/v2\/comments?post=75543"}],"version-history":[{"count":1,"href":"https:\/\/staging.dyrsan.fr\/it\/wp-json\/wp\/v2\/product\/75543\/revisions"}],"predecessor-version":[{"id":76402,"href":"https:\/\/staging.dyrsan.fr\/it\/wp-json\/wp\/v2\/product\/75543\/revisions\/76402"}],"wp:featuredmedia":[{"embeddable":true,"href":"https:\/\/staging.dyrsan.fr\/it\/wp-json\/wp\/v2\/media\/75540"}],"wp:attachment":[{"href":"https:\/\/staging.dyrsan.fr\/it\/wp-json\/wp\/v2\/media?parent=75543"}],"wp:term":[{"taxonomy":"product_brand","embeddable":true,"href":"https:\/\/staging.dyrsan.fr\/it\/wp-json\/wp\/v2\/product_brand?post=75543"},{"taxonomy":"product_cat","embeddable":true,"href":"https:\/\/staging.dyrsan.fr\/it\/wp-json\/wp\/v2\/product_cat?post=75543"},{"taxonomy":"product_tag","embeddable":true,"href":"https:\/\/staging.dyrsan.fr\/it\/wp-json\/wp\/v2\/product_tag?post=75543"}],"curies":[{"name":"wp","href":"https:\/\/api.w.org\/{rel}","templated":true}]}}