{"id":75523,"date":"2026-04-03T13:28:02","date_gmt":"2026-04-03T13:28:02","guid":{"rendered":"https:\/\/staging.dyrsan.fr\/?post_type=product&#038;p=75523"},"modified":"2026-04-14T12:08:20","modified_gmt":"2026-04-14T12:08:20","slug":"tissu-jacquard-metallise-dore-rouleau-50m","status":"publish","type":"product","link":"https:\/\/staging.dyrsan.fr\/it\/shop\/tissu-jacquard-metallise-dore-rouleau-50m\/","title":{"rendered":"Tissu jacquard m\u00e9tallis\u00e9 dor\u00e9 \u2014 Rouleau 50M"},"content":{"rendered":"<p>Tissu jacquard m\u00e9tallis\u00e9 dor\u00e9, au rendu lumineux et textur\u00e9. Ce jacquard extensible \u00e0 base de polyamide recycl\u00e9 offre un effet brillant sophistiqu\u00e9 et une bonne tenue. Id\u00e9al pour la confection de pi\u00e8ces mode premium, de maillots de bain \u00e9l\u00e9gants ou de v\u00eatements de sc\u00e8ne \u00e0 fort impact visuel.<\/p>\n<p>&nbsp;<\/p>\n<p><strong>Specifiche tecniche:<\/strong><br \/>\nR\u00e9f\u00e9rence : DY80080<br \/>\nComposition : 72 % polyamide recycl\u00e9, 13 % polyamide, 11 % fibre m\u00e9tallis\u00e9e, 4 % \u00e9lasthanne<br \/>\nPeso: 220 g\/m\u00b2.<br \/>\nLarghezza: 125 cm<br \/>\nCouleur : dor\u00e9 \/ m\u00e9tallis\u00e9 (personnalisable selon code Pantone)<br \/>\nAspect : jacquard textur\u00e9 \u00e0 effet m\u00e9tallis\u00e9<br \/>\nPropri\u00e9t\u00e9s : extensible, lumineux, bonne tenue, effet scintillant<br \/>\nUtilisation : pi\u00e8ces mode premium, maillots de bain sophistiqu\u00e9s, tenues de sc\u00e8ne, d\u00e9tails d\u00e9coratifs<br \/>\nOrigine: Cina<\/p>","protected":false},"excerpt":{"rendered":"<p>Tissu jacquard m\u00e9tallis\u00e9 dor\u00e9, au rendu lumineux et textur\u00e9. Ce jacquard extensible \u00e0 base de polyamide recycl\u00e9 offre un effet brillant sophistiqu\u00e9 et une bonne tenue. Id\u00e9al pour la confection de pi\u00e8ces mode premium, de maillots de bain \u00e9l\u00e9gants ou de v\u00eatements de sc\u00e8ne \u00e0 fort impact visuel.<\/p>\n<p>&nbsp;<\/p>\n<p><strong>Specifiche tecniche:<\/strong><br \/>\nR\u00e9f\u00e9rence : DY80080<br \/>\nComposition : 72 % polyamide recycl\u00e9, 13 % polyamide, 11 % fibre m\u00e9tallis\u00e9e, 4 % \u00e9lasthanne<br \/>\nPeso: 220 g\/m\u00b2.<br \/>\nLarghezza: 125 cm<br \/>\nCouleur : dor\u00e9 \/ m\u00e9tallis\u00e9 (personnalisable selon code Pantone)<br \/>\nAspect : jacquard textur\u00e9 \u00e0 effet m\u00e9tallis\u00e9<br \/>\nPropri\u00e9t\u00e9s : extensible, lumineux, bonne tenue, effet scintillant<br \/>\nUtilisation : pi\u00e8ces mode premium, maillots de bain sophistiqu\u00e9s, tenues de sc\u00e8ne, d\u00e9tails d\u00e9coratifs<br \/>\nOrigine: Cina<\/p>","protected":false},"featured_media":75519,"comment_status":"open","ping_status":"closed","template":"","meta":[],"product_brand":[],"product_cat":[495,150,251,197],"product_tag":[],"class_list":{"0":"post-75523","1":"product","2":"type-product","3":"status-publish","4":"has-post-thumbnail","6":"product_cat-rouleaux-de-tissus","7":"product_cat-tissus","8":"product_cat-tissus-jersey","9":"product_cat-tissus-recycles","11":"first","12":"instock","13":"taxable","14":"shipping-taxable","15":"purchasable","16":"product-type-simple"},"_links":{"self":[{"href":"https:\/\/staging.dyrsan.fr\/it\/wp-json\/wp\/v2\/product\/75523","targetHints":{"allow":["GET"]}}],"collection":[{"href":"https:\/\/staging.dyrsan.fr\/it\/wp-json\/wp\/v2\/product"}],"about":[{"href":"https:\/\/staging.dyrsan.fr\/it\/wp-json\/wp\/v2\/types\/product"}],"replies":[{"embeddable":true,"href":"https:\/\/staging.dyrsan.fr\/it\/wp-json\/wp\/v2\/comments?post=75523"}],"version-history":[{"count":1,"href":"https:\/\/staging.dyrsan.fr\/it\/wp-json\/wp\/v2\/product\/75523\/revisions"}],"predecessor-version":[{"id":76486,"href":"https:\/\/staging.dyrsan.fr\/it\/wp-json\/wp\/v2\/product\/75523\/revisions\/76486"}],"wp:featuredmedia":[{"embeddable":true,"href":"https:\/\/staging.dyrsan.fr\/it\/wp-json\/wp\/v2\/media\/75519"}],"wp:attachment":[{"href":"https:\/\/staging.dyrsan.fr\/it\/wp-json\/wp\/v2\/media?parent=75523"}],"wp:term":[{"taxonomy":"product_brand","embeddable":true,"href":"https:\/\/staging.dyrsan.fr\/it\/wp-json\/wp\/v2\/product_brand?post=75523"},{"taxonomy":"product_cat","embeddable":true,"href":"https:\/\/staging.dyrsan.fr\/it\/wp-json\/wp\/v2\/product_cat?post=75523"},{"taxonomy":"product_tag","embeddable":true,"href":"https:\/\/staging.dyrsan.fr\/it\/wp-json\/wp\/v2\/product_tag?post=75523"}],"curies":[{"name":"wp","href":"https:\/\/api.w.org\/{rel}","templated":true}]}}