{"id":75514,"date":"2026-04-03T13:27:35","date_gmt":"2026-04-03T13:27:35","guid":{"rendered":"https:\/\/staging.dyrsan.fr\/?post_type=product&#038;p=75514"},"modified":"2026-04-14T12:08:26","modified_gmt":"2026-04-14T12:08:26","slug":"tissu-interlock-effet-laine-extensible-rouleau-50m","status":"publish","type":"product","link":"https:\/\/staging.dyrsan.fr\/it\/shop\/tissu-interlock-effet-laine-extensible-rouleau-50m\/","title":{"rendered":"Tissu interlock effet laine extensible \u2014 Rouleau 50M"},"content":{"rendered":"<p>Tissu interlock effet laine extensible, doux et confortable. Cette maille \u00e9paisse et souple offre une bonne tenue, une \u00e9lasticit\u00e9 appr\u00e9ciable et un toucher chaleureux, id\u00e9ale pour la confection de v\u00eatements confort premium, de pi\u00e8ces cosy et de cr\u00e9ations mode structur\u00e9es alliant confort, chaleur et modernit\u00e9.<\/p>\n<p>&nbsp;<\/p>\n<p><strong>Specifiche tecniche:<\/strong><br \/>\nR\u00e9f\u00e9rence : DY72208<br \/>\nComposition : 61 % acrylique, 28 % viscose, 11 % spandex<br \/>\nPoids : 280 g\/m\u00b2<br \/>\nLargeur : 170 cm<br \/>\nCouleur : rouge brique \/ terracotta (personnalisable selon code Pantone)<br \/>\nAspect : maille interlock, effet lain\u00e9<br \/>\nPropri\u00e9t\u00e9s : extensible, doux, chaud, bonne tenue<br \/>\nUtilisation : v\u00eatements confort, robes, pantalons, tops structur\u00e9s, pi\u00e8ces casual chic<br \/>\nOrigine: Cina<\/p>","protected":false},"excerpt":{"rendered":"<p>Tissu interlock effet laine extensible, doux et confortable. Cette maille \u00e9paisse et souple offre une bonne tenue, une \u00e9lasticit\u00e9 appr\u00e9ciable et un toucher chaleureux, id\u00e9ale pour la confection de v\u00eatements confort premium, de pi\u00e8ces cosy et de cr\u00e9ations mode structur\u00e9es alliant confort, chaleur et modernit\u00e9.<\/p>\n<p>&nbsp;<\/p>\n<p><strong>Specifiche tecniche:<\/strong><br \/>\nR\u00e9f\u00e9rence : DY72208<br \/>\nComposition : 61 % acrylique, 28 % viscose, 11 % spandex<br \/>\nPoids : 280 g\/m\u00b2<br \/>\nLargeur : 170 cm<br \/>\nCouleur : rouge brique \/ terracotta (personnalisable selon code Pantone)<br \/>\nAspect : maille interlock, effet lain\u00e9<br \/>\nPropri\u00e9t\u00e9s : extensible, doux, chaud, bonne tenue<br \/>\nUtilisation : v\u00eatements confort, robes, pantalons, tops structur\u00e9s, pi\u00e8ces casual chic<br \/>\nOrigine: Cina<\/p>","protected":false},"featured_media":75510,"comment_status":"open","ping_status":"closed","template":"","meta":[],"product_brand":[],"product_cat":[495,150,197,250],"product_tag":[],"class_list":{"0":"post-75514","1":"product","2":"type-product","3":"status-publish","4":"has-post-thumbnail","6":"product_cat-rouleaux-de-tissus","7":"product_cat-tissus","8":"product_cat-tissus-recycles","9":"product_cat-tissus-velours","11":"first","12":"instock","13":"taxable","14":"shipping-taxable","15":"purchasable","16":"product-type-simple"},"_links":{"self":[{"href":"https:\/\/staging.dyrsan.fr\/it\/wp-json\/wp\/v2\/product\/75514","targetHints":{"allow":["GET"]}}],"collection":[{"href":"https:\/\/staging.dyrsan.fr\/it\/wp-json\/wp\/v2\/product"}],"about":[{"href":"https:\/\/staging.dyrsan.fr\/it\/wp-json\/wp\/v2\/types\/product"}],"replies":[{"embeddable":true,"href":"https:\/\/staging.dyrsan.fr\/it\/wp-json\/wp\/v2\/comments?post=75514"}],"version-history":[{"count":1,"href":"https:\/\/staging.dyrsan.fr\/it\/wp-json\/wp\/v2\/product\/75514\/revisions"}],"predecessor-version":[{"id":76488,"href":"https:\/\/staging.dyrsan.fr\/it\/wp-json\/wp\/v2\/product\/75514\/revisions\/76488"}],"wp:featuredmedia":[{"embeddable":true,"href":"https:\/\/staging.dyrsan.fr\/it\/wp-json\/wp\/v2\/media\/75510"}],"wp:attachment":[{"href":"https:\/\/staging.dyrsan.fr\/it\/wp-json\/wp\/v2\/media?parent=75514"}],"wp:term":[{"taxonomy":"product_brand","embeddable":true,"href":"https:\/\/staging.dyrsan.fr\/it\/wp-json\/wp\/v2\/product_brand?post=75514"},{"taxonomy":"product_cat","embeddable":true,"href":"https:\/\/staging.dyrsan.fr\/it\/wp-json\/wp\/v2\/product_cat?post=75514"},{"taxonomy":"product_tag","embeddable":true,"href":"https:\/\/staging.dyrsan.fr\/it\/wp-json\/wp\/v2\/product_tag?post=75514"}],"curies":[{"name":"wp","href":"https:\/\/api.w.org\/{rel}","templated":true}]}}