{"id":75462,"date":"2026-04-03T13:24:50","date_gmt":"2026-04-03T13:24:50","guid":{"rendered":"https:\/\/staging.dyrsan.fr\/?post_type=product&#038;p=75462"},"modified":"2026-04-14T12:09:13","modified_gmt":"2026-04-14T12:09:13","slug":"tissu-mesh-rouge-extensible-ultra-leger-rouleau-50m","status":"publish","type":"product","link":"https:\/\/staging.dyrsan.fr\/it\/shop\/tissu-mesh-rouge-extensible-ultra-leger-rouleau-50m\/","title":{"rendered":"Tissu mesh rouge extensible ultra l\u00e9ger \u2014 Rouleau 50M"},"content":{"rendered":"<p>Tissu mesh rouge extensible ultra l\u00e9ger. Cette r\u00e9sille fine en nylon offre une excellente transparence, une grande l\u00e9g\u00e8ret\u00e9 et une \u00e9lasticit\u00e9 confortable. Id\u00e9ale pour la confection de lingerie d\u00e9licate, de pi\u00e8ces techniques, de superpositions a\u00e9riennes ou de d\u00e9tails mode, elle allie finesse, respirabilit\u00e9 et performance.<\/p>\n<p><strong>Specifiche tecniche:<\/strong><br \/>\nR\u00e9f\u00e9rence : DY92204<br \/>\nComposition : 88 % nylon, 12 % spandex<br \/>\nPoids : 58 g\/m\u00b2<br \/>\nLarghezza: 152 cm<br \/>\nCouleur : rouge (personnalisable selon code Pantone)<br \/>\nAspect : mesh fin, tr\u00e8s transparent<br \/>\nPropri\u00e9t\u00e9s : ultra l\u00e9ger, extensible, respirant, souple<br \/>\nUtilisation : lingerie fine, empi\u00e8cements stretch, doublures l\u00e9g\u00e8res, v\u00eatements seconde peau, d\u00e9tails d\u00e9coratifs<br \/>\nOrigine: Cina<\/p>","protected":false},"excerpt":{"rendered":"<p>Tissu mesh rouge extensible ultra l\u00e9ger. Cette r\u00e9sille fine en nylon offre une excellente transparence, une grande l\u00e9g\u00e8ret\u00e9 et une \u00e9lasticit\u00e9 confortable. Id\u00e9ale pour la confection de lingerie d\u00e9licate, de pi\u00e8ces techniques, de superpositions a\u00e9riennes ou de d\u00e9tails mode, elle allie finesse, respirabilit\u00e9 et performance.<\/p>\n<p><strong>Specifiche tecniche:<\/strong><br \/>\nR\u00e9f\u00e9rence : DY92204<br \/>\nComposition : 88 % nylon, 12 % spandex<br \/>\nPoids : 58 g\/m\u00b2<br \/>\nLarghezza: 152 cm<br \/>\nCouleur : rouge (personnalisable selon code Pantone)<br \/>\nAspect : mesh fin, tr\u00e8s transparent<br \/>\nPropri\u00e9t\u00e9s : ultra l\u00e9ger, extensible, respirant, souple<br \/>\nUtilisation : lingerie fine, empi\u00e8cements stretch, doublures l\u00e9g\u00e8res, v\u00eatements seconde peau, d\u00e9tails d\u00e9coratifs<br \/>\nOrigine: Cina<\/p>","protected":false},"featured_media":75459,"comment_status":"open","ping_status":"closed","template":"","meta":[],"product_brand":[],"product_cat":[495,150,151,180,197],"product_tag":[],"class_list":{"0":"post-75462","1":"product","2":"type-product","3":"status-publish","4":"has-post-thumbnail","6":"product_cat-rouleaux-de-tissus","7":"product_cat-tissus","8":"product_cat-tissus-lycra-extensibles","9":"product_cat-tissus-mailles-jacquard","10":"product_cat-tissus-recycles","12":"first","13":"instock","14":"taxable","15":"shipping-taxable","16":"purchasable","17":"product-type-simple"},"_links":{"self":[{"href":"https:\/\/staging.dyrsan.fr\/it\/wp-json\/wp\/v2\/product\/75462","targetHints":{"allow":["GET"]}}],"collection":[{"href":"https:\/\/staging.dyrsan.fr\/it\/wp-json\/wp\/v2\/product"}],"about":[{"href":"https:\/\/staging.dyrsan.fr\/it\/wp-json\/wp\/v2\/types\/product"}],"replies":[{"embeddable":true,"href":"https:\/\/staging.dyrsan.fr\/it\/wp-json\/wp\/v2\/comments?post=75462"}],"version-history":[{"count":1,"href":"https:\/\/staging.dyrsan.fr\/it\/wp-json\/wp\/v2\/product\/75462\/revisions"}],"predecessor-version":[{"id":76503,"href":"https:\/\/staging.dyrsan.fr\/it\/wp-json\/wp\/v2\/product\/75462\/revisions\/76503"}],"wp:featuredmedia":[{"embeddable":true,"href":"https:\/\/staging.dyrsan.fr\/it\/wp-json\/wp\/v2\/media\/75459"}],"wp:attachment":[{"href":"https:\/\/staging.dyrsan.fr\/it\/wp-json\/wp\/v2\/media?parent=75462"}],"wp:term":[{"taxonomy":"product_brand","embeddable":true,"href":"https:\/\/staging.dyrsan.fr\/it\/wp-json\/wp\/v2\/product_brand?post=75462"},{"taxonomy":"product_cat","embeddable":true,"href":"https:\/\/staging.dyrsan.fr\/it\/wp-json\/wp\/v2\/product_cat?post=75462"},{"taxonomy":"product_tag","embeddable":true,"href":"https:\/\/staging.dyrsan.fr\/it\/wp-json\/wp\/v2\/product_tag?post=75462"}],"curies":[{"name":"wp","href":"https:\/\/api.w.org\/{rel}","templated":true}]}}