{"id":75439,"date":"2026-04-03T13:23:35","date_gmt":"2026-04-03T13:23:35","guid":{"rendered":"https:\/\/staging.dyrsan.fr\/?post_type=product&#038;p=75439"},"modified":"2026-04-14T12:09:36","modified_gmt":"2026-04-14T12:09:36","slug":"tissu-lurex-vert-metallise-extensible-rouleau-50m","status":"publish","type":"product","link":"https:\/\/staging.dyrsan.fr\/it\/shop\/tissu-lurex-vert-metallise-extensible-rouleau-50m\/","title":{"rendered":"Tessuto lurex elasticizzato verde metallizzato - rotolo da 50M"},"content":{"rendered":"<p>Tissu lurex vert m\u00e9tallis\u00e9 extensible, \u00e0 base de polyamide recycl\u00e9. Ce tissu stretch au fini scintillant offre un rendu lumineux et contemporain, combin\u00e9 \u00e0 une bonne \u00e9lasticit\u00e9 et un confort optimal. Id\u00e9al pour la confection de maillots de bain premium, de v\u00eatements de sc\u00e8ne ou de pi\u00e8ces mode \u00e0 fort impact visuel.<\/p>\n<p>&nbsp;<\/p>\n<p><strong>Specifiche tecniche:<\/strong><br \/>\nR\u00e9f\u00e9rence : DY80077<br \/>\nComposition : 67 % polyamide recycl\u00e9, 12 % polyamide, 10 % m\u00e9tallis\u00e9, 11 % spandex<br \/>\nPoids : 180 g\/m\u00b2<br \/>\nLarghezza: 140 cm<br \/>\nCouleur : vert m\u00e9tallis\u00e9 (personnalisable selon code Pantone)<br \/>\nAspect : jacquard \u00e0 effet scintillant<br \/>\nPropri\u00e9t\u00e9s : extensible, lumineux, bonne tenue, toucher lisse<br \/>\nUtilisation : maillots de bain, beachwear, pi\u00e8ces mode, tenues de sc\u00e8ne<\/p>","protected":false},"excerpt":{"rendered":"<p>Tissu lurex vert m\u00e9tallis\u00e9 extensible, \u00e0 base de polyamide recycl\u00e9. Ce tissu stretch au fini scintillant offre un rendu lumineux et contemporain, combin\u00e9 \u00e0 une bonne \u00e9lasticit\u00e9 et un confort optimal. Id\u00e9al pour la confection de maillots de bain premium, de v\u00eatements de sc\u00e8ne ou de pi\u00e8ces mode \u00e0 fort impact visuel.<\/p>\n<p>&nbsp;<\/p>\n<p><strong>Specifiche tecniche:<\/strong><br \/>\nR\u00e9f\u00e9rence : DY80077<br \/>\nComposition : 67 % polyamide recycl\u00e9, 12 % polyamide, 10 % m\u00e9tallis\u00e9, 11 % spandex<br \/>\nPoids : 180 g\/m\u00b2<br \/>\nLarghezza: 140 cm<br \/>\nCouleur : vert m\u00e9tallis\u00e9 (personnalisable selon code Pantone)<br \/>\nAspect : jacquard \u00e0 effet scintillant<br \/>\nPropri\u00e9t\u00e9s : extensible, lumineux, bonne tenue, toucher lisse<br \/>\nUtilisation : maillots de bain, beachwear, pi\u00e8ces mode, tenues de sc\u00e8ne<\/p>\n<div id=\"simple-translate\" class=\"simple-translate-system-theme\">\n<div>\n<div class=\"simple-translate-button isShow\" style=\"height: 22px;width: 22px;top: 191px;left: 237px\"><\/div>\n<div class=\"simple-translate-panel\" style=\"width: 300px;height: 200px;top: 0px;left: 0px;font-size: 13px\">\n<div class=\"simple-translate-result-wrapper\" style=\"overflow: hidden\">\n<div class=\"simple-translate-move\"><\/div>\n<div class=\"simple-translate-result-contents\">\n<p class=\"simple-translate-result\" dir=\"auto\">\n<p class=\"simple-translate-candidate\" dir=\"auto\">\n<\/div>\n<\/div>\n<\/div>\n<\/div>\n<\/div>","protected":false},"featured_media":75436,"comment_status":"open","ping_status":"closed","template":"","meta":[],"product_brand":[],"product_cat":[495,150,193,455],"product_tag":[],"class_list":{"0":"post-75439","1":"product","2":"type-product","3":"status-publish","4":"has-post-thumbnail","6":"product_cat-rouleaux-de-tissus","7":"product_cat-tissus","8":"product_cat-tissus-lurex-brillants","9":"product_cat-tissus-maillots-de-bain","11":"first","12":"instock","13":"taxable","14":"shipping-taxable","15":"purchasable","16":"product-type-simple"},"_links":{"self":[{"href":"https:\/\/staging.dyrsan.fr\/it\/wp-json\/wp\/v2\/product\/75439","targetHints":{"allow":["GET"]}}],"collection":[{"href":"https:\/\/staging.dyrsan.fr\/it\/wp-json\/wp\/v2\/product"}],"about":[{"href":"https:\/\/staging.dyrsan.fr\/it\/wp-json\/wp\/v2\/types\/product"}],"replies":[{"embeddable":true,"href":"https:\/\/staging.dyrsan.fr\/it\/wp-json\/wp\/v2\/comments?post=75439"}],"version-history":[{"count":1,"href":"https:\/\/staging.dyrsan.fr\/it\/wp-json\/wp\/v2\/product\/75439\/revisions"}],"predecessor-version":[{"id":76511,"href":"https:\/\/staging.dyrsan.fr\/it\/wp-json\/wp\/v2\/product\/75439\/revisions\/76511"}],"wp:featuredmedia":[{"embeddable":true,"href":"https:\/\/staging.dyrsan.fr\/it\/wp-json\/wp\/v2\/media\/75436"}],"wp:attachment":[{"href":"https:\/\/staging.dyrsan.fr\/it\/wp-json\/wp\/v2\/media?parent=75439"}],"wp:term":[{"taxonomy":"product_brand","embeddable":true,"href":"https:\/\/staging.dyrsan.fr\/it\/wp-json\/wp\/v2\/product_brand?post=75439"},{"taxonomy":"product_cat","embeddable":true,"href":"https:\/\/staging.dyrsan.fr\/it\/wp-json\/wp\/v2\/product_cat?post=75439"},{"taxonomy":"product_tag","embeddable":true,"href":"https:\/\/staging.dyrsan.fr\/it\/wp-json\/wp\/v2\/product_tag?post=75439"}],"curies":[{"name":"wp","href":"https:\/\/api.w.org\/{rel}","templated":true}]}}