{"id":74235,"date":"2026-04-03T14:23:45","date_gmt":"2026-04-03T14:23:45","guid":{"rendered":"https:\/\/staging.dyrsan.fr\/?post_type=product&#038;p=74235"},"modified":"2026-04-14T10:10:16","modified_gmt":"2026-04-14T10:10:16","slug":"tissu-jacquard-extensible-a-motif-geometrique-structure","status":"publish","type":"product","link":"https:\/\/staging.dyrsan.fr\/it\/shop\/tissu-jacquard-extensible-a-motif-geometrique-structure\/","title":{"rendered":"Tessuto jacquard elasticizzato con motivo geometrico strutturato"},"content":{"rendered":"<p>Tissu jacquard extensible \u00e0 motif g\u00e9om\u00e9trique structur\u00e9, int\u00e9grant une forte proportion de nylon recycl\u00e9. Dense et textur\u00e9, ce tissu offre un excellent maintien, une belle \u00e9lasticit\u00e9 et un rendu visuel sophistiqu\u00e9. Id\u00e9al pour la lingerie technique, les pi\u00e8ces gainantes, le swimwear structur\u00e9 ou les cr\u00e9ations mode \u00e0 forte valeur ajout\u00e9e, alliant design, performance et engagement responsable.<\/p>\n<p><strong>Specifiche tecniche:<\/strong><br \/>\nR\u00e9f\u00e9rence : DY80117<br \/>\nComposition : 33 % nylon, 61 % nylon recycl\u00e9, 6 % spandex<br \/>\nPeso: 275 g\/m\u00b2.<br \/>\nLarghezza: 130 cm<br \/>\nCouleur : rouge<br \/>\nAspect : jacquard textur\u00e9, motif g\u00e9om\u00e9trique ajour\u00e9<br \/>\nPropri\u00e9t\u00e9s : extensible, maintien \u00e9lev\u00e9, bonne tenue, respirant<br \/>\nUtilisation : lingerie structur\u00e9e, shapewear, swimwear, activewear mode, pi\u00e8ces couture<\/p>","protected":false},"excerpt":{"rendered":"<p>Tissu jacquard extensible \u00e0 motif g\u00e9om\u00e9trique structur\u00e9, int\u00e9grant une forte proportion de nylon recycl\u00e9. Dense et textur\u00e9, ce tissu offre un excellent maintien, une belle \u00e9lasticit\u00e9 et un rendu visuel sophistiqu\u00e9. Id\u00e9al pour la lingerie technique, les pi\u00e8ces gainantes, le swimwear structur\u00e9 ou les cr\u00e9ations mode \u00e0 forte valeur ajout\u00e9e, alliant design, performance et engagement responsable.<\/p>\n<p><strong>Specifiche tecniche:<\/strong><br \/>\nR\u00e9f\u00e9rence : DY80117<br \/>\nComposition : 33 % nylon, 61 % nylon recycl\u00e9, 6 % spandex<br \/>\nPeso: 275 g\/m\u00b2.<br \/>\nLarghezza: 130 cm<br \/>\nCouleur : rouge<br \/>\nAspect : jacquard textur\u00e9, motif g\u00e9om\u00e9trique ajour\u00e9<br \/>\nPropri\u00e9t\u00e9s : extensible, maintien \u00e9lev\u00e9, bonne tenue, respirant<br \/>\nUtilisation : lingerie structur\u00e9e, shapewear, swimwear, activewear mode, pi\u00e8ces couture<\/p>","protected":false},"featured_media":74279,"comment_status":"open","ping_status":"closed","template":"","meta":[],"product_brand":[370],"product_cat":[150,180,197],"product_tag":[],"class_list":{"0":"post-74235","1":"product","2":"type-product","3":"status-publish","4":"has-post-thumbnail","6":"product_brand-dyrsan","7":"product_cat-tissus","8":"product_cat-tissus-mailles-jacquard","9":"product_cat-tissus-recycles","11":"first","12":"instock","13":"taxable","14":"shipping-taxable","15":"purchasable","16":"product-type-simple"},"_links":{"self":[{"href":"https:\/\/staging.dyrsan.fr\/it\/wp-json\/wp\/v2\/product\/74235","targetHints":{"allow":["GET"]}}],"collection":[{"href":"https:\/\/staging.dyrsan.fr\/it\/wp-json\/wp\/v2\/product"}],"about":[{"href":"https:\/\/staging.dyrsan.fr\/it\/wp-json\/wp\/v2\/types\/product"}],"replies":[{"embeddable":true,"href":"https:\/\/staging.dyrsan.fr\/it\/wp-json\/wp\/v2\/comments?post=74235"}],"version-history":[{"count":4,"href":"https:\/\/staging.dyrsan.fr\/it\/wp-json\/wp\/v2\/product\/74235\/revisions"}],"predecessor-version":[{"id":75820,"href":"https:\/\/staging.dyrsan.fr\/it\/wp-json\/wp\/v2\/product\/74235\/revisions\/75820"}],"wp:featuredmedia":[{"embeddable":true,"href":"https:\/\/staging.dyrsan.fr\/it\/wp-json\/wp\/v2\/media\/74279"}],"wp:attachment":[{"href":"https:\/\/staging.dyrsan.fr\/it\/wp-json\/wp\/v2\/media?parent=74235"}],"wp:term":[{"taxonomy":"product_brand","embeddable":true,"href":"https:\/\/staging.dyrsan.fr\/it\/wp-json\/wp\/v2\/product_brand?post=74235"},{"taxonomy":"product_cat","embeddable":true,"href":"https:\/\/staging.dyrsan.fr\/it\/wp-json\/wp\/v2\/product_cat?post=74235"},{"taxonomy":"product_tag","embeddable":true,"href":"https:\/\/staging.dyrsan.fr\/it\/wp-json\/wp\/v2\/product_tag?post=74235"}],"curies":[{"name":"wp","href":"https:\/\/api.w.org\/{rel}","templated":true}]}}