{"id":74212,"date":"2026-04-03T14:27:34","date_gmt":"2026-04-03T14:27:34","guid":{"rendered":"https:\/\/staging.dyrsan.fr\/?post_type=product&#038;p=74212"},"modified":"2026-04-14T10:10:55","modified_gmt":"2026-04-14T10:10:55","slug":"tissu-lurex-dore-metallise-extensible","status":"publish","type":"product","link":"https:\/\/staging.dyrsan.fr\/it\/shop\/tissu-lurex-dore-metallise-extensible\/","title":{"rendered":"Tessuto Lurex metallizzato oro elasticizzato"},"content":{"rendered":"<p>Tissu Lurex dor\u00e9 m\u00e9tallis\u00e9 extensible. Ce tissu sophistiqu\u00e9 int\u00e8gre un fil m\u00e9tallique subtil qui apporte \u00e9clat et modernit\u00e9 tout en conservant une bonne \u00e9lasticit\u00e9.<\/p>\n<p>&nbsp;<\/p>\n<p><strong>Specifiche tecniche:<\/strong><br \/>\nR\u00e9f\u00e9rence : DY80133<br \/>\nComposition : 79 % nylon, 10 % fil m\u00e9tallique, 11 % spandex<br \/>\nPeso: 190 g\/m\u00b2.<br \/>\nLarghezza: 152 cm<br \/>\nCouleur : dor\u00e9 (personnalisable selon code Pantone)<br \/>\nAspect : Lurex m\u00e9tallis\u00e9, l\u00e9g\u00e8rement brillant<br \/>\nPropri\u00e9t\u00e9s : extensible, souple, effet scintillant<br \/>\nUtilisation : lingerie mode, maillots de bain, bikini, robes<\/p>","protected":false},"excerpt":{"rendered":"<p>Tissu Lurex dor\u00e9 m\u00e9tallis\u00e9 extensible. Ce tissu sophistiqu\u00e9 int\u00e8gre un fil m\u00e9tallique subtil qui apporte \u00e9clat et modernit\u00e9 tout en conservant une bonne \u00e9lasticit\u00e9.<\/p>\n<p>&nbsp;<\/p>\n<p><strong>Specifiche tecniche:<\/strong><br \/>\nR\u00e9f\u00e9rence : DY80133<br \/>\nComposition : 79 % nylon, 10 % fil m\u00e9tallique, 11 % spandex<br \/>\nPeso: 190 g\/m\u00b2.<br \/>\nLarghezza: 152 cm<br \/>\nCouleur : dor\u00e9 (personnalisable selon code Pantone)<br \/>\nAspect : Lurex m\u00e9tallis\u00e9, l\u00e9g\u00e8rement brillant<br \/>\nPropri\u00e9t\u00e9s : extensible, souple, effet scintillant<br \/>\nUtilisation : lingerie mode, maillots de bain, bikini, robes<\/p>","protected":false},"featured_media":74299,"comment_status":"open","ping_status":"closed","template":"","meta":[],"product_brand":[370],"product_cat":[150,193,455,197],"product_tag":[],"class_list":{"0":"post-74212","1":"product","2":"type-product","3":"status-publish","4":"has-post-thumbnail","6":"product_brand-dyrsan","7":"product_cat-tissus","8":"product_cat-tissus-lurex-brillants","9":"product_cat-tissus-maillots-de-bain","10":"product_cat-tissus-recycles","12":"first","13":"instock","14":"taxable","15":"shipping-taxable","16":"purchasable","17":"product-type-simple"},"_links":{"self":[{"href":"https:\/\/staging.dyrsan.fr\/it\/wp-json\/wp\/v2\/product\/74212","targetHints":{"allow":["GET"]}}],"collection":[{"href":"https:\/\/staging.dyrsan.fr\/it\/wp-json\/wp\/v2\/product"}],"about":[{"href":"https:\/\/staging.dyrsan.fr\/it\/wp-json\/wp\/v2\/types\/product"}],"replies":[{"embeddable":true,"href":"https:\/\/staging.dyrsan.fr\/it\/wp-json\/wp\/v2\/comments?post=74212"}],"version-history":[{"count":5,"href":"https:\/\/staging.dyrsan.fr\/it\/wp-json\/wp\/v2\/product\/74212\/revisions"}],"predecessor-version":[{"id":75824,"href":"https:\/\/staging.dyrsan.fr\/it\/wp-json\/wp\/v2\/product\/74212\/revisions\/75824"}],"wp:featuredmedia":[{"embeddable":true,"href":"https:\/\/staging.dyrsan.fr\/it\/wp-json\/wp\/v2\/media\/74299"}],"wp:attachment":[{"href":"https:\/\/staging.dyrsan.fr\/it\/wp-json\/wp\/v2\/media?parent=74212"}],"wp:term":[{"taxonomy":"product_brand","embeddable":true,"href":"https:\/\/staging.dyrsan.fr\/it\/wp-json\/wp\/v2\/product_brand?post=74212"},{"taxonomy":"product_cat","embeddable":true,"href":"https:\/\/staging.dyrsan.fr\/it\/wp-json\/wp\/v2\/product_cat?post=74212"},{"taxonomy":"product_tag","embeddable":true,"href":"https:\/\/staging.dyrsan.fr\/it\/wp-json\/wp\/v2\/product_tag?post=74212"}],"curies":[{"name":"wp","href":"https:\/\/api.w.org\/{rel}","templated":true}]}}