{"id":74196,"date":"2026-04-03T14:24:57","date_gmt":"2026-04-03T14:24:57","guid":{"rendered":"https:\/\/staging.dyrsan.fr\/?post_type=product&#038;p=74196"},"modified":"2026-04-14T10:10:45","modified_gmt":"2026-04-14T10:10:45","slug":"tissu-microfibre-bleu-extensible","status":"publish","type":"product","link":"https:\/\/staging.dyrsan.fr\/it\/shop\/tissu-microfibre-bleu-extensible\/","title":{"rendered":"Tissu microfibre bleu extensible"},"content":{"rendered":"<p>Tissu microfibre bleu extensible, \u00a0et int\u00e9grant du polyester recycl\u00e9. Cette microfibre l\u00e9g\u00e8re et fluide offre un toucher doux, une excellente \u00e9lasticit\u00e9 et un confort optimal. Id\u00e9ale pour la confection de maillots de bain, de lingerie moderne et de v\u00eatements techniques alliant performance, durabilit\u00e9 et \u00e9l\u00e9gance.<\/p>\n<p>&nbsp;<\/p>\n<p><strong>Specifiche tecniche:<\/strong><br \/>\nR\u00e9f\u00e9rence : DY99010<br \/>\nComposition : 88 % polyester recycl\u00e9, 12 % spandex<br \/>\nPoids : 155 g\/m\u00b2<br \/>\nLargeur : 160 cm<br \/>\nCouleur : bleu (personnalisable selon code Pantone)<br \/>\nAspect : microfibre lisse et uniforme<br \/>\nPropri\u00e9t\u00e9s : extensible, l\u00e9ger, doux, respirant<br \/>\nUtilisation : maillots de bain, lingerie, v\u00eatements techniques et actifs<\/p>","protected":false},"excerpt":{"rendered":"<p>Tissu microfibre bleu extensible, \u00a0et int\u00e9grant du polyester recycl\u00e9. Cette microfibre l\u00e9g\u00e8re et fluide offre un toucher doux, une excellente \u00e9lasticit\u00e9 et un confort optimal. Id\u00e9ale pour la confection de maillots de bain, de lingerie moderne et de v\u00eatements techniques alliant performance, durabilit\u00e9 et \u00e9l\u00e9gance.<\/p>\n<p>&nbsp;<\/p>\n<p><strong>Specifiche tecniche:<\/strong><br \/>\nR\u00e9f\u00e9rence : DY99010<br \/>\nComposition : 88 % polyester recycl\u00e9, 12 % spandex<br \/>\nPoids : 155 g\/m\u00b2<br \/>\nLargeur : 160 cm<br \/>\nCouleur : bleu (personnalisable selon code Pantone)<br \/>\nAspect : microfibre lisse et uniforme<br \/>\nPropri\u00e9t\u00e9s : extensible, l\u00e9ger, doux, respirant<br \/>\nUtilisation : maillots de bain, lingerie, v\u00eatements techniques et actifs<\/p>","protected":false},"featured_media":74276,"comment_status":"open","ping_status":"closed","template":"","meta":[],"product_brand":[370],"product_cat":[150,178,197],"product_tag":[],"class_list":{"0":"post-74196","1":"product","2":"type-product","3":"status-publish","4":"has-post-thumbnail","6":"product_brand-dyrsan","7":"product_cat-tissus","8":"product_cat-tissus-microfibres","9":"product_cat-tissus-recycles","11":"first","12":"instock","13":"taxable","14":"shipping-taxable","15":"purchasable","16":"product-type-simple"},"_links":{"self":[{"href":"https:\/\/staging.dyrsan.fr\/it\/wp-json\/wp\/v2\/product\/74196","targetHints":{"allow":["GET"]}}],"collection":[{"href":"https:\/\/staging.dyrsan.fr\/it\/wp-json\/wp\/v2\/product"}],"about":[{"href":"https:\/\/staging.dyrsan.fr\/it\/wp-json\/wp\/v2\/types\/product"}],"replies":[{"embeddable":true,"href":"https:\/\/staging.dyrsan.fr\/it\/wp-json\/wp\/v2\/comments?post=74196"}],"version-history":[{"count":4,"href":"https:\/\/staging.dyrsan.fr\/it\/wp-json\/wp\/v2\/product\/74196\/revisions"}],"predecessor-version":[{"id":75823,"href":"https:\/\/staging.dyrsan.fr\/it\/wp-json\/wp\/v2\/product\/74196\/revisions\/75823"}],"wp:featuredmedia":[{"embeddable":true,"href":"https:\/\/staging.dyrsan.fr\/it\/wp-json\/wp\/v2\/media\/74276"}],"wp:attachment":[{"href":"https:\/\/staging.dyrsan.fr\/it\/wp-json\/wp\/v2\/media?parent=74196"}],"wp:term":[{"taxonomy":"product_brand","embeddable":true,"href":"https:\/\/staging.dyrsan.fr\/it\/wp-json\/wp\/v2\/product_brand?post=74196"},{"taxonomy":"product_cat","embeddable":true,"href":"https:\/\/staging.dyrsan.fr\/it\/wp-json\/wp\/v2\/product_cat?post=74196"},{"taxonomy":"product_tag","embeddable":true,"href":"https:\/\/staging.dyrsan.fr\/it\/wp-json\/wp\/v2\/product_tag?post=74196"}],"curies":[{"name":"wp","href":"https:\/\/api.w.org\/{rel}","templated":true}]}}