{"id":73996,"date":"2026-03-18T10:13:03","date_gmt":"2026-03-18T10:13:03","guid":{"rendered":"https:\/\/staging.dyrsan.fr\/?post_type=product&#038;p=73996"},"modified":"2026-04-14T10:10:33","modified_gmt":"2026-04-14T10:10:33","slug":"tissu-jacquard-rose-texture","status":"publish","type":"product","link":"https:\/\/staging.dyrsan.fr\/it\/shop\/tissu-jacquard-rose-texture\/","title":{"rendered":"Tessuto jacquard rosa testurizzato"},"content":{"rendered":"<p>Tissu jacquard rose textur\u00e9, con\u00e7u \u00e0 partir de polyamide recycl\u00e9. Ce jacquard \u00e9pais pr\u00e9sente un relief structur\u00e9 et graphique offrant une excellente tenue et un rendu visuel fort. Id\u00e9al pour la confection de maillots de bain responsables et de pi\u00e8ces mode \u00e0 caract\u00e8re, alliant durabilit\u00e9, confort et style.<\/p>\n<p>&nbsp;<\/p>\n<p><strong>Specifiche tecniche:<\/strong><br \/>\nR\u00e9f\u00e9rence : DY80074<br \/>\nComposition : 97% polyamide recycl\u00e9, 3 % spandex<br \/>\nPeso: 200 g\/m\u00b2.<br \/>\nLarghezza: 130 cm<br \/>\nCouleur : rose (personnalisable selon code Pantone)<br \/>\nAspect : jacquard textur\u00e9 en relief, motif g\u00e9om\u00e9trique<br \/>\nPropri\u00e9t\u00e9s : extensible, bonne tenue, structur\u00e9<br \/>\nUtilisation : maillots de bain, pi\u00e8ces mode, cr\u00e9ations \u00e9co-responsables<\/p>","protected":false},"excerpt":{"rendered":"<p>Tissu jacquard rose textur\u00e9, con\u00e7u \u00e0 partir de polyamide recycl\u00e9. Ce jacquard \u00e9pais pr\u00e9sente un relief structur\u00e9 et graphique offrant une excellente tenue et un rendu visuel fort. Id\u00e9al pour la confection de maillots de bain responsables et de pi\u00e8ces mode \u00e0 caract\u00e8re, alliant durabilit\u00e9, confort et style.<\/p>\n<p>&nbsp;<\/p>\n<p><strong>Specifiche tecniche:<\/strong><br \/>\nR\u00e9f\u00e9rence : DY80074<br \/>\nComposition : 97 % polyamide recycl\u00e9, 3 % spandex<br \/>\nPeso: 200 g\/m\u00b2.<br \/>\nLarghezza: 130 cm<br \/>\nCouleur : rose (personnalisable selon code Pantone)<br \/>\nAspect : jacquard textur\u00e9 en relief, motif g\u00e9om\u00e9trique<br \/>\nPropri\u00e9t\u00e9s : extensible, bonne tenue, structur\u00e9<br \/>\nUtilisation : maillots de bain, pi\u00e8ces mode, cr\u00e9ations \u00e9co-responsables<\/p>","protected":false},"featured_media":74060,"comment_status":"open","ping_status":"closed","template":"","meta":[],"product_brand":[370],"product_cat":[150,184,180,455,197,213],"product_tag":[],"class_list":{"0":"post-73996","1":"product","2":"type-product","3":"status-publish","4":"has-post-thumbnail","6":"product_brand-dyrsan","7":"product_cat-tissus","8":"product_cat-tissus-eco-responsables","9":"product_cat-tissus-mailles-jacquard","10":"product_cat-tissus-maillots-de-bain","11":"product_cat-tissus-recycles","12":"product_cat-tissus-textures","14":"first","15":"instock","16":"taxable","17":"shipping-taxable","18":"purchasable","19":"product-type-simple"},"_links":{"self":[{"href":"https:\/\/staging.dyrsan.fr\/it\/wp-json\/wp\/v2\/product\/73996","targetHints":{"allow":["GET"]}}],"collection":[{"href":"https:\/\/staging.dyrsan.fr\/it\/wp-json\/wp\/v2\/product"}],"about":[{"href":"https:\/\/staging.dyrsan.fr\/it\/wp-json\/wp\/v2\/types\/product"}],"replies":[{"embeddable":true,"href":"https:\/\/staging.dyrsan.fr\/it\/wp-json\/wp\/v2\/comments?post=73996"}],"version-history":[{"count":5,"href":"https:\/\/staging.dyrsan.fr\/it\/wp-json\/wp\/v2\/product\/73996\/revisions"}],"predecessor-version":[{"id":74939,"href":"https:\/\/staging.dyrsan.fr\/it\/wp-json\/wp\/v2\/product\/73996\/revisions\/74939"}],"wp:featuredmedia":[{"embeddable":true,"href":"https:\/\/staging.dyrsan.fr\/it\/wp-json\/wp\/v2\/media\/74060"}],"wp:attachment":[{"href":"https:\/\/staging.dyrsan.fr\/it\/wp-json\/wp\/v2\/media?parent=73996"}],"wp:term":[{"taxonomy":"product_brand","embeddable":true,"href":"https:\/\/staging.dyrsan.fr\/it\/wp-json\/wp\/v2\/product_brand?post=73996"},{"taxonomy":"product_cat","embeddable":true,"href":"https:\/\/staging.dyrsan.fr\/it\/wp-json\/wp\/v2\/product_cat?post=73996"},{"taxonomy":"product_tag","embeddable":true,"href":"https:\/\/staging.dyrsan.fr\/it\/wp-json\/wp\/v2\/product_tag?post=73996"}],"curies":[{"name":"wp","href":"https:\/\/api.w.org\/{rel}","templated":true}]}}