{"id":73748,"date":"2026-03-07T14:02:04","date_gmt":"2026-03-07T14:02:04","guid":{"rendered":"https:\/\/staging.dyrsan.fr\/?post_type=product&#038;p=73748"},"modified":"2026-04-03T17:49:16","modified_gmt":"2026-04-03T17:49:16","slug":"anneau-rond-texture-en-metal-dore","status":"publish","type":"product","link":"https:\/\/staging.dyrsan.fr\/it\/shop\/anneau-rond-texture-en-metal-dore\/","title":{"rendered":"Anello rotondo con texture in metallo placcato oro"},"content":{"rendered":"<p>Cet anneau rond textur\u00e9 en m\u00e9tal dor\u00e9 est con\u00e7u pour la confection de maillots de bain, bikinis et accessoires swimwear. Discret et \u00e9l\u00e9gant, son relief stri\u00e9 apporte une finition raffin\u00e9e tout en assurant un passage fiable des liens ou cordons.<\/p>\n<p>&nbsp;<\/p>\n<p><strong>Specifiche tecniche:<\/strong><br \/>\nR\u00e9f\u00e9rence : DY1786<br \/>\nTipo : Anello decorativo per costume da bagno<br \/>\nMateriale(i): metallo<br \/>\nColore: Oro<br \/>\nForma: rotonda<br \/>\nAspect : Texture stri\u00e9e en relief<br \/>\nDimensions : 1 cm \u00d7 1 cm<br \/>\nPeso: 0,001 kg<\/p>","protected":false},"excerpt":{"rendered":"<p>Cet anneau rond textur\u00e9 en m\u00e9tal dor\u00e9 est con\u00e7u pour la confection de maillots de bain, bikinis et accessoires swimwear. Discret et \u00e9l\u00e9gant, son relief stri\u00e9 apporte une finition raffin\u00e9e tout en assurant un passage fiable des liens ou cordons.<\/p>\n<p>&nbsp;<\/p>\n<p><strong>Specifiche tecniche:<\/strong><br \/>\nR\u00e9f\u00e9rence : DY1786<br \/>\nTipo : Anello decorativo per costume da bagno<br \/>\nMateriale(i): metallo<br \/>\nColore: Oro<br \/>\nForma: rotonda<br \/>\nAspect : Texture stri\u00e9e en relief<br \/>\nDimensions : 1 cm \u00d7 1 cm<br \/>\nPeso: 0,001 kg<\/p>","protected":false},"featured_media":72808,"comment_status":"open","ping_status":"closed","template":"","meta":[],"product_brand":[370],"product_cat":[140,148,149],"product_tag":[],"class_list":{"0":"post-73748","1":"product","2":"type-product","3":"status-publish","4":"has-post-thumbnail","6":"product_brand-dyrsan","7":"product_cat-accessoires","8":"product_cat-boucles","9":"product_cat-connecteurs","11":"first","12":"instock","13":"taxable","14":"shipping-taxable","15":"purchasable","16":"product-type-simple"},"_links":{"self":[{"href":"https:\/\/staging.dyrsan.fr\/it\/wp-json\/wp\/v2\/product\/73748","targetHints":{"allow":["GET"]}}],"collection":[{"href":"https:\/\/staging.dyrsan.fr\/it\/wp-json\/wp\/v2\/product"}],"about":[{"href":"https:\/\/staging.dyrsan.fr\/it\/wp-json\/wp\/v2\/types\/product"}],"replies":[{"embeddable":true,"href":"https:\/\/staging.dyrsan.fr\/it\/wp-json\/wp\/v2\/comments?post=73748"}],"version-history":[{"count":2,"href":"https:\/\/staging.dyrsan.fr\/it\/wp-json\/wp\/v2\/product\/73748\/revisions"}],"predecessor-version":[{"id":73853,"href":"https:\/\/staging.dyrsan.fr\/it\/wp-json\/wp\/v2\/product\/73748\/revisions\/73853"}],"wp:featuredmedia":[{"embeddable":true,"href":"https:\/\/staging.dyrsan.fr\/it\/wp-json\/wp\/v2\/media\/72808"}],"wp:attachment":[{"href":"https:\/\/staging.dyrsan.fr\/it\/wp-json\/wp\/v2\/media?parent=73748"}],"wp:term":[{"taxonomy":"product_brand","embeddable":true,"href":"https:\/\/staging.dyrsan.fr\/it\/wp-json\/wp\/v2\/product_brand?post=73748"},{"taxonomy":"product_cat","embeddable":true,"href":"https:\/\/staging.dyrsan.fr\/it\/wp-json\/wp\/v2\/product_cat?post=73748"},{"taxonomy":"product_tag","embeddable":true,"href":"https:\/\/staging.dyrsan.fr\/it\/wp-json\/wp\/v2\/product_tag?post=73748"}],"curies":[{"name":"wp","href":"https:\/\/api.w.org\/{rel}","templated":true}]}}