{"id":73723,"date":"2026-01-31T15:15:41","date_gmt":"2026-01-31T15:15:41","guid":{"rendered":"https:\/\/staging.dyrsan.fr\/?post_type=product&#038;p=73723"},"modified":"2026-04-03T17:49:42","modified_gmt":"2026-04-03T17:49:42","slug":"fermoir-en-metal-dore-et-vert-20mm","status":"publish","type":"product","link":"https:\/\/staging.dyrsan.fr\/it\/shop\/fermoir-en-metal-dore-et-vert-20mm\/","title":{"rendered":"Chiusura in metallo verde e oro 20 mm"},"content":{"rendered":"<p>Fermoir en m\u00e9tal dor\u00e9 et vert con\u00e7u pour apporter une touche d\u00e9corative moderne et \u00e9l\u00e9gante aux maillots de bain et bikinis.<\/p>\n<p><strong>Specifiche tecniche:<\/strong><br \/>\nRiferimento : DY2626G<br \/>\nType : Fermoir pour maillot de bain<br \/>\nMateriale(i): metallo<br \/>\nCouleur : Dor\u00e9 \/ vert<br \/>\nForma: rettangolare<br \/>\nDimensioni: 3 cm \u00d7 2 cm<br \/>\nPeso: 0,006 kg<\/p>","protected":false},"excerpt":{"rendered":"<p>Fermoir en m\u00e9tal dor\u00e9 et vert con\u00e7u pour apporter une touche d\u00e9corative moderne et \u00e9l\u00e9gante aux maillots de bain et bikinis.<\/p>\n<p><strong>Specifiche tecniche:<\/strong><br \/>\nRiferimento : DY2626G<br \/>\nType : Fermoir pour maillot de bain<br \/>\nMateriale(i): metallo<br \/>\nCouleur : Dor\u00e9 \/ vert<br \/>\nForma: rettangolare<br \/>\nDimensioni: 3 cm \u00d7 2 cm<br \/>\nPeso: 0,006 kg<\/p>","protected":false},"featured_media":72813,"comment_status":"open","ping_status":"closed","template":"","meta":[],"product_brand":[370],"product_cat":[140,149,160],"product_tag":[],"class_list":{"0":"post-73723","1":"product","2":"type-product","3":"status-publish","4":"has-post-thumbnail","6":"product_brand-dyrsan","7":"product_cat-accessoires","8":"product_cat-connecteurs","9":"product_cat-crochets","11":"first","12":"instock","13":"taxable","14":"shipping-taxable","15":"purchasable","16":"product-type-simple"},"_links":{"self":[{"href":"https:\/\/staging.dyrsan.fr\/it\/wp-json\/wp\/v2\/product\/73723","targetHints":{"allow":["GET"]}}],"collection":[{"href":"https:\/\/staging.dyrsan.fr\/it\/wp-json\/wp\/v2\/product"}],"about":[{"href":"https:\/\/staging.dyrsan.fr\/it\/wp-json\/wp\/v2\/types\/product"}],"replies":[{"embeddable":true,"href":"https:\/\/staging.dyrsan.fr\/it\/wp-json\/wp\/v2\/comments?post=73723"}],"version-history":[{"count":4,"href":"https:\/\/staging.dyrsan.fr\/it\/wp-json\/wp\/v2\/product\/73723\/revisions"}],"predecessor-version":[{"id":74093,"href":"https:\/\/staging.dyrsan.fr\/it\/wp-json\/wp\/v2\/product\/73723\/revisions\/74093"}],"wp:featuredmedia":[{"embeddable":true,"href":"https:\/\/staging.dyrsan.fr\/it\/wp-json\/wp\/v2\/media\/72813"}],"wp:attachment":[{"href":"https:\/\/staging.dyrsan.fr\/it\/wp-json\/wp\/v2\/media?parent=73723"}],"wp:term":[{"taxonomy":"product_brand","embeddable":true,"href":"https:\/\/staging.dyrsan.fr\/it\/wp-json\/wp\/v2\/product_brand?post=73723"},{"taxonomy":"product_cat","embeddable":true,"href":"https:\/\/staging.dyrsan.fr\/it\/wp-json\/wp\/v2\/product_cat?post=73723"},{"taxonomy":"product_tag","embeddable":true,"href":"https:\/\/staging.dyrsan.fr\/it\/wp-json\/wp\/v2\/product_tag?post=73723"}],"curies":[{"name":"wp","href":"https:\/\/api.w.org\/{rel}","templated":true}]}}