{"id":73718,"date":"2026-03-07T14:01:53","date_gmt":"2026-03-07T14:01:53","guid":{"rendered":"https:\/\/staging.dyrsan.fr\/?post_type=product&#038;p=73718"},"modified":"2026-04-03T17:49:17","modified_gmt":"2026-04-03T17:49:17","slug":"passant-carre-strie-en-metal-dore","status":"publish","type":"product","link":"https:\/\/staging.dyrsan.fr\/it\/shop\/passant-carre-strie-en-metal-dore\/","title":{"rendered":"Anello quadrato a coste in metallo placcato oro"},"content":{"rendered":"<p>Ce passant carr\u00e9 stri\u00e9 en m\u00e9tal dor\u00e9 est un \u00e9l\u00e9ment discret et raffin\u00e9, id\u00e9al pour les finitions de maillots de bain, bikinis et accessoires textiles. Son design minimaliste et textur\u00e9 apporte une touche bijou \u00e9l\u00e9gante tout en assurant une excellente tenue dans les environnements baln\u00e9aires.<\/p>\n<p>&nbsp;<\/p>\n<p><strong>Specifiche tecniche:<\/strong><br \/>\nR\u00e9f\u00e9rence : DY0215<br \/>\nType : Passant d\u00e9coratif \/ connecteur textile<br \/>\nMateriale(i): metallo<br \/>\nColore: Oro<br \/>\nMotif : Carr\u00e9 stri\u00e9<br \/>\nDimensions : 1 cm \u00d7 1 cm<br \/>\nPeso: 0,002 kg<\/p>","protected":false},"excerpt":{"rendered":"<p>Ce passant carr\u00e9 stri\u00e9 en m\u00e9tal dor\u00e9 est un \u00e9l\u00e9ment discret et raffin\u00e9, id\u00e9al pour les finitions de maillots de bain, bikinis et accessoires textiles. Son design minimaliste et textur\u00e9 apporte une touche bijou \u00e9l\u00e9gante tout en assurant une excellente tenue dans les environnements baln\u00e9aires.<\/p>\n<p>&nbsp;<\/p>\n<p><strong>Specifiche tecniche:<\/strong><br \/>\nR\u00e9f\u00e9rence : DY0215<br \/>\nType : Passant d\u00e9coratif \/ connecteur textile<br \/>\nMateriale(i): metallo<br \/>\nColore: Oro<br \/>\nMotif : Carr\u00e9 stri\u00e9<br \/>\nDimensions : 1 cm \u00d7 1 cm<br \/>\nPeso: 0,002 kg<\/p>","protected":false},"featured_media":72821,"comment_status":"open","ping_status":"closed","template":"","meta":[],"product_brand":[370],"product_cat":[140,467,211],"product_tag":[],"class_list":{"0":"post-73718","1":"product","2":"type-product","3":"status-publish","4":"has-post-thumbnail","6":"product_brand-dyrsan","7":"product_cat-accessoires","8":"product_cat-charms","9":"product_cat-embouts","11":"first","12":"instock","13":"taxable","14":"shipping-taxable","15":"purchasable","16":"product-type-simple"},"_links":{"self":[{"href":"https:\/\/staging.dyrsan.fr\/it\/wp-json\/wp\/v2\/product\/73718","targetHints":{"allow":["GET"]}}],"collection":[{"href":"https:\/\/staging.dyrsan.fr\/it\/wp-json\/wp\/v2\/product"}],"about":[{"href":"https:\/\/staging.dyrsan.fr\/it\/wp-json\/wp\/v2\/types\/product"}],"replies":[{"embeddable":true,"href":"https:\/\/staging.dyrsan.fr\/it\/wp-json\/wp\/v2\/comments?post=73718"}],"version-history":[{"count":2,"href":"https:\/\/staging.dyrsan.fr\/it\/wp-json\/wp\/v2\/product\/73718\/revisions"}],"predecessor-version":[{"id":73857,"href":"https:\/\/staging.dyrsan.fr\/it\/wp-json\/wp\/v2\/product\/73718\/revisions\/73857"}],"wp:featuredmedia":[{"embeddable":true,"href":"https:\/\/staging.dyrsan.fr\/it\/wp-json\/wp\/v2\/media\/72821"}],"wp:attachment":[{"href":"https:\/\/staging.dyrsan.fr\/it\/wp-json\/wp\/v2\/media?parent=73718"}],"wp:term":[{"taxonomy":"product_brand","embeddable":true,"href":"https:\/\/staging.dyrsan.fr\/it\/wp-json\/wp\/v2\/product_brand?post=73718"},{"taxonomy":"product_cat","embeddable":true,"href":"https:\/\/staging.dyrsan.fr\/it\/wp-json\/wp\/v2\/product_cat?post=73718"},{"taxonomy":"product_tag","embeddable":true,"href":"https:\/\/staging.dyrsan.fr\/it\/wp-json\/wp\/v2\/product_tag?post=73718"}],"curies":[{"name":"wp","href":"https:\/\/api.w.org\/{rel}","templated":true}]}}