{"id":73706,"date":"2026-01-23T14:12:38","date_gmt":"2026-01-23T14:12:38","guid":{"rendered":"https:\/\/staging.dyrsan.fr\/?post_type=product&#038;p=73706"},"modified":"2026-04-03T17:50:20","modified_gmt":"2026-04-03T17:50:20","slug":"charms-perles-et-cristal-en-metal-dore","status":"publish","type":"product","link":"https:\/\/staging.dyrsan.fr\/it\/shop\/charms-perles-et-cristal-en-metal-dore\/","title":{"rendered":"Charms perle e cristalli in metallo dorato"},"content":{"rendered":"<p>Charms perles et cristal en m\u00e9tal dor\u00e9 pour maillots de bain et accessoires baln\u00e9aires. Sa finition en m\u00e9tal dor\u00e9 apporte une touche lumineuse et raffin\u00e9e, id\u00e9ale pour les collections swimwear et beachwear haut de gamme.<\/p>\n<p>&nbsp;<\/p>\n<p><strong>Specifiche tecniche:<\/strong><br \/>\nR\u00e9f\u00e9rence : DY9548<br \/>\nTipo : Ciondolo decorativo per costumi da bagno<br \/>\nMat\u00e9riau(x) : M\u00e9tal, perles, cristal<br \/>\nCouleur : Dor\u00e9, blanc nacr\u00e9<br \/>\nMotif : Perles avec cristal pendante<br \/>\nDimensions : 6,5 cm \u00d7 1 cm<br \/>\nPeso: 0,003 kg<br \/>\nPrix : Prix sur demande<\/p>","protected":false},"excerpt":{"rendered":"<p>Charms perles et cristal en m\u00e9tal dor\u00e9 pour maillots de bain et accessoires baln\u00e9aires. Sa finition en m\u00e9tal dor\u00e9 apporte une touche lumineuse et raffin\u00e9e, id\u00e9ale pour les collections swimwear et beachwear haut de gamme.<\/p>\n<p>&nbsp;<\/p>\n<p><strong>Specifiche tecniche:<\/strong><br \/>\nR\u00e9f\u00e9rence : DY9548<br \/>\nTipo : Ciondolo decorativo per costumi da bagno<br \/>\nMat\u00e9riau(x) : M\u00e9tal, perles, cristal<br \/>\nCouleur : Dor\u00e9, blanc nacr\u00e9<br \/>\nMotif : Perles avec cristal pendante<br \/>\nDimensions : 6,5 cm \u00d7 1 cm<br \/>\nPeso: 0,003 kg<br \/>\nPrix : Prix sur demande<\/p>","protected":false},"featured_media":72880,"comment_status":"open","ping_status":"closed","template":"","meta":[],"product_brand":[],"product_cat":[140,467],"product_tag":[],"class_list":{"0":"post-73706","1":"product","2":"type-product","3":"status-publish","4":"has-post-thumbnail","6":"product_cat-accessoires","7":"product_cat-charms","8":"prix-sur-demande-enabled","10":"first","11":"instock","12":"sold-individually","13":"taxable","14":"shipping-taxable","15":"product-type-simple"},"_links":{"self":[{"href":"https:\/\/staging.dyrsan.fr\/it\/wp-json\/wp\/v2\/product\/73706","targetHints":{"allow":["GET"]}}],"collection":[{"href":"https:\/\/staging.dyrsan.fr\/it\/wp-json\/wp\/v2\/product"}],"about":[{"href":"https:\/\/staging.dyrsan.fr\/it\/wp-json\/wp\/v2\/types\/product"}],"replies":[{"embeddable":true,"href":"https:\/\/staging.dyrsan.fr\/it\/wp-json\/wp\/v2\/comments?post=73706"}],"version-history":[{"count":3,"href":"https:\/\/staging.dyrsan.fr\/it\/wp-json\/wp\/v2\/product\/73706\/revisions"}],"predecessor-version":[{"id":73772,"href":"https:\/\/staging.dyrsan.fr\/it\/wp-json\/wp\/v2\/product\/73706\/revisions\/73772"}],"wp:featuredmedia":[{"embeddable":true,"href":"https:\/\/staging.dyrsan.fr\/it\/wp-json\/wp\/v2\/media\/72880"}],"wp:attachment":[{"href":"https:\/\/staging.dyrsan.fr\/it\/wp-json\/wp\/v2\/media?parent=73706"}],"wp:term":[{"taxonomy":"product_brand","embeddable":true,"href":"https:\/\/staging.dyrsan.fr\/it\/wp-json\/wp\/v2\/product_brand?post=73706"},{"taxonomy":"product_cat","embeddable":true,"href":"https:\/\/staging.dyrsan.fr\/it\/wp-json\/wp\/v2\/product_cat?post=73706"},{"taxonomy":"product_tag","embeddable":true,"href":"https:\/\/staging.dyrsan.fr\/it\/wp-json\/wp\/v2\/product_tag?post=73706"}],"curies":[{"name":"wp","href":"https:\/\/api.w.org\/{rel}","templated":true}]}}