{"id":73638,"date":"2026-03-07T14:01:25","date_gmt":"2026-03-07T14:01:25","guid":{"rendered":"https:\/\/staging.dyrsan.fr\/?post_type=product&#038;p=73638"},"modified":"2026-04-14T10:24:01","modified_gmt":"2026-04-14T10:24:01","slug":"passant-en-for-detoile-de-mer-en-metal-dore","status":"publish","type":"product","link":"https:\/\/staging.dyrsan.fr\/it\/shop\/passant-en-for-detoile-de-mer-en-metal-dore\/","title":{"rendered":"Anello a stella marina in metallo placcato oro"},"content":{"rendered":"<p>Passant en forme d&rsquo;\u00e9toile de mer en m\u00e9tal dor\u00e9 con\u00e7u pour sublimer les cr\u00e9ations de maillots de bain, bikinis et accessoires baln\u00e9aires. Son relief textur\u00e9 et sa finition brillante apportent une touche \u00e9l\u00e9gante et estivale, id\u00e9ale pour des collections swimwear haut de gamme.<\/p>\n<p><strong>Specifiche tecniche:<\/strong><\/p>\n<p>R\u00e9f\u00e9rence : DY5889<\/p>\n<p>Type : Passant<\/p>\n<p>Materiale(i): metallo<\/p>\n<p>Colore: Oro<\/p>\n<p>Forme : \u00c9toile de mer<\/p>\n<p>Aspect : Motif en relief textur\u00e9<\/p>\n<p>Trattamento superficiale: lucidatura a specchio e galvanica<\/p>\n<p>Taille : 7 \u00d7 7 cm<\/p>\n<p>Poids : 0,017 kg<\/p>","protected":false},"excerpt":{"rendered":"<p>Passant en for d&rsquo;\u00e9toile de mer en m\u00e9tal dor\u00e9 con\u00e7u pour sublimer les cr\u00e9ations de maillots de bain, bikinis et accessoires baln\u00e9aires. Son relief textur\u00e9 et sa finition brillante apportent une touche \u00e9l\u00e9gante et estivale, id\u00e9ale pour des collections swimwear haut de gamme.<\/p>\n<p>&nbsp;<\/p>\n<p><strong>Specifiche tecniche:<\/strong><br \/>\nR\u00e9f\u00e9rence : DY5889<br \/>\nType : Passant<br \/>\nMateriale(i): metallo<br \/>\nColore: Oro<br \/>\nForme : \u00c9toile de mer<br \/>\nAspect : Motif en relief textur\u00e9<br \/>\nTrattamento superficiale: lucidatura a specchio e galvanica<br \/>\nTaille : 7 \u00d7 7 cm<br \/>\nPoids : 0,017 kg<\/p>","protected":false},"featured_media":72848,"comment_status":"open","ping_status":"closed","template":"","meta":[],"product_brand":[370],"product_cat":[140,212],"product_tag":[],"class_list":{"0":"post-73638","1":"product","2":"type-product","3":"status-publish","4":"has-post-thumbnail","6":"product_brand-dyrsan","7":"product_cat-accessoires","8":"product_cat-passants","10":"first","11":"instock","12":"taxable","13":"shipping-taxable","14":"purchasable","15":"product-type-simple"},"_links":{"self":[{"href":"https:\/\/staging.dyrsan.fr\/it\/wp-json\/wp\/v2\/product\/73638","targetHints":{"allow":["GET"]}}],"collection":[{"href":"https:\/\/staging.dyrsan.fr\/it\/wp-json\/wp\/v2\/product"}],"about":[{"href":"https:\/\/staging.dyrsan.fr\/it\/wp-json\/wp\/v2\/types\/product"}],"replies":[{"embeddable":true,"href":"https:\/\/staging.dyrsan.fr\/it\/wp-json\/wp\/v2\/comments?post=73638"}],"version-history":[{"count":5,"href":"https:\/\/staging.dyrsan.fr\/it\/wp-json\/wp\/v2\/product\/73638\/revisions"}],"predecessor-version":[{"id":74886,"href":"https:\/\/staging.dyrsan.fr\/it\/wp-json\/wp\/v2\/product\/73638\/revisions\/74886"}],"wp:featuredmedia":[{"embeddable":true,"href":"https:\/\/staging.dyrsan.fr\/it\/wp-json\/wp\/v2\/media\/72848"}],"wp:attachment":[{"href":"https:\/\/staging.dyrsan.fr\/it\/wp-json\/wp\/v2\/media?parent=73638"}],"wp:term":[{"taxonomy":"product_brand","embeddable":true,"href":"https:\/\/staging.dyrsan.fr\/it\/wp-json\/wp\/v2\/product_brand?post=73638"},{"taxonomy":"product_cat","embeddable":true,"href":"https:\/\/staging.dyrsan.fr\/it\/wp-json\/wp\/v2\/product_cat?post=73638"},{"taxonomy":"product_tag","embeddable":true,"href":"https:\/\/staging.dyrsan.fr\/it\/wp-json\/wp\/v2\/product_tag?post=73638"}],"curies":[{"name":"wp","href":"https:\/\/api.w.org\/{rel}","templated":true}]}}