{"id":73634,"date":"2026-01-24T07:46:46","date_gmt":"2026-01-24T07:46:46","guid":{"rendered":"https:\/\/staging.dyrsan.fr\/?post_type=product&#038;p=73634"},"modified":"2026-04-14T10:24:37","modified_gmt":"2026-04-14T10:24:37","slug":"passant-metal-dore-en-forme-de-fleur","status":"publish","type":"product","link":"https:\/\/staging.dyrsan.fr\/it\/shop\/passant-metal-dore-en-forme-de-fleur\/","title":{"rendered":"Anello in metallo placcato oro a forma di fiore"},"content":{"rendered":"<p>Ce passant m\u00e9tal dor\u00e9 en forme de fleur est con\u00e7u pour la confection de maillots de bain, bikinis et accessoires textiles haut de gamme.<\/p>\n<p>&nbsp;<\/p>\n<p><strong>Specifiche tecniche:<\/strong><br \/>\nR\u00e9f\u00e9rence : DY7275<br \/>\nType : Passant d\u00e9coratif pour maillot de bain<br \/>\nMateriale(i): metallo<br \/>\nColore: Oro<br \/>\nFinitura: oro brillante<br \/>\nForma: Conchiglia<br \/>\nDimensioni: 6 \u00d7 6 cm<br \/>\nPoids : 15 g<\/p>","protected":false},"excerpt":{"rendered":"<p>Ce passant m\u00e9tal dor\u00e9 en forme de fleur est con\u00e7u pour la confection de maillots de bain, bikinis et accessoires textiles haut de gamme.<\/p>\n<p>&nbsp;<\/p>\n<p><strong>Specifiche tecniche:<\/strong><br \/>\nR\u00e9f\u00e9rence : DY7275<br \/>\nType : Passant d\u00e9coratif pour maillot de bain<br \/>\nMateriale(i): metallo<br \/>\nColore: Oro<br \/>\nFinitura: oro brillante<br \/>\nForma: Conchiglia<br \/>\nDimensioni: 6 \u00d7 6 cm<br \/>\nPoids : 15 g<\/p>","protected":false},"featured_media":72780,"comment_status":"open","ping_status":"closed","template":"","meta":[],"product_brand":[370],"product_cat":[140,212],"product_tag":[],"class_list":{"0":"post-73634","1":"product","2":"type-product","3":"status-publish","4":"has-post-thumbnail","6":"product_brand-dyrsan","7":"product_cat-accessoires","8":"product_cat-passants","10":"first","11":"instock","12":"taxable","13":"shipping-taxable","14":"purchasable","15":"product-type-simple"},"_links":{"self":[{"href":"https:\/\/staging.dyrsan.fr\/it\/wp-json\/wp\/v2\/product\/73634","targetHints":{"allow":["GET"]}}],"collection":[{"href":"https:\/\/staging.dyrsan.fr\/it\/wp-json\/wp\/v2\/product"}],"about":[{"href":"https:\/\/staging.dyrsan.fr\/it\/wp-json\/wp\/v2\/types\/product"}],"replies":[{"embeddable":true,"href":"https:\/\/staging.dyrsan.fr\/it\/wp-json\/wp\/v2\/comments?post=73634"}],"version-history":[{"count":3,"href":"https:\/\/staging.dyrsan.fr\/it\/wp-json\/wp\/v2\/product\/73634\/revisions"}],"predecessor-version":[{"id":73819,"href":"https:\/\/staging.dyrsan.fr\/it\/wp-json\/wp\/v2\/product\/73634\/revisions\/73819"}],"wp:featuredmedia":[{"embeddable":true,"href":"https:\/\/staging.dyrsan.fr\/it\/wp-json\/wp\/v2\/media\/72780"}],"wp:attachment":[{"href":"https:\/\/staging.dyrsan.fr\/it\/wp-json\/wp\/v2\/media?parent=73634"}],"wp:term":[{"taxonomy":"product_brand","embeddable":true,"href":"https:\/\/staging.dyrsan.fr\/it\/wp-json\/wp\/v2\/product_brand?post=73634"},{"taxonomy":"product_cat","embeddable":true,"href":"https:\/\/staging.dyrsan.fr\/it\/wp-json\/wp\/v2\/product_cat?post=73634"},{"taxonomy":"product_tag","embeddable":true,"href":"https:\/\/staging.dyrsan.fr\/it\/wp-json\/wp\/v2\/product_tag?post=73634"}],"curies":[{"name":"wp","href":"https:\/\/api.w.org\/{rel}","templated":true}]}}