{"id":73629,"date":"2026-03-07T14:03:41","date_gmt":"2026-03-07T14:03:41","guid":{"rendered":"https:\/\/staging.dyrsan.fr\/?post_type=product&#038;p=73629"},"modified":"2026-04-14T09:41:59","modified_gmt":"2026-04-14T09:41:59","slug":"passant-en-metal-argente-forme-u-2","status":"publish","type":"product","link":"https:\/\/staging.dyrsan.fr\/it\/shop\/passant-en-metal-argente-forme-u-2\/","title":{"rendered":"Anello a U in metallo argentato"},"content":{"rendered":"<p>Ce passant en m\u00e9tal argent\u00e9 forme U est con\u00e7u pour les maillots de bain, bikinis et cr\u00e9ations textiles techniques. Sa finition textur\u00e9e apporte une touche d\u00e9corative \u00e9l\u00e9gante tout en garantissant une excellente r\u00e9sistance \u00e0 l\u2019eau, \u00e0 la corrosion et aux contraintes d\u2019usage en milieu baln\u00e9aire.<\/p>\n<p>&nbsp;<\/p>\n<p><strong>Specifiche tecniche:<\/strong><br \/>\nR\u00e9f\u00e9rence : DY4477SW<br \/>\nType : Passant pour maillot de bain<br \/>\nMateriale(i): metallo<br \/>\nColore: argento<br \/>\nForma: U<br \/>\nAspect : Texture grain\u00e9e en relief<br \/>\nTaille : 5,5 \u00d7 2 cm<br \/>\nPeso: 12 g<\/p>","protected":false},"excerpt":{"rendered":"<p>Ce passant en m\u00e9tal argent\u00e9 forme U est con\u00e7u pour les maillots de bain, bikinis et cr\u00e9ations textiles techniques. Sa finition textur\u00e9e apporte une touche d\u00e9corative \u00e9l\u00e9gante tout en garantissant une excellente r\u00e9sistance \u00e0 l\u2019eau, \u00e0 la corrosion et aux contraintes d\u2019usage en milieu baln\u00e9aire.<\/p>\n<p>&nbsp;<\/p>\n<p><strong>Specifiche tecniche:<\/strong><br \/>\nR\u00e9f\u00e9rence : DY4477SW<br \/>\nType : Passant pour maillot de bain<br \/>\nMateriale(i): metallo<br \/>\nColore: argento<br \/>\nForma: U<br \/>\nAspect : Texture grain\u00e9e en relief<br \/>\nTaille : 5,5 \u00d7 2 cm<br \/>\nPeso: 12 g<\/p>","protected":false},"featured_media":72856,"comment_status":"open","ping_status":"closed","template":"","meta":[],"product_brand":[370],"product_cat":[140,149,458],"product_tag":[],"class_list":{"0":"post-73629","1":"product","2":"type-product","3":"status-publish","4":"has-post-thumbnail","6":"product_brand-dyrsan","7":"product_cat-accessoires","8":"product_cat-connecteurs","9":"product_cat-dernieres-pieces","11":"first","12":"instock","13":"taxable","14":"shipping-taxable","15":"purchasable","16":"product-type-simple"},"_links":{"self":[{"href":"https:\/\/staging.dyrsan.fr\/it\/wp-json\/wp\/v2\/product\/73629","targetHints":{"allow":["GET"]}}],"collection":[{"href":"https:\/\/staging.dyrsan.fr\/it\/wp-json\/wp\/v2\/product"}],"about":[{"href":"https:\/\/staging.dyrsan.fr\/it\/wp-json\/wp\/v2\/types\/product"}],"replies":[{"embeddable":true,"href":"https:\/\/staging.dyrsan.fr\/it\/wp-json\/wp\/v2\/comments?post=73629"}],"version-history":[{"count":3,"href":"https:\/\/staging.dyrsan.fr\/it\/wp-json\/wp\/v2\/product\/73629\/revisions"}],"predecessor-version":[{"id":74880,"href":"https:\/\/staging.dyrsan.fr\/it\/wp-json\/wp\/v2\/product\/73629\/revisions\/74880"}],"wp:featuredmedia":[{"embeddable":true,"href":"https:\/\/staging.dyrsan.fr\/it\/wp-json\/wp\/v2\/media\/72856"}],"wp:attachment":[{"href":"https:\/\/staging.dyrsan.fr\/it\/wp-json\/wp\/v2\/media?parent=73629"}],"wp:term":[{"taxonomy":"product_brand","embeddable":true,"href":"https:\/\/staging.dyrsan.fr\/it\/wp-json\/wp\/v2\/product_brand?post=73629"},{"taxonomy":"product_cat","embeddable":true,"href":"https:\/\/staging.dyrsan.fr\/it\/wp-json\/wp\/v2\/product_cat?post=73629"},{"taxonomy":"product_tag","embeddable":true,"href":"https:\/\/staging.dyrsan.fr\/it\/wp-json\/wp\/v2\/product_tag?post=73629"}],"curies":[{"name":"wp","href":"https:\/\/api.w.org\/{rel}","templated":true}]}}