{"id":73627,"date":"2026-03-07T14:03:27","date_gmt":"2026-03-07T14:03:27","guid":{"rendered":"https:\/\/staging.dyrsan.fr\/?post_type=product&#038;p=73627"},"modified":"2026-04-14T10:23:51","modified_gmt":"2026-04-14T10:23:51","slug":"connecteur-decoratif-en-forme-de-serpent-en-metal-dore","status":"publish","type":"product","link":"https:\/\/staging.dyrsan.fr\/it\/shop\/connecteur-decoratif-en-forme-de-serpent-en-metal-dore\/","title":{"rendered":"Connettore decorativo a forma di serpente in metallo placcato oro"},"content":{"rendered":"<p>Questo connettore decorativo a forma di serpente in metallo placcato oro \u00e8 pensato per creazioni tessili e accessori di alta gamma. Elemento di gioielleria dalla forte identit\u00e0 visiva, pu\u00f2 essere utilizzato per collegare due parti di un indumento o di un costume da bagno, aggiungendo un tocco elegante e originale ispirato al mondo della gioielleria.<\/p>\n<p>&nbsp;<\/p>\n<p><strong>Specifiche tecniche:<\/strong><br \/>\nNumero di catalogo : DY5632<br \/>\nTipo : Connettore decorativo<br \/>\nMotivo : Serpente<br \/>\nMateriale(i): metallo<br \/>\nColore: Oro<br \/>\nDimensioni: 5 cm \u00d7 2 cm<br \/>\nPeso: 0,007 kg<\/p>","protected":false},"excerpt":{"rendered":"<p>Questo connettore decorativo a forma di serpente in metallo placcato oro \u00e8 pensato per creazioni tessili e accessori di alta gamma. Elemento di gioielleria dalla forte identit\u00e0 visiva, pu\u00f2 essere utilizzato per collegare due parti di un indumento o di un costume da bagno, aggiungendo un tocco elegante e originale ispirato al mondo della gioielleria.<\/p>\n<p>&nbsp;<\/p>\n<p><strong>Specifiche tecniche:<\/strong><br \/>\nNumero di catalogo : DY5632<br \/>\nTipo : Connettore decorativo<br \/>\nMotivo : Serpente<br \/>\nMateriale(i): metallo<br \/>\nColore: Oro<br \/>\nDimensioni: 5 cm \u00d7 2 cm<br \/>\nPeso: 0,007 kg<\/p>","protected":false},"featured_media":72785,"comment_status":"open","ping_status":"closed","template":"","meta":[],"product_brand":[370],"product_cat":[140,149],"product_tag":[],"class_list":{"0":"post-73627","1":"product","2":"type-product","3":"status-publish","4":"has-post-thumbnail","6":"product_brand-dyrsan","7":"product_cat-accessoires","8":"product_cat-connecteurs","10":"first","11":"instock","12":"taxable","13":"shipping-taxable","14":"purchasable","15":"product-type-simple"},"_links":{"self":[{"href":"https:\/\/staging.dyrsan.fr\/it\/wp-json\/wp\/v2\/product\/73627","targetHints":{"allow":["GET"]}}],"collection":[{"href":"https:\/\/staging.dyrsan.fr\/it\/wp-json\/wp\/v2\/product"}],"about":[{"href":"https:\/\/staging.dyrsan.fr\/it\/wp-json\/wp\/v2\/types\/product"}],"replies":[{"embeddable":true,"href":"https:\/\/staging.dyrsan.fr\/it\/wp-json\/wp\/v2\/comments?post=73627"}],"version-history":[{"count":2,"href":"https:\/\/staging.dyrsan.fr\/it\/wp-json\/wp\/v2\/product\/73627\/revisions"}],"predecessor-version":[{"id":73870,"href":"https:\/\/staging.dyrsan.fr\/it\/wp-json\/wp\/v2\/product\/73627\/revisions\/73870"}],"wp:featuredmedia":[{"embeddable":true,"href":"https:\/\/staging.dyrsan.fr\/it\/wp-json\/wp\/v2\/media\/72785"}],"wp:attachment":[{"href":"https:\/\/staging.dyrsan.fr\/it\/wp-json\/wp\/v2\/media?parent=73627"}],"wp:term":[{"taxonomy":"product_brand","embeddable":true,"href":"https:\/\/staging.dyrsan.fr\/it\/wp-json\/wp\/v2\/product_brand?post=73627"},{"taxonomy":"product_cat","embeddable":true,"href":"https:\/\/staging.dyrsan.fr\/it\/wp-json\/wp\/v2\/product_cat?post=73627"},{"taxonomy":"product_tag","embeddable":true,"href":"https:\/\/staging.dyrsan.fr\/it\/wp-json\/wp\/v2\/product_tag?post=73627"}],"curies":[{"name":"wp","href":"https:\/\/api.w.org\/{rel}","templated":true}]}}