{"id":70759,"date":"2025-12-12T18:43:09","date_gmt":"2025-12-12T18:43:09","guid":{"rendered":"https:\/\/staging.dyrsan.fr\/?post_type=product&#038;p=70759"},"modified":"2026-04-14T09:43:15","modified_gmt":"2026-04-14T09:43:15","slug":"chaine-bijou-decorative-en-metal-argente-a-strass","status":"publish","type":"product","link":"https:\/\/staging.dyrsan.fr\/it\/shop\/chaine-bijou-decorative-en-metal-argente-a-strass\/","title":{"rendered":"Catena decorativa per gioielli argentata con strass"},"content":{"rendered":"<p>Cette cha\u00eene bijou d\u00e9corative en m\u00e9tal argent\u00e9 \u00e0 strass est un connecteur ornemental \u00e0 l\u2019esth\u00e9tique pr\u00e9cieuse. Elle apporte une finition lumineuse et raffin\u00e9e aux cr\u00e9ations baln\u00e9aires, lingerie et v\u00eatements haut de gamme.<\/p>\n<p>&nbsp;<\/p>\n<p><strong>Specifiche tecniche:<\/strong><\/p>\n<p>Numero di catalogo : DY6864<br \/>\nMateriale(i): metallo<br \/>\nColore: argento<br \/>\nTaille : 19 cm x 1 mm<br \/>\nPeso: 1g<\/p>","protected":false},"excerpt":{"rendered":"<p>Cette cha\u00eene bijou d\u00e9corative en m\u00e9tal argent\u00e9 \u00e0 strass est un connecteur ornemental \u00e0 l\u2019esth\u00e9tique pr\u00e9cieuse. Elle apporte une finition lumineuse et raffin\u00e9e aux cr\u00e9ations baln\u00e9aires, lingerie et v\u00eatements haut de gamme.<\/p>\n<p>&nbsp;<\/p>\n<p><strong>Specifiche tecniche:<\/strong><\/p>\n<p>Numero di catalogo : DY6864<br \/>\nMateriale(i): metallo<br \/>\nColore: argento<br \/>\nTaille : 19 cm x 1 mm<br \/>\nPeso: 1g<\/p>","protected":false},"featured_media":70760,"comment_status":"open","ping_status":"closed","template":"","meta":[],"product_brand":[370],"product_cat":[140,434,149,458],"product_tag":[],"class_list":{"0":"post-70759","1":"product","2":"type-product","3":"status-publish","4":"has-post-thumbnail","6":"product_brand-dyrsan","7":"product_cat-accessoires","8":"product_cat-chaines","9":"product_cat-connecteurs","10":"product_cat-dernieres-pieces","12":"first","13":"instock","14":"sold-individually","15":"taxable","16":"shipping-taxable","17":"purchasable","18":"product-type-simple"},"_links":{"self":[{"href":"https:\/\/staging.dyrsan.fr\/it\/wp-json\/wp\/v2\/product\/70759","targetHints":{"allow":["GET"]}}],"collection":[{"href":"https:\/\/staging.dyrsan.fr\/it\/wp-json\/wp\/v2\/product"}],"about":[{"href":"https:\/\/staging.dyrsan.fr\/it\/wp-json\/wp\/v2\/types\/product"}],"replies":[{"embeddable":true,"href":"https:\/\/staging.dyrsan.fr\/it\/wp-json\/wp\/v2\/comments?post=70759"}],"version-history":[{"count":5,"href":"https:\/\/staging.dyrsan.fr\/it\/wp-json\/wp\/v2\/product\/70759\/revisions"}],"predecessor-version":[{"id":74821,"href":"https:\/\/staging.dyrsan.fr\/it\/wp-json\/wp\/v2\/product\/70759\/revisions\/74821"}],"wp:featuredmedia":[{"embeddable":true,"href":"https:\/\/staging.dyrsan.fr\/it\/wp-json\/wp\/v2\/media\/70760"}],"wp:attachment":[{"href":"https:\/\/staging.dyrsan.fr\/it\/wp-json\/wp\/v2\/media?parent=70759"}],"wp:term":[{"taxonomy":"product_brand","embeddable":true,"href":"https:\/\/staging.dyrsan.fr\/it\/wp-json\/wp\/v2\/product_brand?post=70759"},{"taxonomy":"product_cat","embeddable":true,"href":"https:\/\/staging.dyrsan.fr\/it\/wp-json\/wp\/v2\/product_cat?post=70759"},{"taxonomy":"product_tag","embeddable":true,"href":"https:\/\/staging.dyrsan.fr\/it\/wp-json\/wp\/v2\/product_tag?post=70759"}],"curies":[{"name":"wp","href":"https:\/\/api.w.org\/{rel}","templated":true}]}}