{"id":70740,"date":"2025-12-12T18:13:46","date_gmt":"2025-12-12T18:13:46","guid":{"rendered":"https:\/\/staging.dyrsan.fr\/?post_type=product&#038;p=70740"},"modified":"2026-04-14T09:43:30","modified_gmt":"2026-04-14T09:43:30","slug":"fermoir-metallique-rectangulaire-argente-12-mm","status":"publish","type":"product","link":"https:\/\/staging.dyrsan.fr\/it\/shop\/fermoir-metallique-rectangulaire-argente-12-mm\/","title":{"rendered":"Chiusura rettangolare in metallo argentato 12 mm"},"content":{"rendered":"<p>Ce fermoir m\u00e9tallique rectangulaire argent\u00e9 12 mm assure une fermeture fiable et discr\u00e8te pour les cr\u00e9ations baln\u00e9aires. Son format compact avec passants int\u00e9gr\u00e9s garantit une fixation nette et s\u00e9curis\u00e9e.<\/p>\n<p>&nbsp;<\/p>\n<p><strong>Specifiche tecniche:<\/strong><\/p>\n<p>Numero di catalogo : DY4610-12<br \/>\nMateriale(i): metallo<br \/>\nColore: argento<br \/>\nTaille : 2 cm x 12 mm<br \/>\nPeso: 3 g<\/p>","protected":false},"excerpt":{"rendered":"<p>Ce fermoir m\u00e9tallique rectangulaire argent\u00e9 12 mm assure une fermeture fiable et discr\u00e8te pour les cr\u00e9ations baln\u00e9aires. Son format compact avec passants int\u00e9gr\u00e9s garantit une fixation nette et s\u00e9curis\u00e9e.<\/p>\n<p>&nbsp;<\/p>\n<p><strong>Specifiche tecniche:<\/strong><\/p>\n<p>Numero di catalogo : DY4610-12<br \/>\nMateriale(i): metallo<br \/>\nColore: argento<br \/>\nTaille : 2 cm x 12 mm<br \/>\nPeso: 3 g<\/p>","protected":false},"featured_media":70728,"comment_status":"open","ping_status":"closed","template":"","meta":[],"product_brand":[370],"product_cat":[140,458,147],"product_tag":[],"class_list":{"0":"post-70740","1":"product","2":"type-product","3":"status-publish","4":"has-post-thumbnail","6":"product_brand-dyrsan","7":"product_cat-accessoires","8":"product_cat-dernieres-pieces","9":"product_cat-fermoirs","11":"first","12":"instock","13":"sold-individually","14":"taxable","15":"shipping-taxable","16":"purchasable","17":"product-type-simple"},"_links":{"self":[{"href":"https:\/\/staging.dyrsan.fr\/it\/wp-json\/wp\/v2\/product\/70740","targetHints":{"allow":["GET"]}}],"collection":[{"href":"https:\/\/staging.dyrsan.fr\/it\/wp-json\/wp\/v2\/product"}],"about":[{"href":"https:\/\/staging.dyrsan.fr\/it\/wp-json\/wp\/v2\/types\/product"}],"replies":[{"embeddable":true,"href":"https:\/\/staging.dyrsan.fr\/it\/wp-json\/wp\/v2\/comments?post=70740"}],"version-history":[{"count":5,"href":"https:\/\/staging.dyrsan.fr\/it\/wp-json\/wp\/v2\/product\/70740\/revisions"}],"predecessor-version":[{"id":72931,"href":"https:\/\/staging.dyrsan.fr\/it\/wp-json\/wp\/v2\/product\/70740\/revisions\/72931"}],"wp:featuredmedia":[{"embeddable":true,"href":"https:\/\/staging.dyrsan.fr\/it\/wp-json\/wp\/v2\/media\/70728"}],"wp:attachment":[{"href":"https:\/\/staging.dyrsan.fr\/it\/wp-json\/wp\/v2\/media?parent=70740"}],"wp:term":[{"taxonomy":"product_brand","embeddable":true,"href":"https:\/\/staging.dyrsan.fr\/it\/wp-json\/wp\/v2\/product_brand?post=70740"},{"taxonomy":"product_cat","embeddable":true,"href":"https:\/\/staging.dyrsan.fr\/it\/wp-json\/wp\/v2\/product_cat?post=70740"},{"taxonomy":"product_tag","embeddable":true,"href":"https:\/\/staging.dyrsan.fr\/it\/wp-json\/wp\/v2\/product_tag?post=70740"}],"curies":[{"name":"wp","href":"https:\/\/api.w.org\/{rel}","templated":true}]}}