{"id":69952,"date":"2025-11-06T14:57:58","date_gmt":"2025-11-06T14:57:58","guid":{"rendered":"https:\/\/staging.dyrsan.fr\/?post_type=product&#038;p=69952"},"modified":"2026-04-14T09:44:38","modified_gmt":"2026-04-14T09:44:38","slug":"tissu-lycra-marron-brillant-extensible","status":"publish","type":"product","link":"https:\/\/staging.dyrsan.fr\/it\/shop\/tissu-lycra-marron-brillant-extensible\/","title":{"rendered":"Tessuto in lycra elasticizzata marrone lucido di alta qualit\u00e0"},"content":{"rendered":"<p>Tessuto in lycra elasticizzata marrone lucido di alta qualit\u00e0, ideale per costumi da bagno e abbigliamento sportivo. Denso e resistente, unisce comfort, sostegno e perfetta opacit\u00e0 per disegni eleganti e duraturi.<\/p>\n<p>&nbsp;<\/p>\n<p><strong>Specifiche tecniche:<\/strong><br \/>\nRiferimento : DY200DB<br \/>\nComposizione: 80 poliammide %, 20 elastan %<br \/>\nPeso: 200 g\/m\u00b2.<br \/>\nLarghezza: 152 cm<br \/>\nColore: Marrone lucido<br \/>\nAspetto: liscio, opaco, estensibile in 4 direzioni<br \/>\nPropriet\u00e0: confortevole, traspirante, ad asciugatura rapida, ottima elasticit\u00e0 e resistenza<br \/>\nUso: costumi da bagno, lingerie, abbigliamento sportivo di alta gamma<\/p>\n<p><b><img class=\"alignnone wp-image-67583\" src=\"https:\/\/staging.dyrsan.fr\/wp-content\/uploads\/2025\/08\/instru-1.jpeg\" alt=\"\" width=\"153\" height=\"42\" loading=\"lazy\" decoding=\"async\" title=\"\" srcset=\"https:\/\/staging.dyrsan.fr\/wp-content\/uploads\/2025\/08\/instru-1.jpeg 698w, https:\/\/staging.dyrsan.fr\/wp-content\/uploads\/2025\/08\/instru-1-18x5.jpeg 18w\" sizes=\"auto, (max-width: 153px) 100vw, 153px\" \/><\/b><\/p>\n<p><strong>Venduto in unit\u00e0 di 50 cm di lunghezza<\/strong> (Per ordinare 1 m selezionare 2 unit\u00e0)<\/p>","protected":false},"excerpt":{"rendered":"<p>Tessuto in lycra elasticizzata marrone lucido di alta qualit\u00e0, ideale per costumi da bagno e abbigliamento sportivo. Denso e resistente, unisce comfort, sostegno e perfetta opacit\u00e0 per disegni eleganti e duraturi.<\/p>\n<p>&nbsp;<\/p>\n<p><strong>Specifiche tecniche:<\/strong><br \/>\nRiferimento : DY200DB<br \/>\nComposizione: 80 poliammide %, 20 elastan %<br \/>\nPeso: 200 g\/m\u00b2.<br \/>\nLarghezza: 152 cm<br \/>\nColore: Marrone lucido<br \/>\nAspetto: liscio, opaco, estensibile in 4 direzioni<br \/>\nPropriet\u00e0: confortevole, traspirante, ad asciugatura rapida, ottima elasticit\u00e0 e resistenza<br \/>\nUso: costumi da bagno, lingerie, abbigliamento sportivo di alta gamma<\/p>\n<p><b><img loading=\"lazy\" decoding=\"async\" class=\"alignnone wp-image-67583\" src=\"https:\/\/staging.dyrsan.fr\/wp-content\/uploads\/2025\/08\/instru-1.jpeg\" alt=\"\" width=\"153\" height=\"42\" srcset=\"https:\/\/staging.dyrsan.fr\/wp-content\/uploads\/2025\/08\/instru-1.jpeg 698w, https:\/\/staging.dyrsan.fr\/wp-content\/uploads\/2025\/08\/instru-1-18x5.jpeg 18w\" sizes=\"auto, (max-width: 153px) 100vw, 153px\" \/><\/b><\/p>\n<p><strong>Venduto in unit\u00e0 di 50 cm di lunghezza<\/strong> (Per ordinare 1 m selezionare 2 unit\u00e0)<\/p>","protected":false},"featured_media":69903,"comment_status":"open","ping_status":"closed","template":"","meta":[],"product_brand":[370],"product_cat":[150,458,151],"product_tag":[466,154],"class_list":{"0":"post-69952","1":"product","2":"type-product","3":"status-publish","4":"has-post-thumbnail","6":"product_brand-dyrsan","7":"product_cat-tissus","8":"product_cat-dernieres-pieces","9":"product_cat-tissus-lycra-extensibles","10":"product_tag-lycra","11":"product_tag-tissus-maillot-de-bain","13":"first","14":"instock","15":"sale","16":"taxable","17":"shipping-taxable","18":"purchasable","19":"product-type-simple"},"_links":{"self":[{"href":"https:\/\/staging.dyrsan.fr\/it\/wp-json\/wp\/v2\/product\/69952","targetHints":{"allow":["GET"]}}],"collection":[{"href":"https:\/\/staging.dyrsan.fr\/it\/wp-json\/wp\/v2\/product"}],"about":[{"href":"https:\/\/staging.dyrsan.fr\/it\/wp-json\/wp\/v2\/types\/product"}],"replies":[{"embeddable":true,"href":"https:\/\/staging.dyrsan.fr\/it\/wp-json\/wp\/v2\/comments?post=69952"}],"version-history":[{"count":10,"href":"https:\/\/staging.dyrsan.fr\/it\/wp-json\/wp\/v2\/product\/69952\/revisions"}],"predecessor-version":[{"id":74418,"href":"https:\/\/staging.dyrsan.fr\/it\/wp-json\/wp\/v2\/product\/69952\/revisions\/74418"}],"wp:featuredmedia":[{"embeddable":true,"href":"https:\/\/staging.dyrsan.fr\/it\/wp-json\/wp\/v2\/media\/69903"}],"wp:attachment":[{"href":"https:\/\/staging.dyrsan.fr\/it\/wp-json\/wp\/v2\/media?parent=69952"}],"wp:term":[{"taxonomy":"product_brand","embeddable":true,"href":"https:\/\/staging.dyrsan.fr\/it\/wp-json\/wp\/v2\/product_brand?post=69952"},{"taxonomy":"product_cat","embeddable":true,"href":"https:\/\/staging.dyrsan.fr\/it\/wp-json\/wp\/v2\/product_cat?post=69952"},{"taxonomy":"product_tag","embeddable":true,"href":"https:\/\/staging.dyrsan.fr\/it\/wp-json\/wp\/v2\/product_tag?post=69952"}],"curies":[{"name":"wp","href":"https:\/\/api.w.org\/{rel}","templated":true}]}}