{"id":69008,"date":"2025-10-10T10:17:13","date_gmt":"2025-10-10T10:17:13","guid":{"rendered":"https:\/\/staging.dyrsan.fr\/?post_type=product&#038;p=69008"},"modified":"2026-04-14T10:16:46","modified_gmt":"2026-04-14T10:16:46","slug":"tissu-resille-floquee-coeurs-rouges-nylon-elasthanne","status":"publish","type":"product","link":"https:\/\/staging.dyrsan.fr\/it\/shop\/tissu-resille-floquee-coeurs-rouges-nylon-elasthanne\/","title":{"rendered":"Tessuto a rete floccato con cuori rossi in nylon elastane"},"content":{"rendered":"<p>Tissu r\u00e9sille floqu\u00e9e c\u0153urs rouges nylon \u00e9lasthanne, d\u2019une largeur de 152 cm et d\u2019un poids de 55 g\/m\u00b2. L\u00e9ger, souple et transparent, il est d\u00e9cor\u00e9 de petits c\u0153urs floqu\u00e9s en relief apportant une touche romantique et raffin\u00e9e, id\u00e9ale pour la lingerie, les v\u00eatements d\u00e9licats ou les effets de transparence.<\/p>\n<p>&nbsp;<\/p>\n<p><strong>Specifiche tecniche:<\/strong><br \/>\nR\u00e9f\u00e9rence : DY68045<br \/>\nCat\u00e9gorie : Tissu r\u00e9sille floqu\u00e9e<br \/>\nComposition : 88 % nylon \u2013 12 % \u00e9lasthanne<br \/>\nLarghezza: 152 cm<br \/>\nPoids : 55 g\/m\u00b2<br \/>\nAspect : Transparent, orn\u00e9 de c\u0153urs floqu\u00e9s rouges en relief<br \/>\nCouleur : Rouge vif (personnalisable selon le code Pantone)<br \/>\nUtilisation : Lingerie, tenues f\u00e9minines, empi\u00e8cements transparents, cr\u00e9ations de mode<\/p>","protected":false},"excerpt":{"rendered":"<p>Tissu r\u00e9sille floqu\u00e9e c\u0153urs rouges nylon \u00e9lasthanne, d\u2019une largeur de 152 cm et d\u2019un poids de 55 g\/m\u00b2. L\u00e9ger, souple et transparent, il est d\u00e9cor\u00e9 de petits c\u0153urs floqu\u00e9s en relief apportant une touche romantique et raffin\u00e9e, id\u00e9ale pour la lingerie, les v\u00eatements d\u00e9licats ou les effets de transparence.<\/p>\n<p>&nbsp;<\/p>\n<p><strong>Specifiche tecniche:<\/strong><br \/>\nR\u00e9f\u00e9rence : DY68045<br \/>\nCat\u00e9gorie : Tissu r\u00e9sille floqu\u00e9e<br \/>\nComposition : 88 % nylon \u2013 12 % \u00e9lasthanne<br \/>\nLarghezza: 152 cm<br \/>\nPoids : 55 g\/m\u00b2<br \/>\nAspect : Transparent, orn\u00e9 de c\u0153urs floqu\u00e9s rouges en relief<br \/>\nCouleur : Rouge vif (personnalisable selon le code Pantone)<br \/>\nUtilisation : Lingerie, tenues f\u00e9minines, empi\u00e8cements transparents, cr\u00e9ations de mode<\/p>","protected":false},"featured_media":68862,"comment_status":"open","ping_status":"closed","template":"","meta":[],"product_brand":[370],"product_cat":[150,209,456],"product_tag":[237,457],"class_list":{"0":"post-69008","1":"product","2":"type-product","3":"status-publish","4":"has-post-thumbnail","6":"product_brand-dyrsan","7":"product_cat-tissus","8":"product_cat-tissus-dentelles","9":"product_cat-tissus-pour-lingerie","10":"product_tag-dentelle","11":"product_tag-lingerie","13":"first","14":"instock","15":"taxable","16":"shipping-taxable","17":"purchasable","18":"product-type-simple"},"_links":{"self":[{"href":"https:\/\/staging.dyrsan.fr\/it\/wp-json\/wp\/v2\/product\/69008","targetHints":{"allow":["GET"]}}],"collection":[{"href":"https:\/\/staging.dyrsan.fr\/it\/wp-json\/wp\/v2\/product"}],"about":[{"href":"https:\/\/staging.dyrsan.fr\/it\/wp-json\/wp\/v2\/types\/product"}],"replies":[{"embeddable":true,"href":"https:\/\/staging.dyrsan.fr\/it\/wp-json\/wp\/v2\/comments?post=69008"}],"version-history":[{"count":3,"href":"https:\/\/staging.dyrsan.fr\/it\/wp-json\/wp\/v2\/product\/69008\/revisions"}],"predecessor-version":[{"id":74056,"href":"https:\/\/staging.dyrsan.fr\/it\/wp-json\/wp\/v2\/product\/69008\/revisions\/74056"}],"wp:featuredmedia":[{"embeddable":true,"href":"https:\/\/staging.dyrsan.fr\/it\/wp-json\/wp\/v2\/media\/68862"}],"wp:attachment":[{"href":"https:\/\/staging.dyrsan.fr\/it\/wp-json\/wp\/v2\/media?parent=69008"}],"wp:term":[{"taxonomy":"product_brand","embeddable":true,"href":"https:\/\/staging.dyrsan.fr\/it\/wp-json\/wp\/v2\/product_brand?post=69008"},{"taxonomy":"product_cat","embeddable":true,"href":"https:\/\/staging.dyrsan.fr\/it\/wp-json\/wp\/v2\/product_cat?post=69008"},{"taxonomy":"product_tag","embeddable":true,"href":"https:\/\/staging.dyrsan.fr\/it\/wp-json\/wp\/v2\/product_tag?post=69008"}],"curies":[{"name":"wp","href":"https:\/\/api.w.org\/{rel}","templated":true}]}}