{"id":65709,"date":"2025-08-29T20:32:34","date_gmt":"2025-08-29T20:32:34","guid":{"rendered":"https:\/\/www.2027.staging.dyrsan.fr\/?post_type=product&#038;p=65709"},"modified":"2026-04-14T10:22:01","modified_gmt":"2026-04-14T10:22:01","slug":"passant-en-metal-dore-en-forme-de-flamme","status":"publish","type":"product","link":"https:\/\/staging.dyrsan.fr\/it\/shop\/passant-en-metal-dore-en-forme-de-flamme\/","title":{"rendered":"Anello in metallo placcato oro a forma di fiamma"},"content":{"rendered":"<p>Ce passant en m\u00e9tal dor\u00e9 en forme de flamme est un \u00e9l\u00e9ment d\u00e9coratif et fonctionnel destin\u00e9 aux cr\u00e9ations textiles. Sa finition brillante et son design sculptural apportent une touche \u00e9l\u00e9gante et distinctive aux assemblages baln\u00e9aires et haut de gamme.<\/p>\n<p><strong>Specifiche tecniche:<\/strong><\/p>\n<p>R\u00e9f\u00e9rence : DY8212<br \/>\nMateriale(i): metallo<br \/>\nColore: oro<br \/>\nTaille : 59 \u00d7 39 \u00d7 40 mm<br \/>\nPoids : 17,7 g<\/p>\n<p>Venduto in confezioni da 100 pezzi<\/p>","protected":false},"excerpt":{"rendered":"<p>Ce passant en m\u00e9tal dor\u00e9 en forme de flamme est un \u00e9l\u00e9ment d\u00e9coratif et fonctionnel destin\u00e9 aux cr\u00e9ations textiles. Sa finition brillante et son design sculptural apportent une touche \u00e9l\u00e9gante et distinctive aux assemblages baln\u00e9aires et haut de gamme.<\/p>\n<p>&nbsp;<\/p>\n<p><strong>Specifiche tecniche:<\/strong><\/p>\n<p>R\u00e9f\u00e9rence : DY8212<br \/>\nMateriale(i): metallo<br \/>\nColore: oro<br \/>\nTaille : 59 \u00d7 39 \u00d7 40 mm<br \/>\nPoids : 17,7 g<\/p>\n<p>Venduto in confezioni da 100 pezzi<\/p>","protected":false},"featured_media":61652,"comment_status":"closed","ping_status":"closed","template":"","meta":[],"product_brand":[],"product_cat":[212,140],"product_tag":[374],"class_list":{"0":"post-65709","1":"product","2":"type-product","3":"status-publish","4":"has-post-thumbnail","6":"product_cat-passants","7":"product_cat-accessoires","8":"product_tag-passant","9":"product_shipping_class-1-a-2kg","11":"first","12":"instock","13":"taxable","14":"shipping-taxable","15":"purchasable","16":"product-type-simple"},"_links":{"self":[{"href":"https:\/\/staging.dyrsan.fr\/it\/wp-json\/wp\/v2\/product\/65709","targetHints":{"allow":["GET"]}}],"collection":[{"href":"https:\/\/staging.dyrsan.fr\/it\/wp-json\/wp\/v2\/product"}],"about":[{"href":"https:\/\/staging.dyrsan.fr\/it\/wp-json\/wp\/v2\/types\/product"}],"replies":[{"embeddable":true,"href":"https:\/\/staging.dyrsan.fr\/it\/wp-json\/wp\/v2\/comments?post=65709"}],"version-history":[{"count":4,"href":"https:\/\/staging.dyrsan.fr\/it\/wp-json\/wp\/v2\/product\/65709\/revisions"}],"predecessor-version":[{"id":73006,"href":"https:\/\/staging.dyrsan.fr\/it\/wp-json\/wp\/v2\/product\/65709\/revisions\/73006"}],"wp:featuredmedia":[{"embeddable":true,"href":"https:\/\/staging.dyrsan.fr\/it\/wp-json\/wp\/v2\/media\/61652"}],"wp:attachment":[{"href":"https:\/\/staging.dyrsan.fr\/it\/wp-json\/wp\/v2\/media?parent=65709"}],"wp:term":[{"taxonomy":"product_brand","embeddable":true,"href":"https:\/\/staging.dyrsan.fr\/it\/wp-json\/wp\/v2\/product_brand?post=65709"},{"taxonomy":"product_cat","embeddable":true,"href":"https:\/\/staging.dyrsan.fr\/it\/wp-json\/wp\/v2\/product_cat?post=65709"},{"taxonomy":"product_tag","embeddable":true,"href":"https:\/\/staging.dyrsan.fr\/it\/wp-json\/wp\/v2\/product_tag?post=65709"}],"curies":[{"name":"wp","href":"https:\/\/api.w.org\/{rel}","templated":true}]}}