{"id":65645,"date":"2025-10-26T10:13:02","date_gmt":"2025-10-26T10:13:02","guid":{"rendered":"https:\/\/www.2027.staging.dyrsan.fr\/?post_type=product&#038;p=65645"},"modified":"2026-02-19T16:03:01","modified_gmt":"2026-02-19T16:03:01","slug":"tissu-en-jersey-recycle-fluide-a-rayures","status":"publish","type":"product","link":"https:\/\/staging.dyrsan.fr\/it\/shop\/tissu-en-jersey-recycle-fluide-a-rayures\/","title":{"rendered":"Tessuto fluido in jersey riciclato a righe"},"content":{"rendered":"<p>Tissu en jersey recycl\u00e9 fluide \u00e0 rayures, souple et extensible. Ce tissu jersey recycl\u00e9 fluide \u00e0 rayures est certifi\u00e9 OEKO-TEX\u00ae et fabriqu\u00e9 en Italie.<\/p>\n<p>&nbsp;<\/p>\n<p><strong>Specifiche tecniche:<\/strong><br \/>\nR\u00e9f\u00e9rence : 65645<br \/>\nComposition : 90 % polyamide recycl\u00e9, 10 % \u00e9lasthanne<br \/>\nPoids : 195 g\/m\u00b2<br \/>\nLarghezza: 145 cm<br \/>\nCertificazione: OEKO-TEX<br \/>\nPropri\u00e9t\u00e9s : extensible, fluide<br \/>\nPrezzo indicativo: prezzo su richiesta<br \/>\nOrigine : Italia<\/p>","protected":false},"excerpt":{"rendered":"<p>Tissu en jersey recycl\u00e9 fluide \u00e0 rayures, souple et extensible. Ce tissu jersey recycl\u00e9 fluide \u00e0 rayures est certifi\u00e9 OEKO-TEX\u00ae et fabriqu\u00e9 en Italie.<\/p>\n<p>&nbsp;<\/p>\n<p><strong>Specifiche tecniche:<\/strong><br \/>\nR\u00e9f\u00e9rence : 65645<br \/>\nComposition : 90 % polyamide recycl\u00e9, 10 % \u00e9lasthanne<br \/>\nPoids : 195 g\/m\u00b2<br \/>\nLarghezza: 145 cm<br \/>\nCertificazione: OEKO-TEX<br \/>\nPropri\u00e9t\u00e9s : extensible, fluide<br \/>\nPrezzo indicativo: prezzo su richiesta<br \/>\nOrigine : Italia<\/p>\n<p><b><img loading=\"lazy\" decoding=\"async\" class=\"alignnone wp-image-67583\" src=\"https:\/\/staging.dyrsan.fr\/wp-content\/uploads\/2025\/08\/instru-1.jpeg\" alt=\"\" width=\"143\" height=\"39\" srcset=\"https:\/\/staging.dyrsan.fr\/wp-content\/uploads\/2025\/08\/instru-1.jpeg 698w, https:\/\/staging.dyrsan.fr\/wp-content\/uploads\/2025\/08\/instru-1-18x5.jpeg 18w\" sizes=\"auto, (max-width: 143px) 100vw, 143px\" \/><\/b><\/p>","protected":false},"featured_media":61499,"comment_status":"closed","ping_status":"closed","template":"","meta":[],"product_brand":[370],"product_cat":[150,251,197,213],"product_tag":[],"class_list":{"0":"post-65645","1":"product","2":"type-product","3":"status-publish","4":"has-post-thumbnail","6":"product_brand-dyrsan","7":"product_cat-tissus","8":"product_cat-tissus-jersey","9":"product_cat-tissus-recycles","10":"product_cat-tissus-textures","11":"product_shipping_class-colis-lourds-15kg","12":"prix-sur-demande-enabled","14":"first","15":"instock","16":"taxable","17":"shipping-taxable","18":"product-type-simple"},"_links":{"self":[{"href":"https:\/\/staging.dyrsan.fr\/it\/wp-json\/wp\/v2\/product\/65645","targetHints":{"allow":["GET"]}}],"collection":[{"href":"https:\/\/staging.dyrsan.fr\/it\/wp-json\/wp\/v2\/product"}],"about":[{"href":"https:\/\/staging.dyrsan.fr\/it\/wp-json\/wp\/v2\/types\/product"}],"replies":[{"embeddable":true,"href":"https:\/\/staging.dyrsan.fr\/it\/wp-json\/wp\/v2\/comments?post=65645"}],"version-history":[{"count":5,"href":"https:\/\/staging.dyrsan.fr\/it\/wp-json\/wp\/v2\/product\/65645\/revisions"}],"predecessor-version":[{"id":73284,"href":"https:\/\/staging.dyrsan.fr\/it\/wp-json\/wp\/v2\/product\/65645\/revisions\/73284"}],"wp:featuredmedia":[{"embeddable":true,"href":"https:\/\/staging.dyrsan.fr\/it\/wp-json\/wp\/v2\/media\/61499"}],"wp:attachment":[{"href":"https:\/\/staging.dyrsan.fr\/it\/wp-json\/wp\/v2\/media?parent=65645"}],"wp:term":[{"taxonomy":"product_brand","embeddable":true,"href":"https:\/\/staging.dyrsan.fr\/it\/wp-json\/wp\/v2\/product_brand?post=65645"},{"taxonomy":"product_cat","embeddable":true,"href":"https:\/\/staging.dyrsan.fr\/it\/wp-json\/wp\/v2\/product_cat?post=65645"},{"taxonomy":"product_tag","embeddable":true,"href":"https:\/\/staging.dyrsan.fr\/it\/wp-json\/wp\/v2\/product_tag?post=65645"}],"curies":[{"name":"wp","href":"https:\/\/api.w.org\/{rel}","templated":true}]}}