{"id":65618,"date":"2025-08-29T20:32:19","date_gmt":"2025-08-29T20:32:19","guid":{"rendered":"https:\/\/www.2027.staging.dyrsan.fr\/?post_type=product&#038;p=65618"},"modified":"2026-04-14T10:30:43","modified_gmt":"2026-04-14T10:30:43","slug":"passant-en-metal-dore-en-forme-de-goutte-deau","status":"publish","type":"product","link":"https:\/\/staging.dyrsan.fr\/it\/shop\/passant-en-metal-dore-en-forme-de-goutte-deau\/","title":{"rendered":"Anello in metallo placcato oro a forma di goccia"},"content":{"rendered":"<p>Ce passant en m\u00e9tal dor\u00e9 \u00a0en forme de goutte d&rsquo;eau est con\u00e7u pour l\u2019assemblage des maillots de bain, robes et ceintures. Il garantit une finition \u00e9l\u00e9gante, solide et durable, adapt\u00e9e aux textiles expos\u00e9s \u00e0 l\u2019eau et aux contraintes d\u2019usage.<\/p>\n<p>&nbsp;<\/p>\n<p><strong>Specifiche tecniche:<\/strong><\/p>\n<p>R\u00e9f\u00e9rence : DY5213<br \/>\nMateriale(i): metallo<br \/>\nColore: oro<br \/>\nTaille : 65 \u00d7 40 mm ou 49 \u00d7 30 mm<br \/>\nPeso: 20 g<\/p>\n<p>&nbsp;<\/p>\n<p><strong>Propriet\u00e0 tecniche:<\/strong><br \/>\nResistente alla ruggine<br \/>\nResistente all'acqua di mare e al sudore<br \/>\nNon scolorisce<br \/>\nSenza bordi taglienti (non irritante)<br \/>\nElevata durata (anche se cucito o esposto al sole)<\/p>\n<p>Venduto in confezioni da 100 \/ Consegna in 15-20 giorni<\/p>","protected":false},"excerpt":{"rendered":"<p>Ce passant en m\u00e9tal dor\u00e9 \u00a0en forme de goutte d&rsquo;eau est con\u00e7u pour l\u2019assemblage des maillots de bain, robes et ceintures. Il garantit une finition \u00e9l\u00e9gante, solide et durable, adapt\u00e9e aux textiles expos\u00e9s \u00e0 l\u2019eau et aux contraintes d\u2019usage.<\/p>\n<p>&nbsp;<\/p>\n<p><strong>Specifiche tecniche:<\/strong><\/p>\n<p>R\u00e9f\u00e9rence : DY5213<br \/>\nMateriale(i): metallo<br \/>\nColore: oro<br \/>\nTaille : 65 \u00d7 40 mm ou 49 \u00d7 30 mm<br \/>\nPeso: 20 g<\/p>\n<p>&nbsp;<\/p>\n<p><strong>Propriet\u00e0 tecniche:<\/strong><br \/>\nResistente alla ruggine<br \/>\nResistente all'acqua di mare e al sudore<br \/>\nNon scolorisce<br \/>\nSenza bordi taglienti (non irritante)<br \/>\nElevata durata (anche se cucito o esposto al sole)<\/p>\n<p>Venduto in confezioni da 100 \/ Consegna in 15-20 giorni<\/p>","protected":false},"featured_media":61470,"comment_status":"closed","ping_status":"closed","template":"","meta":[],"product_brand":[],"product_cat":[212,140],"product_tag":[374],"class_list":{"0":"post-65618","1":"product","2":"type-product","3":"status-publish","4":"has-post-thumbnail","6":"product_cat-passants","7":"product_cat-accessoires","8":"product_tag-passant","9":"product_shipping_class-1-a-2kg","11":"first","12":"instock","13":"taxable","14":"shipping-taxable","15":"purchasable","16":"product-type-simple"},"_links":{"self":[{"href":"https:\/\/staging.dyrsan.fr\/it\/wp-json\/wp\/v2\/product\/65618","targetHints":{"allow":["GET"]}}],"collection":[{"href":"https:\/\/staging.dyrsan.fr\/it\/wp-json\/wp\/v2\/product"}],"about":[{"href":"https:\/\/staging.dyrsan.fr\/it\/wp-json\/wp\/v2\/types\/product"}],"replies":[{"embeddable":true,"href":"https:\/\/staging.dyrsan.fr\/it\/wp-json\/wp\/v2\/comments?post=65618"}],"version-history":[{"count":9,"href":"https:\/\/staging.dyrsan.fr\/it\/wp-json\/wp\/v2\/product\/65618\/revisions"}],"predecessor-version":[{"id":76375,"href":"https:\/\/staging.dyrsan.fr\/it\/wp-json\/wp\/v2\/product\/65618\/revisions\/76375"}],"wp:featuredmedia":[{"embeddable":true,"href":"https:\/\/staging.dyrsan.fr\/it\/wp-json\/wp\/v2\/media\/61470"}],"wp:attachment":[{"href":"https:\/\/staging.dyrsan.fr\/it\/wp-json\/wp\/v2\/media?parent=65618"}],"wp:term":[{"taxonomy":"product_brand","embeddable":true,"href":"https:\/\/staging.dyrsan.fr\/it\/wp-json\/wp\/v2\/product_brand?post=65618"},{"taxonomy":"product_cat","embeddable":true,"href":"https:\/\/staging.dyrsan.fr\/it\/wp-json\/wp\/v2\/product_cat?post=65618"},{"taxonomy":"product_tag","embeddable":true,"href":"https:\/\/staging.dyrsan.fr\/it\/wp-json\/wp\/v2\/product_tag?post=65618"}],"curies":[{"name":"wp","href":"https:\/\/api.w.org\/{rel}","templated":true}]}}