{"id":65609,"date":"2025-10-26T10:10:06","date_gmt":"2025-10-26T10:10:06","guid":{"rendered":"https:\/\/www.2027.staging.dyrsan.fr\/?post_type=product&#038;p=65609"},"modified":"2026-01-29T14:29:55","modified_gmt":"2026-01-29T14:29:55","slug":"tissu-en-jersey-brillant-a-fines-rayures","status":"publish","type":"product","link":"https:\/\/staging.dyrsan.fr\/it\/shop\/tissu-en-jersey-brillant-a-fines-rayures\/","title":{"rendered":"Tessuto in jersey lucido a righe sottili"},"content":{"rendered":"<p>Tissu en jersey brillant \u00e0 fines rayures, extensible et d\u2019origine italienne. Ce tissu jersey brillant \u00e0 fines rayures est personnalisable selon code Pantone et adapt\u00e9 aux cr\u00e9ations techniques et mode.<\/p>\n<p>&nbsp;<\/p>\n<p><strong>Specifiche tecniche:<\/strong><br \/>\nR\u00e9f\u00e9rence : 65609<br \/>\nComposizione: 92 % poliammide, 8 % elastan<br \/>\nPeso: 205 g\/m\u00b2.<br \/>\nLarghezza: 125 cm<br \/>\nColore: personalizzabile secondo il codice Pantone<br \/>\nAspect : brillant<br \/>\nPrezzo indicativo: prezzo su richiesta<br \/>\nOrigine : Italia<\/p>","protected":false},"excerpt":{"rendered":"<p>Tissu en jersey brillant \u00e0 fines rayures, extensible et d\u2019origine italienne. Ce tissu jersey brillant \u00e0 fines rayures est personnalisable selon code Pantone et adapt\u00e9 aux cr\u00e9ations techniques et mode.<\/p>\n<p>&nbsp;<\/p>\n<p><strong>Specifiche tecniche:<\/strong><br \/>\nR\u00e9f\u00e9rence : 65609<br \/>\nComposizione: 92 % poliammide, 8 % elastan<br \/>\nPeso: 205 g\/m\u00b2.<br \/>\nLarghezza: 125 cm<br \/>\nColore: personalizzabile secondo il codice Pantone<br \/>\nAspect : brillant<br \/>\nPrezzo indicativo: prezzo su richiesta<br \/>\nOrigine : Italia<\/p>\n<p><b><img loading=\"lazy\" decoding=\"async\" class=\"alignnone wp-image-67583\" src=\"https:\/\/staging.dyrsan.fr\/wp-content\/uploads\/2025\/08\/instru-1.jpeg\" alt=\"\" width=\"143\" height=\"39\" srcset=\"https:\/\/staging.dyrsan.fr\/wp-content\/uploads\/2025\/08\/instru-1.jpeg 698w, https:\/\/staging.dyrsan.fr\/wp-content\/uploads\/2025\/08\/instru-1-18x5.jpeg 18w\" sizes=\"auto, (max-width: 143px) 100vw, 143px\" \/><\/b><\/p>","protected":false},"featured_media":61427,"comment_status":"closed","ping_status":"closed","template":"","meta":[],"product_brand":[370],"product_cat":[150,251,151,213],"product_tag":[199],"class_list":{"0":"post-65609","1":"product","2":"type-product","3":"status-publish","4":"has-post-thumbnail","6":"product_brand-dyrsan","7":"product_cat-tissus","8":"product_cat-tissus-jersey","9":"product_cat-tissus-lycra-extensibles","10":"product_cat-tissus-textures","11":"product_tag-tissu-leger","12":"product_shipping_class-colis-lourds-15kg","13":"prix-sur-demande-enabled","15":"first","16":"instock","17":"taxable","18":"shipping-taxable","19":"product-type-simple"},"_links":{"self":[{"href":"https:\/\/staging.dyrsan.fr\/it\/wp-json\/wp\/v2\/product\/65609","targetHints":{"allow":["GET"]}}],"collection":[{"href":"https:\/\/staging.dyrsan.fr\/it\/wp-json\/wp\/v2\/product"}],"about":[{"href":"https:\/\/staging.dyrsan.fr\/it\/wp-json\/wp\/v2\/types\/product"}],"replies":[{"embeddable":true,"href":"https:\/\/staging.dyrsan.fr\/it\/wp-json\/wp\/v2\/comments?post=65609"}],"version-history":[{"count":5,"href":"https:\/\/staging.dyrsan.fr\/it\/wp-json\/wp\/v2\/product\/65609\/revisions"}],"predecessor-version":[{"id":73298,"href":"https:\/\/staging.dyrsan.fr\/it\/wp-json\/wp\/v2\/product\/65609\/revisions\/73298"}],"wp:featuredmedia":[{"embeddable":true,"href":"https:\/\/staging.dyrsan.fr\/it\/wp-json\/wp\/v2\/media\/61427"}],"wp:attachment":[{"href":"https:\/\/staging.dyrsan.fr\/it\/wp-json\/wp\/v2\/media?parent=65609"}],"wp:term":[{"taxonomy":"product_brand","embeddable":true,"href":"https:\/\/staging.dyrsan.fr\/it\/wp-json\/wp\/v2\/product_brand?post=65609"},{"taxonomy":"product_cat","embeddable":true,"href":"https:\/\/staging.dyrsan.fr\/it\/wp-json\/wp\/v2\/product_cat?post=65609"},{"taxonomy":"product_tag","embeddable":true,"href":"https:\/\/staging.dyrsan.fr\/it\/wp-json\/wp\/v2\/product_tag?post=65609"}],"curies":[{"name":"wp","href":"https:\/\/api.w.org\/{rel}","templated":true}]}}