{"id":65518,"date":"2025-08-29T20:31:59","date_gmt":"2025-08-29T20:31:59","guid":{"rendered":"https:\/\/www.2027.staging.dyrsan.fr\/?post_type=product&#038;p=65518"},"modified":"2026-04-14T10:30:58","modified_gmt":"2026-04-14T10:30:58","slug":"anneau-connecteur-en-metal-dore-rond","status":"publish","type":"product","link":"https:\/\/staging.dyrsan.fr\/it\/shop\/anneau-connecteur-en-metal-dore-rond\/","title":{"rendered":"Anello di collegamento rotondo in metallo placcato oro"},"content":{"rendered":"<p>Cet anneau connecteur en m\u00e9tal dor\u00e9 rond est un accessoire fonctionnel et d\u00e9coratif destin\u00e9 \u00e0 l\u2019assemblage des maillots de bain, bikinis et v\u00eatements. Sa finition brillante assure une liaison \u00e9l\u00e9gante et durable entre les \u00e9l\u00e9ments textiles.<\/p>\n<p>&nbsp;<\/p>\n<p><strong>Specifiche tecniche:<\/strong><\/p>\n<p>R\u00e9f\u00e9rence : DY8202<br \/>\nMateriale(i): metallo<br \/>\nColore: oro<br \/>\nTaille : 4,8 \u00d7 4,5 cm<br \/>\nPeso: 12 g<\/p>\n<p>&nbsp;<\/p>\n<p><strong>Propriet\u00e0 tecniche:<\/strong><br \/>\nResistente alla ruggine<br \/>\nResistente all'acqua di mare e al sudore<br \/>\nNon scolorisce<br \/>\nSenza bordi taglienti (non irritante)<br \/>\nElevata durata (anche se cucito o esposto al sole)<\/p>\n<p>Venduto in confezioni da 100 \/ Consegna in 15-20 giorni<\/p>","protected":false},"excerpt":{"rendered":"<p>Cet anneau connecteur en m\u00e9tal dor\u00e9 rond est un accessoire fonctionnel et d\u00e9coratif destin\u00e9 \u00e0 l\u2019assemblage des maillots de bain, bikinis et v\u00eatements. Sa finition brillante assure une liaison \u00e9l\u00e9gante et durable entre les \u00e9l\u00e9ments textiles.<\/p>\n<p>&nbsp;<\/p>\n<p><strong>Specifiche tecniche:<\/strong><\/p>\n<p>R\u00e9f\u00e9rence : DY8202<br \/>\nMateriale(i): metallo<br \/>\nColore: oro<br \/>\nTaille : 4,8 \u00d7 4,5 cm<br \/>\nPeso: 12 g<\/p>\n<p>&nbsp;<\/p>\n<p><strong>Propriet\u00e0 tecniche:<\/strong><br \/>\nResistente alla ruggine<br \/>\nResistente all'acqua di mare e al sudore<br \/>\nNon scolorisce<br \/>\nSenza bordi taglienti (non irritante)<br \/>\nElevata durata (anche se cucito o esposto al sole)<\/p>\n<p>Venduto in confezioni da 100 \/ Consegna in 15-20 giorni<\/p>","protected":false},"featured_media":61295,"comment_status":"closed","ping_status":"closed","template":"","meta":[],"product_brand":[],"product_cat":[140,148,149],"product_tag":[384,157,170],"class_list":{"0":"post-65518","1":"product","2":"type-product","3":"status-publish","4":"has-post-thumbnail","6":"product_cat-accessoires","7":"product_cat-boucles","8":"product_cat-connecteurs","9":"product_tag-boucle","10":"product_tag-boucle-connecteur","11":"product_tag-boucle-maillot-de-bain","12":"product_shipping_class-1-a-2kg","14":"first","15":"instock","16":"taxable","17":"shipping-taxable","18":"purchasable","19":"product-type-simple"},"_links":{"self":[{"href":"https:\/\/staging.dyrsan.fr\/it\/wp-json\/wp\/v2\/product\/65518","targetHints":{"allow":["GET"]}}],"collection":[{"href":"https:\/\/staging.dyrsan.fr\/it\/wp-json\/wp\/v2\/product"}],"about":[{"href":"https:\/\/staging.dyrsan.fr\/it\/wp-json\/wp\/v2\/types\/product"}],"replies":[{"embeddable":true,"href":"https:\/\/staging.dyrsan.fr\/it\/wp-json\/wp\/v2\/comments?post=65518"}],"version-history":[{"count":8,"href":"https:\/\/staging.dyrsan.fr\/it\/wp-json\/wp\/v2\/product\/65518\/revisions"}],"predecessor-version":[{"id":76383,"href":"https:\/\/staging.dyrsan.fr\/it\/wp-json\/wp\/v2\/product\/65518\/revisions\/76383"}],"wp:featuredmedia":[{"embeddable":true,"href":"https:\/\/staging.dyrsan.fr\/it\/wp-json\/wp\/v2\/media\/61295"}],"wp:attachment":[{"href":"https:\/\/staging.dyrsan.fr\/it\/wp-json\/wp\/v2\/media?parent=65518"}],"wp:term":[{"taxonomy":"product_brand","embeddable":true,"href":"https:\/\/staging.dyrsan.fr\/it\/wp-json\/wp\/v2\/product_brand?post=65518"},{"taxonomy":"product_cat","embeddable":true,"href":"https:\/\/staging.dyrsan.fr\/it\/wp-json\/wp\/v2\/product_cat?post=65518"},{"taxonomy":"product_tag","embeddable":true,"href":"https:\/\/staging.dyrsan.fr\/it\/wp-json\/wp\/v2\/product_tag?post=65518"}],"curies":[{"name":"wp","href":"https:\/\/api.w.org\/{rel}","templated":true}]}}