{"id":65516,"date":"2025-08-29T20:31:59","date_gmt":"2025-08-29T20:31:59","guid":{"rendered":"https:\/\/www.2027.staging.dyrsan.fr\/?post_type=product&#038;p=65516"},"modified":"2026-04-14T10:31:45","modified_gmt":"2026-04-14T10:31:45","slug":"separateur-grand-format-en-metal-dore","status":"publish","type":"product","link":"https:\/\/staging.dyrsan.fr\/it\/shop\/separateur-grand-format-en-metal-dore\/","title":{"rendered":"Divisorio a serpente ondulato in metallo placcato oro"},"content":{"rendered":"<p>S\u00e9parateur serpent ondul\u00e9 en m\u00e9tal dor\u00e9 \u2014 pi\u00e8ce d&rsquo;assemblage d\u00e9corative et fonctionnelle pour bikini \u00e0 liens, par\u00e9o, robe crois\u00e9e, top drap\u00e9. Design serpent ondulant avec perforations de couture. Finition soign\u00e9e garantissant une tenue durable, y compris en milieu baln\u00e9aire.<\/p>\n<p>&nbsp;<\/p>\n<p><strong>Specifiche tecniche :<\/strong><\/p>\n<p>R\u00e9f\u00e9rence : DY8076<br \/>\nMateriale(i): metallo (lega di zinco)<br \/>\nColore: oro<br \/>\nDimensions : 85 \u00d7 67 \u00d7 78 mm<br \/>\nPoids : 36.1g<\/p>\n<p>&nbsp;<\/p>\n<p><strong>Propriet\u00e0 tecniche :<\/strong><br \/>\nResistente alla ruggine<br \/>\nResistente all'acqua di mare e al sudore<br \/>\nNon scolorisce<br \/>\nSenza bordi taglienti (non irritante)<br \/>\nElevata durata (anche se cucito o esposto al sole)<\/p>\n<p>Venduto in confezioni da 100 \/ Consegna in 15-20 giorni<\/p>","protected":false},"excerpt":{"rendered":"<p>S\u00e9parateur serpent ondul\u00e9 en m\u00e9tal dor\u00e9 \u2014 pi\u00e8ce d&rsquo;assemblage d\u00e9corative et fonctionnelle pour bikini \u00e0 liens, par\u00e9o, robe crois\u00e9e, top drap\u00e9. Design serpent ondulant avec perforations de couture. Finition soign\u00e9e garantissant une tenue durable, y compris en milieu baln\u00e9aire.<\/p>","protected":false},"featured_media":61286,"comment_status":"closed","ping_status":"closed","template":"","meta":[],"product_brand":[],"product_cat":[156,140],"product_tag":[373],"class_list":{"0":"post-65516","1":"product","2":"type-product","3":"status-publish","4":"has-post-thumbnail","6":"product_cat-separateurs","7":"product_cat-accessoires","8":"product_tag-separateur","9":"product_shipping_class-1-a-2kg","11":"first","12":"instock","13":"taxable","14":"shipping-taxable","15":"purchasable","16":"product-type-simple"},"_links":{"self":[{"href":"https:\/\/staging.dyrsan.fr\/it\/wp-json\/wp\/v2\/product\/65516","targetHints":{"allow":["GET"]}}],"collection":[{"href":"https:\/\/staging.dyrsan.fr\/it\/wp-json\/wp\/v2\/product"}],"about":[{"href":"https:\/\/staging.dyrsan.fr\/it\/wp-json\/wp\/v2\/types\/product"}],"replies":[{"embeddable":true,"href":"https:\/\/staging.dyrsan.fr\/it\/wp-json\/wp\/v2\/comments?post=65516"}],"version-history":[{"count":8,"href":"https:\/\/staging.dyrsan.fr\/it\/wp-json\/wp\/v2\/product\/65516\/revisions"}],"predecessor-version":[{"id":76385,"href":"https:\/\/staging.dyrsan.fr\/it\/wp-json\/wp\/v2\/product\/65516\/revisions\/76385"}],"wp:featuredmedia":[{"embeddable":true,"href":"https:\/\/staging.dyrsan.fr\/it\/wp-json\/wp\/v2\/media\/61286"}],"wp:attachment":[{"href":"https:\/\/staging.dyrsan.fr\/it\/wp-json\/wp\/v2\/media?parent=65516"}],"wp:term":[{"taxonomy":"product_brand","embeddable":true,"href":"https:\/\/staging.dyrsan.fr\/it\/wp-json\/wp\/v2\/product_brand?post=65516"},{"taxonomy":"product_cat","embeddable":true,"href":"https:\/\/staging.dyrsan.fr\/it\/wp-json\/wp\/v2\/product_cat?post=65516"},{"taxonomy":"product_tag","embeddable":true,"href":"https:\/\/staging.dyrsan.fr\/it\/wp-json\/wp\/v2\/product_tag?post=65516"}],"curies":[{"name":"wp","href":"https:\/\/api.w.org\/{rel}","templated":true}]}}