{"id":65509,"date":"2025-08-29T20:31:59","date_gmt":"2025-08-29T20:31:59","guid":{"rendered":"https:\/\/www.2027.staging.dyrsan.fr\/?post_type=product&#038;p=65509"},"modified":"2026-04-03T17:53:56","modified_gmt":"2026-04-03T17:53:56","slug":"rembourrage-insert-coussinet-mousse-triangle-chair-la-paire","status":"publish","type":"product","link":"https:\/\/staging.dyrsan.fr\/it\/shop\/rembourrage-insert-coussinet-mousse-triangle-chair-la-paire\/","title":{"rendered":"Cuscino in schiuma per sedia a triangolo (coppia)"},"content":{"rendered":"<p>Cet insert rembourrage insert coussinet mousse triangle chair (la paire)est con\u00e7u pour apporter galbe, maintien et discr\u00e9tion aux cr\u00e9ations textiles. Vendu par paire, il est id\u00e9al pour les maillots de bain, la lingerie et les v\u00eatements n\u00e9cessitant un coussinet confortable et naturel.<\/p>\n<p>&nbsp;<\/p>\n<p><strong>Specifiche tecniche:<\/strong><\/p>\n<p>R\u00e9f\u00e9rence : 65509<br \/>\nMat\u00e9riau(x) : Mousse<br \/>\nCouleur : beige<\/p>","protected":false},"excerpt":{"rendered":"<p>Cet insert rembourrage insert coussinet mousse triangle chair (la paire)est con\u00e7u pour apporter galbe, maintien et discr\u00e9tion aux cr\u00e9ations textiles. Vendu par paire, il est id\u00e9al pour les maillots de bain, la lingerie et les v\u00eatements n\u00e9cessitant un coussinet confortable et naturel.<\/p>\n<p>&nbsp;<\/p>\n<p><strong>Specifiche tecniche:<\/strong><\/p>\n<p>R\u00e9f\u00e9rence : 65509<br \/>\nMat\u00e9riau(x) : Mousse<br \/>\nCouleur : beige<\/p>","protected":false},"featured_media":61250,"comment_status":"closed","ping_status":"closed","template":"","meta":[],"product_brand":[],"product_cat":[140,227],"product_tag":[229],"class_list":{"0":"post-65509","1":"product","2":"type-product","3":"status-publish","4":"has-post-thumbnail","6":"product_cat-accessoires","7":"product_cat-inserts-de-rembourrage","8":"product_tag-rembourrage","9":"product_shipping_class-1-a-2kg","11":"first","12":"instock","13":"taxable","14":"shipping-taxable","15":"purchasable","16":"product-type-simple"},"_links":{"self":[{"href":"https:\/\/staging.dyrsan.fr\/it\/wp-json\/wp\/v2\/product\/65509","targetHints":{"allow":["GET"]}}],"collection":[{"href":"https:\/\/staging.dyrsan.fr\/it\/wp-json\/wp\/v2\/product"}],"about":[{"href":"https:\/\/staging.dyrsan.fr\/it\/wp-json\/wp\/v2\/types\/product"}],"replies":[{"embeddable":true,"href":"https:\/\/staging.dyrsan.fr\/it\/wp-json\/wp\/v2\/comments?post=65509"}],"version-history":[{"count":4,"href":"https:\/\/staging.dyrsan.fr\/it\/wp-json\/wp\/v2\/product\/65509\/revisions"}],"predecessor-version":[{"id":73093,"href":"https:\/\/staging.dyrsan.fr\/it\/wp-json\/wp\/v2\/product\/65509\/revisions\/73093"}],"wp:featuredmedia":[{"embeddable":true,"href":"https:\/\/staging.dyrsan.fr\/it\/wp-json\/wp\/v2\/media\/61250"}],"wp:attachment":[{"href":"https:\/\/staging.dyrsan.fr\/it\/wp-json\/wp\/v2\/media?parent=65509"}],"wp:term":[{"taxonomy":"product_brand","embeddable":true,"href":"https:\/\/staging.dyrsan.fr\/it\/wp-json\/wp\/v2\/product_brand?post=65509"},{"taxonomy":"product_cat","embeddable":true,"href":"https:\/\/staging.dyrsan.fr\/it\/wp-json\/wp\/v2\/product_cat?post=65509"},{"taxonomy":"product_tag","embeddable":true,"href":"https:\/\/staging.dyrsan.fr\/it\/wp-json\/wp\/v2\/product_tag?post=65509"}],"curies":[{"name":"wp","href":"https:\/\/api.w.org\/{rel}","templated":true}]}}