{"id":65508,"date":"2025-08-29T20:31:59","date_gmt":"2025-08-29T20:31:59","guid":{"rendered":"https:\/\/www.2027.staging.dyrsan.fr\/?post_type=product&#038;p=65508"},"modified":"2026-04-03T17:53:57","modified_gmt":"2026-04-03T17:53:57","slug":"rembourrage-mousse-triangle-blanc-la-paire","status":"publish","type":"product","link":"https:\/\/staging.dyrsan.fr\/it\/shop\/rembourrage-mousse-triangle-blanc-la-paire\/","title":{"rendered":"Imbottitura in schiuma bianca a triangolo (coppia)"},"content":{"rendered":"<p>Ce rembourrage mousse triangle blanc (la paire), est con\u00e7u pour apporter galbe, maintien et confort aux maillots de bain, bikinis, lingerie et v\u00eatements. L\u00e9ger et discret, il s\u2019int\u00e8gre parfaitement aux cr\u00e9ations textiles professionnelles.<\/p>\n<p>&nbsp;<\/p>\n<p><strong>Specifiche tecniche:<\/strong><\/p>\n<p>R\u00e9f\u00e9rence : 65508<br \/>\nMat\u00e9riau(x) : Mousse<br \/>\nColore: bianco<\/p>","protected":false},"excerpt":{"rendered":"<p>Ce rembourrage mousse triangle blanc (la paire), est con\u00e7u pour apporter galbe, maintien et confort aux maillots de bain, bikinis, lingerie et v\u00eatements. L\u00e9ger et discret, il s\u2019int\u00e8gre parfaitement aux cr\u00e9ations textiles professionnelles.<\/p>\n<p>&nbsp;<\/p>\n<p><strong>Specifiche tecniche:<\/strong><\/p>\n<p>R\u00e9f\u00e9rence : 65508<br \/>\nMat\u00e9riau(x) : Mousse<br \/>\nColore: bianco<\/p>","protected":false},"featured_media":61252,"comment_status":"closed","ping_status":"closed","template":"","meta":[],"product_brand":[],"product_cat":[140,227],"product_tag":[229],"class_list":{"0":"post-65508","1":"product","2":"type-product","3":"status-publish","4":"has-post-thumbnail","6":"product_cat-accessoires","7":"product_cat-inserts-de-rembourrage","8":"product_tag-rembourrage","9":"product_shipping_class-1-a-2kg","11":"first","12":"instock","13":"taxable","14":"shipping-taxable","15":"purchasable","16":"product-type-simple"},"_links":{"self":[{"href":"https:\/\/staging.dyrsan.fr\/it\/wp-json\/wp\/v2\/product\/65508","targetHints":{"allow":["GET"]}}],"collection":[{"href":"https:\/\/staging.dyrsan.fr\/it\/wp-json\/wp\/v2\/product"}],"about":[{"href":"https:\/\/staging.dyrsan.fr\/it\/wp-json\/wp\/v2\/types\/product"}],"replies":[{"embeddable":true,"href":"https:\/\/staging.dyrsan.fr\/it\/wp-json\/wp\/v2\/comments?post=65508"}],"version-history":[{"count":5,"href":"https:\/\/staging.dyrsan.fr\/it\/wp-json\/wp\/v2\/product\/65508\/revisions"}],"predecessor-version":[{"id":73139,"href":"https:\/\/staging.dyrsan.fr\/it\/wp-json\/wp\/v2\/product\/65508\/revisions\/73139"}],"wp:featuredmedia":[{"embeddable":true,"href":"https:\/\/staging.dyrsan.fr\/it\/wp-json\/wp\/v2\/media\/61252"}],"wp:attachment":[{"href":"https:\/\/staging.dyrsan.fr\/it\/wp-json\/wp\/v2\/media?parent=65508"}],"wp:term":[{"taxonomy":"product_brand","embeddable":true,"href":"https:\/\/staging.dyrsan.fr\/it\/wp-json\/wp\/v2\/product_brand?post=65508"},{"taxonomy":"product_cat","embeddable":true,"href":"https:\/\/staging.dyrsan.fr\/it\/wp-json\/wp\/v2\/product_cat?post=65508"},{"taxonomy":"product_tag","embeddable":true,"href":"https:\/\/staging.dyrsan.fr\/it\/wp-json\/wp\/v2\/product_tag?post=65508"}],"curies":[{"name":"wp","href":"https:\/\/api.w.org\/{rel}","templated":true}]}}